{"id":633,"date":"2025-04-12T20:06:05","date_gmt":"2025-04-12T23:06:05","guid":{"rendered":"https:\/\/bot360.com.br\/%f0%9f%93%88-la-importancia-de-monitorear-indicadores-y-mejorar-con-datos-objetivos-el-camino-de-la-gestion-inteligente\/"},"modified":"2025-05-11T09:28:46","modified_gmt":"2025-05-11T12:28:46","slug":"%f0%9f%93%88-la-importancia-de-monitorear-indicadores-y-mejorar-con-datos-objetivos-el-camino-de-la-gestion-inteligente","status":"publish","type":"page","link":"https:\/\/bot360.com.br\/es\/%f0%9f%93%88-la-importancia-de-monitorear-indicadores-y-mejorar-con-datos-objetivos-el-camino-de-la-gestion-inteligente\/","title":{"rendered":"? La Importancia de Monitorear Indicadores y Mejorar con Datos Objetivos: El Camino de la Gesti\u00f3n Inteligente"},"content":{"rendered":"\t\t<div data-elementor-type=\"wp-page\" data-elementor-id=\"633\" class=\"elementor elementor-633\" data-elementor-post-type=\"page\">\n\t\t\t\t<div class=\"elementor-element elementor-element-36d8421 e-flex e-con-boxed e-con e-parent\" data-id=\"36d8421\" data-element_type=\"container\" data-e-type=\"container\">\n\t\t\t\t\t<div class=\"e-con-inner\">\n\t\t\t\t<div class=\"elementor-element elementor-element-e03e478 elementor-widget elementor-widget-heading\" data-id=\"e03e478\" data-element_type=\"widget\" data-e-type=\"widget\" data-widget_type=\"heading.default\">\n\t\t\t\t<div class=\"elementor-widget-container\">\n\t\t\t\t\t<h2 class=\"elementor-heading-title elementor-size-default\">\ud83d\udcc8 La importancia de monitorear indicadores y mejorar con datos objetivos: el camino hacia la gesti\u00f3n inteligente<\/h2>\t\t\t\t<\/div>\n\t\t\t\t<\/div>\n\t\t\t\t<div class=\"elementor-element elementor-element-8b9fd93 elementor-widget elementor-widget-text-editor\" data-id=\"8b9fd93\" data-element_type=\"widget\" data-e-type=\"widget\" data-widget_type=\"text-editor.default\">\n\t\t\t\t<div class=\"elementor-widget-container\">\n\t\t\t\t\t\t\t\t\t<p class=\"\" data-start=\"356\" data-end=\"691\"><span>Vivimos en la era de la informaci\u00f3n. Los datos est\u00e1n en todas partes, pero no tiene sentido tener acceso a la informaci\u00f3n si no se\u00a0<\/span><strong data-start=\"478\" data-end=\"537\"><span>supervisa, se interpreta y se aplica estrat\u00e9gicamente<\/span><\/strong><span>\u00a0. Las empresas de alto rendimiento lo saben: monitorean\u00a0<\/span><strong data-start=\"596\" data-end=\"638\"><span>los indicadores clave de rendimiento (KPI)<\/span><\/strong><span>\u00a0y utilizan\u00a0<\/span><strong data-start=\"646\" data-end=\"690\"><span>datos objetivos para guiar sus decisiones<\/span><\/strong><span>\u00a0.<\/span><\/p><p class=\"\" data-start=\"693\" data-end=\"908\"><span>En este art\u00edculo comprender\u00e1s por qu\u00e9\u00a0<\/span><strong data-start=\"733\" data-end=\"793\"><span>el monitoreo de indicadores y la toma de decisiones basadas en datos<\/span><\/strong><span>\u00a0es uno de los pilares m\u00e1s importantes para el crecimiento sostenible, la productividad y la competitividad empresarial.<\/span><\/p><hr class=\"\" data-start=\"910\" data-end=\"913\" \/><h3 class=\"\" data-start=\"915\" data-end=\"966\"><span>\ud83c\udfaf \u00bfPor qu\u00e9 monitorear indicadores de desempe\u00f1o?<\/span><\/h3><p class=\"\" data-start=\"968\" data-end=\"1127\"><strong data-start=\"968\" data-end=\"1004\"><span>Los indicadores clave de rendimiento (KPI)<\/span><\/strong><span>\u00a0son m\u00e9tricas que revelan si su empresa est\u00e1 logrando o no sus objetivos establecidos. Su seguimiento es esencial para:<\/span><\/p><ul data-start=\"1129\" data-end=\"1351\"><li class=\"\" data-start=\"1129\" data-end=\"1181\"><p class=\"\" data-start=\"1131\" data-end=\"1181\"><span>Entender qu\u00e9 funciona (y qu\u00e9 no)<\/span><\/p><\/li><li class=\"\" data-start=\"1182\" data-end=\"1231\"><p class=\"\" data-start=\"1184\" data-end=\"1231\"><span>Corregir rutas antes de que los problemas se conviertan en crisis<\/span><\/p><\/li><li class=\"\" data-start=\"1232\" data-end=\"1276\"><p class=\"\" data-start=\"1234\" data-end=\"1276\"><span>Justificar las inversiones bas\u00e1ndose en hechos<\/span><\/p><\/li><li class=\"\" data-start=\"1277\" data-end=\"1315\"><p class=\"\" data-start=\"1279\" data-end=\"1315\"><span>Medir el retorno de las acciones y campa\u00f1as<\/span><\/p><\/li><li class=\"\" data-start=\"1316\" data-end=\"1351\"><p class=\"\" data-start=\"1318\" data-end=\"1351\"><span>Guiar al equipo con objetivos claros<\/span><\/p><\/li><\/ul><p class=\"\" data-start=\"1353\" data-end=\"1431\"><span>Sin m\u00e9tricas, est\u00e1s gestionando en la oscuridad. Con datos, usted gestiona con confianza.<\/span><\/p><hr class=\"\" data-start=\"1433\" data-end=\"1436\" \/><h3 class=\"\" data-start=\"1438\" data-end=\"1488\"><span>\ud83d\udca1Ventajas de utilizar datos objetivos en la gesti\u00f3n<\/span><\/h3><h4 class=\"\" data-start=\"1490\" data-end=\"1528\"><span>1.\u00a0<\/span><strong data-start=\"1498\" data-end=\"1528\"><span>Decisiones m\u00e1s inteligentes<\/span><\/strong><\/h4><p class=\"\" data-start=\"1529\" data-end=\"1675\"><span>Los datos confiables reemplazan las conjeturas. La gesti\u00f3n basada en datos permite tomar\u00a0<\/span><strong data-start=\"1618\" data-end=\"1656\"><span>decisiones m\u00e1s precisas e informadas<\/span><\/strong><span>\u00a0, reduciendo los riesgos.<\/span><\/p><h4 class=\"\" data-start=\"1677\" data-end=\"1712\"><span>2.\u00a0<\/span><strong data-start=\"1685\" data-end=\"1712\"><span>Claridad y transparencia<\/span><\/strong><\/h4><p class=\"\" data-start=\"1713\" data-end=\"1854\"><span>Los indicadores de seguimiento hacen\u00a0<\/span><strong data-start=\"1755\" data-end=\"1786\"><span>visibles los resultados para todo el equipo<\/span><\/strong><span>\u00a0, promoviendo la alineaci\u00f3n, el enfoque y el sentido de responsabilidad colectiva.<\/span><\/p><h4 class=\"\" data-start=\"1856\" data-end=\"1895\"><span>3.\u00a0<\/span><strong data-start=\"1864\" data-end=\"1895\"><span>Identificaci\u00f3n de tendencias<\/span><\/strong><\/h4><p class=\"\" data-start=\"1896\" data-end=\"2023\"><span>Al realizar un seguimiento de los datos a lo largo del tiempo, puede detectar\u00a0<\/span><strong data-start=\"1955\" data-end=\"2022\"><span>patrones de comportamiento, estacionalidad y oportunidades ocultas<\/span><\/strong><span>\u00a0.<\/span><\/p><h4 class=\"\" data-start=\"2025\" data-end=\"2063\"><span>4.\u00a0<\/span><strong data-start=\"2033\" data-end=\"2063\"><span>Resoluci\u00f3n \u00e1gil de problemas<\/span><\/strong><\/h4><p class=\"\" data-start=\"2064\" data-end=\"2189\"><span>Los datos le alertan r\u00e1pidamente sobre cuellos de botella, desviaciones o ca\u00eddas en el rendimiento, lo que permite tomar acciones correctivas\u00a0<\/span><strong data-start=\"2171\" data-end=\"2188\"><span>en tiempo real<\/span><\/strong><span>\u00a0.<\/span><\/p><h4 class=\"\" data-start=\"2191\" data-end=\"2225\"><span>5.\u00a0<\/span><strong data-start=\"2199\" data-end=\"2225\"><span>Mejora continua<\/span><\/strong><\/h4><p class=\"\" data-start=\"2226\" data-end=\"2349\"><span>La gesti\u00f3n basada en datos alimenta un ciclo de\u00a0<\/span><strong data-start=\"2276\" data-end=\"2298\"><span>mejora constante<\/span><\/strong><span>\u00a0, donde cada acci\u00f3n es analizada, ajustada y optimizada.<\/span><\/p><hr class=\"\" data-start=\"2351\" data-end=\"2354\" \/><h3 class=\"\" data-start=\"2356\" data-end=\"2406\"><span>\ud83d\udcca Ejemplos de Indicadores Esenciales por \u00c1rea<\/span><\/h3><ul data-start=\"2408\" data-end=\"2849\"><li class=\"\" data-start=\"2408\" data-end=\"2496\"><p class=\"\" data-start=\"2410\" data-end=\"2496\"><strong data-start=\"2410\" data-end=\"2421\"><span>Ventas:<\/span><\/strong><span>\u00a0Tasa de conversi\u00f3n, ticket promedio, ciclo de ventas, CAC (Costo de Adquisici\u00f3n)<\/span><\/p><\/li><li class=\"\" data-start=\"2497\" data-end=\"2577\"><p class=\"\" data-start=\"2499\" data-end=\"2577\"><strong data-start=\"2499\" data-end=\"2513\"><span>Marketing:<\/span><\/strong><span>\u00a0ROI de campa\u00f1a, tr\u00e1fico org\u00e1nico, tasa de apertura de correo electr\u00f3nico<\/span><\/p><\/li><li class=\"\" data-start=\"2578\" data-end=\"2669\"><p class=\"\" data-start=\"2580\" data-end=\"2669\"><strong data-start=\"2580\" data-end=\"2596\"><span>Servicio al cliente:<\/span><\/strong><span>\u00a0NPS (Net Promoter Score), tiempo promedio de respuesta, satisfacci\u00f3n del cliente<\/span><\/p><\/li><li class=\"\" data-start=\"2670\" data-end=\"2759\"><p class=\"\" data-start=\"2672\" data-end=\"2759\"><strong data-start=\"2672\" data-end=\"2687\"><span>Finanzas:<\/span><\/strong><span>\u00a0Flujo de caja, margen de beneficio, impago, ratio de endeudamiento<\/span><\/p><\/li><li class=\"\" data-start=\"2760\" data-end=\"2849\"><p class=\"\" data-start=\"2762\" data-end=\"2849\"><strong data-start=\"2762\" data-end=\"2776\"><span>Operaciones:<\/span><\/strong><span>\u00a0Eficiencia de procesos, productividad por empleado, tiempo de entrega<\/span><\/p><\/li><\/ul><p class=\"\" data-start=\"2851\" data-end=\"2920\"><strong data-start=\"2851\" data-end=\"2919\"><span>Cada \u00e1rea de la empresa necesita sus propios KPIs estrat\u00e9gicos<\/span><\/strong><span>\u00a0.<\/span><\/p><hr class=\"\" data-start=\"2922\" data-end=\"2925\" \/><h3 class=\"\" data-start=\"2927\" data-end=\"2970\"><span>\ud83d\udcc9 El costo de no monitorear indicadores<\/span><\/h3><p class=\"\" data-start=\"2972\" data-end=\"3017\"><span>Descuidar la gesti\u00f3n por indicadores conduce a:<\/span><\/p><ul data-start=\"3019\" data-end=\"3208\"><li class=\"\" data-start=\"3019\" data-end=\"3056\"><p class=\"\" data-start=\"3021\" data-end=\"3056\"><span>Decisiones equivocadas por falta de datos<\/span><\/p><\/li><li class=\"\" data-start=\"3057\" data-end=\"3089\"><p class=\"\" data-start=\"3059\" data-end=\"3089\"><span>Inversiones mal dirigidas<\/span><\/p><\/li><li class=\"\" data-start=\"3090\" data-end=\"3138\"><p class=\"\" data-start=\"3092\" data-end=\"3138\"><span>P\u00e9rdida de clientes debido a fallos no identificados<\/span><\/p><\/li><li class=\"\" data-start=\"3139\" data-end=\"3173\"><p class=\"\" data-start=\"3141\" data-end=\"3173\"><span>Baja productividad y repetici\u00f3n del trabajo<\/span><\/p><\/li><li class=\"\" data-start=\"3174\" data-end=\"3208\"><p class=\"\" data-start=\"3176\" data-end=\"3208\"><span>Dificultad para escalar el negocio<\/span><\/p><\/li><\/ul><p class=\"\" data-start=\"3210\" data-end=\"3300\"><span>Las empresas que no miden\u00a0<\/span><strong data-start=\"3234\" data-end=\"3262\"><span>no saben qu\u00e9 mejorar<\/span><\/strong><span>\u00a0y son vulnerables a la competencia.<\/span><\/p><hr class=\"\" data-start=\"3302\" data-end=\"3305\" \/><h3 class=\"\" data-start=\"3307\" data-end=\"3363\"><span>\ud83d\udee0\ufe0f Herramientas para la Recopilaci\u00f3n y Monitoreo de Indicadores<\/span><\/h3><p class=\"\" data-start=\"3365\" data-end=\"3431\"><span>Hoy en d\u00eda existen plataformas que hacen mucho m\u00e1s f\u00e1cil este proceso, como por ejemplo:<\/span><\/p><ul data-start=\"3433\" data-end=\"3855\"><li class=\"\" data-start=\"3433\" data-end=\"3521\"><p class=\"\" data-start=\"3435\" data-end=\"3521\"><strong data-start=\"3435\" data-end=\"3478\"><span>CRM (Customer Relationship Management):<\/span><\/strong><span>\u00a0Indicadores de ventas, servicio y embudo<\/span><\/p><\/li><li class=\"\" data-start=\"3522\" data-end=\"3602\"><p class=\"\" data-start=\"3524\" data-end=\"3602\"><strong data-start=\"3524\" data-end=\"3563\"><span>ERP (Enterprise Resource Planning):<\/span><\/strong><span>\u00a0Indicadores financieros y operativos<\/span><\/p><\/li><li class=\"\" data-start=\"3603\" data-end=\"3685\"><p class=\"\" data-start=\"3605\" data-end=\"3685\"><strong data-start=\"3605\" data-end=\"3636\"><span>Inteligencia de negocios (BI):<\/span><\/strong><span>\u00a0Paneles interactivos e informes estrat\u00e9gicos<\/span><\/p><\/li><li class=\"\" data-start=\"3686\" data-end=\"3771\"><p class=\"\" data-start=\"3688\" data-end=\"3771\"><strong data-start=\"3688\" data-end=\"3726\"><span>Google Analytics y Search Console:<\/span><\/strong><span>\u00a0Indicadores de tr\u00e1fico y rendimiento digital<\/span><\/p><\/li><li class=\"\" data-start=\"3772\" data-end=\"3855\"><p class=\"\" data-start=\"3774\" data-end=\"3855\"><strong data-start=\"3774\" data-end=\"3831\"><span>Herramientas de proyecto (como Trello, Asana, Monday):<\/span><\/strong><span>\u00a0Productividad y entrega<\/span><\/p><\/li><\/ul><p class=\"\" data-start=\"3857\" data-end=\"3960\"><span>Un buen sistema centraliza datos y genera\u00a0<\/span><strong data-start=\"3899\" data-end=\"3927\"><span>informes en tiempo real<\/span><\/strong><span>\u00a0para apoyar acciones estrat\u00e9gicas.<\/span><\/p><hr class=\"\" data-start=\"3962\" data-end=\"3965\" \/><h3 class=\"\" data-start=\"3967\" data-end=\"4002\"><span>\ud83d\udd10 LGPD y el uso \u00e9tico de los datos<\/span><\/h3><p class=\"\" data-start=\"4004\" data-end=\"4131\"><span>Con la\u00a0<\/span><strong data-start=\"4010\" data-end=\"4051\"><span>Ley General de Protecci\u00f3n de Datos (LGPD)<\/span><\/strong><span>\u00a0, la monitorizaci\u00f3n de datos requiere rendici\u00f3n de cuentas y cumplimiento. Es esencial:<\/span><\/p><ul data-start=\"4133\" data-end=\"4274\"><li class=\"\" data-start=\"4133\" data-end=\"4166\"><p class=\"\" data-start=\"4135\" data-end=\"4166\"><span>Recopilar datos con consentimiento<\/span><\/p><\/li><li class=\"\" data-start=\"4167\" data-end=\"4219\"><p class=\"\" data-start=\"4169\" data-end=\"4219\"><span>Garantizar la seguridad y privacidad de la informaci\u00f3n<\/span><\/p><\/li><li class=\"\" data-start=\"4220\" data-end=\"4274\"><p class=\"\" data-start=\"4222\" data-end=\"4274\"><span>Utilizar los datos exclusivamente para los fines permitidos<\/span><\/p><\/li><\/ul><p class=\"\" data-start=\"4276\" data-end=\"4349\"><span>El an\u00e1lisis de datos debe ser\u00a0<\/span><strong data-start=\"4307\" data-end=\"4348\"><span>estrat\u00e9gico, pero tambi\u00e9n \u00e9tico y legal<\/span><\/strong><span>\u00a0.<\/span><\/p><hr class=\"\" data-start=\"4351\" data-end=\"4354\" \/><h3 class=\"\" data-start=\"4356\" data-end=\"4420\"><span>\ud83d\udccc Buenas pr\u00e1cticas para la implementaci\u00f3n de la gesti\u00f3n basada en indicadores<\/span><\/h3><ol data-start=\"4422\" data-end=\"4732\"><li class=\"\" data-start=\"4422\" data-end=\"4463\"><p class=\"\" data-start=\"4425\" data-end=\"4463\"><strong data-start=\"4425\" data-end=\"4448\"><span>Establecer objetivos claros<\/span><\/strong><span>\u00a0para cada \u00e1rea<\/span><\/p><\/li><li class=\"\" data-start=\"4464\" data-end=\"4515\"><p class=\"\" data-start=\"4467\" data-end=\"4515\"><strong data-start=\"4467\" data-end=\"4515\"><span>Elija indicadores mensurables y relevantes<\/span><\/strong><\/p><\/li><li class=\"\" data-start=\"4516\" data-end=\"4568\"><p class=\"\" data-start=\"4519\" data-end=\"4568\"><strong data-start=\"4519\" data-end=\"4568\"><span>Implementar rutinas de monitoreo frecuentes<\/span><\/strong><\/p><\/li><li class=\"\" data-start=\"4569\" data-end=\"4625\"><p class=\"\" data-start=\"4572\" data-end=\"4625\"><strong data-start=\"4572\" data-end=\"4625\"><span>Utilice herramientas que automaticen la recopilaci\u00f3n de datos<\/span><\/strong><\/p><\/li><li class=\"\" data-start=\"4626\" data-end=\"4679\"><p class=\"\" data-start=\"4629\" data-end=\"4679\"><strong data-start=\"4629\" data-end=\"4679\"><span>Analizar y compartir resultados con el equipo.<\/span><\/strong><\/p><\/li><li class=\"\" data-start=\"4680\" data-end=\"4732\"><p class=\"\" data-start=\"4683\" data-end=\"4732\"><strong data-start=\"4683\" data-end=\"4732\"><span>Act\u00fae r\u00e1pidamente bas\u00e1ndose en los conocimientos que obtenga<\/span><\/strong><\/p><\/li><\/ol><hr class=\"\" data-start=\"4734\" data-end=\"4737\" \/><h3 class=\"\" data-start=\"4739\" data-end=\"4755\"><span>\ud83c\udfc1 Conclusi\u00f3n<\/span><\/h3><p class=\"\" data-start=\"4757\" data-end=\"5047\"><strong data-start=\"4757\" data-end=\"4813\"><span>Monitorear indicadores y mejorar con datos objetivos<\/span><\/strong><span>\u00a0es una de las pr\u00e1cticas m\u00e1s poderosas para cualquier empresa que busque la excelencia, el crecimiento y la previsibilidad. M\u00e1s que una ventaja competitiva, esta pr\u00e1ctica se ha convertido en una\u00a0<\/span><strong data-start=\"4988\" data-end=\"5046\"><span>necesidad para sobrevivir y prosperar en el mundo actual<\/span><\/strong><span>\u00a0.<\/span><\/p><p class=\"\" data-start=\"5049\" data-end=\"5099\"><span>Las empresas que dominan sus datos dominan el mercado.<\/span><\/p>\t\t\t\t\t\t\t\t<\/div>\n\t\t\t\t<\/div>\n\t\t\t\t\t<\/div>\n\t\t\t\t<\/div>\n\t\t\t\t<section class=\"elementor-section elementor-top-section elementor-element elementor-element-af2fa2a elementor-section-boxed elementor-section-height-default elementor-section-height-default\" data-id=\"af2fa2a\" data-element_type=\"section\" data-e-type=\"section\" data-settings=\"{&quot;background_background&quot;:&quot;classic&quot;}\">\n\t\t\t\t\t\t\t<div class=\"elementor-background-overlay\"><\/div>\n\t\t\t\t\t\t\t<div class=\"elementor-container elementor-column-gap-default\">\n\t\t\t\t\t<div class=\"elementor-column elementor-col-100 elementor-top-column elementor-element elementor-element-e292941 elementor-invisible\" data-id=\"e292941\" data-element_type=\"column\" data-e-type=\"column\" data-settings=\"{&quot;animation&quot;:&quot;zoomIn&quot;}\">\n\t\t\t<div class=\"elementor-widget-wrap elementor-element-populated\">\n\t\t\t\t\t\t<div class=\"elementor-element elementor-element-038c0a9 elementor-widget elementor-widget-heading\" data-id=\"038c0a9\" data-element_type=\"widget\" data-e-type=\"widget\" data-widget_type=\"heading.default\">\n\t\t\t\t<div class=\"elementor-widget-container\">\n\t\t\t\t\t<h2 class=\"elementor-heading-title elementor-size-default\">Pruebe System360 CRM gratis: \u00a1sin riesgos y sin necesidad de tarjeta!<\/h2>\t\t\t\t<\/div>\n\t\t\t\t<\/div>\n\t\t\t\t<div class=\"elementor-element elementor-element-694a971 elementor-widget elementor-widget-text-editor\" data-id=\"694a971\" data-element_type=\"widget\" data-e-type=\"widget\" data-widget_type=\"text-editor.default\">\n\t\t\t\t<div class=\"elementor-widget-container\">\n\t\t\t\t\t\t\t\t\t<p><span>Descubre todo el potencial de nuestro CRM con una prueba 100% gratuita.<\/span><br data-start=\"218\" data-end=\"221\" \/><span>No requiere tarjeta de cr\u00e9dito, sin compromiso: t\u00f3mese su tiempo para probarlo, explorar todas las funciones y ver c\u00f3mo System360 puede transformar la gesti\u00f3n de su empresa antes de tomar cualquier decisi\u00f3n.<\/span><\/p>\t\t\t\t\t\t\t\t<\/div>\n\t\t\t\t<\/div>\n\t\t\t\t<div class=\"elementor-element elementor-element-355324b elementor-align-center elementor-widget elementor-widget-button\" data-id=\"355324b\" data-element_type=\"widget\" data-e-type=\"widget\" data-widget_type=\"button.default\">\n\t\t\t\t<div class=\"elementor-widget-container\">\n\t\t\t\t\t\t\t\t\t<div class=\"elementor-button-wrapper\">\n\t\t\t\t\t<a class=\"elementor-button elementor-button-link elementor-size-md\" href=\"https:\/\/bot360.com.br\/es\/servicos\">\n\t\t\t\t\t\t<span class=\"elementor-button-content-wrapper\">\n\t\t\t\t\t\t\t\t\t<span class=\"elementor-button-text\">testar por 14 dias<\/span>\n\t\t\t\t\t<\/span>\n\t\t\t\t\t<\/a>\n\t\t\t\t<\/div>\n\t\t\t\t\t\t\t\t<\/div>\n\t\t\t\t<\/div>\n\t\t\t\t\t<\/div>\n\t\t<\/div>\n\t\t\t\t\t<\/div>\n\t\t<\/section>\n\t\t\t\t<\/div>\n\t\t","protected":false},"excerpt":{"rendered":"<p>\ud83d\udcc8 La importancia de monitorear indicadores y mejorar con datos objetivos: el camino hacia la gesti\u00f3n inteligente Vivimos en la era de la informaci\u00f3n. Los datos est\u00e1n en todas partes, pero no tiene sentido tener acceso a la informaci\u00f3n si no se\u00a0supervisa, se interpreta y se aplica estrat\u00e9gicamente\u00a0. Las empresas de alto rendimiento lo saben: [&hellip;]<\/p>\n","protected":false},"author":1,"featured_media":0,"parent":0,"menu_order":0,"comment_status":"closed","ping_status":"closed","template":"","meta":{"footnotes":""},"class_list":["post-633","page","type-page","status-publish","hentry"],"_links":{"self":[{"href":"https:\/\/bot360.com.br\/es\/wp-json\/wp\/v2\/pages\/633","targetHints":{"allow":["GET"]}}],"collection":[{"href":"https:\/\/bot360.com.br\/es\/wp-json\/wp\/v2\/pages"}],"about":[{"href":"https:\/\/bot360.com.br\/es\/wp-json\/wp\/v2\/types\/page"}],"author":[{"embeddable":true,"href":"https:\/\/bot360.com.br\/es\/wp-json\/wp\/v2\/users\/1"}],"replies":[{"embeddable":true,"href":"https:\/\/bot360.com.br\/es\/wp-json\/wp\/v2\/comments?post=633"}],"version-history":[{"count":6,"href":"https:\/\/bot360.com.br\/es\/wp-json\/wp\/v2\/pages\/633\/revisions"}],"predecessor-version":[{"id":1037,"href":"https:\/\/bot360.com.br\/es\/wp-json\/wp\/v2\/pages\/633\/revisions\/1037"}],"wp:attachment":[{"href":"https:\/\/bot360.com.br\/es\/wp-json\/wp\/v2\/media?parent=633"}],"curies":[{"name":"wp","href":"https:\/\/api.w.org\/{rel}","templated":true}]}}