{"id":632,"date":"2025-04-12T20:06:05","date_gmt":"2025-04-12T23:06:05","guid":{"rendered":"https:\/\/bot360.com.br\/%f0%9f%93%8a-la-importancia-de-la-facturacion-automatizada-para-las-empresas-que-quieren-escalar\/"},"modified":"2025-05-11T09:27:59","modified_gmt":"2025-05-11T12:27:59","slug":"%f0%9f%93%8a-la-importancia-de-la-facturacion-automatizada-para-las-empresas-que-quieren-escalar","status":"publish","type":"page","link":"https:\/\/bot360.com.br\/es\/%f0%9f%93%8a-la-importancia-de-la-facturacion-automatizada-para-las-empresas-que-quieren-escalar\/","title":{"rendered":"? La importancia de la facturaci\u00f3n automatizada para las empresas que quieren escalar"},"content":{"rendered":"\t\t<div data-elementor-type=\"wp-page\" data-elementor-id=\"632\" class=\"elementor elementor-632\" data-elementor-post-type=\"page\">\n\t\t\t\t<div class=\"elementor-element elementor-element-36d8421 e-flex e-con-boxed e-con e-parent\" data-id=\"36d8421\" data-element_type=\"container\" data-e-type=\"container\">\n\t\t\t\t\t<div class=\"e-con-inner\">\n\t\t\t\t<div class=\"elementor-element elementor-element-e03e478 elementor-widget elementor-widget-heading\" data-id=\"e03e478\" data-element_type=\"widget\" data-e-type=\"widget\" data-widget_type=\"heading.default\">\n\t\t\t\t<div class=\"elementor-widget-container\">\n\t\t\t\t\t<h2 class=\"elementor-heading-title elementor-size-default\">\ud83d\udcca La importancia de la facturaci\u00f3n y los cobros automatizados para las empresas que buscan escalar<\/h2>\t\t\t\t<\/div>\n\t\t\t\t<\/div>\n\t\t\t\t<div class=\"elementor-element elementor-element-8b9fd93 elementor-widget elementor-widget-text-editor\" data-id=\"8b9fd93\" data-element_type=\"widget\" data-e-type=\"widget\" data-widget_type=\"text-editor.default\">\n\t\t\t\t<div class=\"elementor-widget-container\">\n\t\t\t\t\t\t\t\t\t<p class=\"\" data-start=\"384\" data-end=\"672\"><span>En un escenario de transformaci\u00f3n digital y alta competitividad, las empresas que quieran crecer de forma sostenible necesitan contar con procesos financieros organizados, \u00e1giles y confiables. Y aqu\u00ed es donde\u00a0<\/span><strong data-start=\"594\" data-end=\"635\"><span>la facturaci\u00f3n y el cobro automatizados<\/span><\/strong><span>\u00a0se convierten en diferenciadores estrat\u00e9gicos.<\/span><\/p><p class=\"\" data-start=\"674\" data-end=\"894\"><span>En este art\u00edculo, mostraremos por qu\u00e9\u00a0<\/span><strong data-start=\"710\" data-end=\"738\"><span>automatizar las finanzas<\/span><\/strong><span>\u00a0va mucho m\u00e1s all\u00e1 de emitir facturas o recibos, y c\u00f3mo esto impacta directamente en el\u00a0<\/span><strong data-start=\"824\" data-end=\"893\"><span>rendimiento, el cumplimiento legal y la escalabilidad de tu negocio<\/span><\/strong><span>\u00a0.<\/span><\/p><hr class=\"\" data-start=\"896\" data-end=\"899\" \/><h2 class=\"\" data-start=\"901\" data-end=\"951\"><span>\ud83d\udca1\u00bfQu\u00e9 es la Facturaci\u00f3n y Cobros Automatizados?<\/span><\/h2><p class=\"\" data-start=\"953\" data-end=\"1194\"><span>Automatizar la facturaci\u00f3n significa\u00a0<\/span><strong data-start=\"989\" data-end=\"1092\"><span>generar cargos, facturas, registros contables y notificaciones de pago de forma autom\u00e1tica<\/span><\/strong><span>\u00a0, en base a reglas y planes de negocio previamente configurados en un sistema (como un CRM o ERP).<\/span><\/p><p class=\"\" data-start=\"1196\" data-end=\"1427\"><strong data-start=\"1201\" data-end=\"1226\"><span>La facturaci\u00f3n automatizada<\/span><\/strong><span>\u00a0es\u00a0el proceso que se encarga de los recordatorios de pago, la integraci\u00f3n con pasarelas de pago (como Stripe, Mercado Pago, Asaas, etc.), el control de impagos y el env\u00edo de duplicados,\u00a0<\/span><strong data-start=\"1395\" data-end=\"1426\"><span>todo ello sin intervenci\u00f3n humana<\/span><\/strong><span>\u00a0.<\/span><\/p><hr class=\"\" data-start=\"1429\" data-end=\"1432\" \/><h2 class=\"\" data-start=\"1434\" data-end=\"1482\"><span>\ud83d\ude80 Beneficios directos de la automatizaci\u00f3n financiera<\/span><\/h2><h3 class=\"\" data-start=\"1484\" data-end=\"1528\"><span>1.\u00a0<\/span><strong data-start=\"1491\" data-end=\"1528\"><span>Productividad y ahorro de tiempo<\/span><\/strong><\/h3><p class=\"\" data-start=\"1529\" data-end=\"1703\"><span>Con la automatizaci\u00f3n, su equipo deja de realizar tareas repetitivas y manuales y se centra en lo que realmente importa: an\u00e1lisis estrat\u00e9gico, relaciones con los clientes e innovaci\u00f3n.<\/span><\/p><h3 class=\"\" data-start=\"1705\" data-end=\"1732\"><span>2.\u00a0<\/span><strong data-start=\"1712\" data-end=\"1732\"><span>Reducci\u00f3n de errores<\/span><\/strong><\/h3><p class=\"\" data-start=\"1733\" data-end=\"1896\"><span>Los errores humanos en releases, plazos o valores generan retrabajo y desgaste. Un sistema automatizado elimina estos riesgos, garantizando\u00a0<\/span><strong data-start=\"1868\" data-end=\"1895\"><span>la consistencia y la precisi\u00f3n<\/span><\/strong><span>\u00a0.<\/span><\/p><h3 class=\"\" data-start=\"1898\" data-end=\"1934\"><span>3.\u00a0<\/span><strong data-start=\"1905\" data-end=\"1934\"><span>Mejora del flujo de caja<\/span><\/strong><\/h3><p class=\"\" data-start=\"1935\" data-end=\"2113\"><span>Con cobros puntuales y sistematizados, su empresa reduce la morosidad y mejora\u00a0<\/span><strong data-start=\"2020\" data-end=\"2056\"><span>el control de los asientos financieros<\/span><\/strong><span>\u00a0, favoreciendo la planificaci\u00f3n y el crecimiento sostenible.<\/span><\/p><h3 class=\"\" data-start=\"2115\" data-end=\"2165\"><span>4.\u00a0<\/span><strong data-start=\"2122\" data-end=\"2165\"><span>Integraci\u00f3n con pasarelas y contabilidad<\/span><\/strong><\/h3><p class=\"\" data-start=\"2166\" data-end=\"2337\"><span>Soluciones como\u00a0<\/span><strong data-start=\"2182\" data-end=\"2199\"><span>System360 CRM<\/span><\/strong><span>\u00a0permiten la integraci\u00f3n con intermediarios de pago y herramientas contables, simplificando todo, desde la emisi\u00f3n de impuestos hasta el cierre de mes.<\/span><\/p><h3 class=\"\" data-start=\"2339\" data-end=\"2379\"><span>5.\u00a0<\/span><strong data-start=\"2346\" data-end=\"2379\"><span>Cumplimiento de la legislaci\u00f3n<\/span><\/strong><\/h3><p class=\"\" data-start=\"2380\" data-end=\"2558\"><span>La automatizaci\u00f3n tambi\u00e9n garantiza\u00a0<\/span><strong data-start=\"2407\" data-end=\"2463\"><span>el cumplimiento de la LGPD, las obligaciones fiscales y las regulaciones locales<\/span><\/strong><span>\u00a0, ya que los sistemas serios siguen las actualizaciones legales, protegiendo a su empresa contra sanciones.<\/span><\/p><hr class=\"\" data-start=\"2560\" data-end=\"2563\" \/><h2 class=\"\" data-start=\"2565\" data-end=\"2614\"><span>\ud83d\udcc9\u00bfQu\u00e9 pierde tu empresa al no automatizar?<\/span><\/h2><ul data-start=\"2616\" data-end=\"2858\"><li class=\"\" data-start=\"2616\" data-end=\"2652\"><p class=\"\" data-start=\"2618\" data-end=\"2652\"><span>Tiempo excesivo en tareas manuales<\/span><\/p><\/li><li class=\"\" data-start=\"2653\" data-end=\"2681\"><p class=\"\" data-start=\"2655\" data-end=\"2681\"><span>Alta tasa de impago<\/span><\/p><\/li><li class=\"\" data-start=\"2682\" data-end=\"2718\"><p class=\"\" data-start=\"2684\" data-end=\"2718\"><span>Procesos lentos de emisi\u00f3n de impuestos<\/span><\/p><\/li><li class=\"\" data-start=\"2719\" data-end=\"2760\"><p class=\"\" data-start=\"2721\" data-end=\"2760\"><span>Errores que comprometen la imagen de marca<\/span><\/p><\/li><li class=\"\" data-start=\"2761\" data-end=\"2808\"><p class=\"\" data-start=\"2763\" data-end=\"2808\"><span>Falta de una visi\u00f3n clara sobre la salud financiera<\/span><\/p><\/li><li class=\"\" data-start=\"2809\" data-end=\"2858\"><p class=\"\" data-start=\"2811\" data-end=\"2858\"><span>Equipos con exceso de trabajo y baja productividad<\/span><\/p><\/li><\/ul><hr class=\"\" data-start=\"2860\" data-end=\"2863\" \/><h2 class=\"\" data-start=\"2865\" data-end=\"2911\"><span>\u2699\ufe0f Automatizaci\u00f3n en CRM: un aliado de vanguardia<\/span><\/h2><p class=\"\" data-start=\"2913\" data-end=\"3108\"><span>Un CRM con m\u00f3dulo financiero \u2013como\u00a0<\/span><strong data-start=\"2951\" data-end=\"2968\"><span>System360 CRM\u2013<\/span><\/strong><span>\u00a0permite\u00a0<\/span><strong data-start=\"2979\" data-end=\"3032\"><span>automatizar todo el ciclo de ventas hasta la facturaci\u00f3n<\/span><\/strong><span>\u00a0, integrando clientes, propuestas, contratos y facturaci\u00f3n en un \u00fanico flujo.<\/span><\/p><p class=\"\" data-start=\"3110\" data-end=\"3350\"><span>T\u00fa configuras planes, valores, fechas, m\u00e9todos de pago y el sistema se encarga del resto:\u00a0<\/span><strong data-start=\"3197\" data-end=\"3271\"><span>emite facturas, env\u00eda notificaciones y conecta con la pasarela de pago<\/span><\/strong><span>\u00a0, incluso cancelando o reactivando el acceso autom\u00e1ticamente, si es necesario.<\/span><\/p><hr class=\"\" data-start=\"3352\" data-end=\"3355\" \/><h2 class=\"\" data-start=\"3357\" data-end=\"3392\"><span>\ud83d\udd10 Seguridad y control de datos<\/span><\/h2><p class=\"\" data-start=\"3394\" data-end=\"3595\"><span>La automatizaci\u00f3n en finanzas tambi\u00e9n garantiza\u00a0<\/span><strong data-start=\"3435\" data-end=\"3463\"><span>la protecci\u00f3n de la informaci\u00f3n<\/span><\/strong><span>\u00a0, con copias de seguridad, encriptaci\u00f3n y trazabilidad de cada etapa de cobro. Esto aporta m\u00e1s seguridad al negocio y a los clientes.<\/span><\/p><hr class=\"\" data-start=\"3597\" data-end=\"3600\" \/><h2 class=\"\" data-start=\"3602\" data-end=\"3657\"><span>\ud83d\udcc8 Conclusi\u00f3n: Las finanzas como motor de crecimiento<\/span><\/h2><p class=\"\" data-start=\"3659\" data-end=\"3896\"><span>Automatizar la facturaci\u00f3n y los cobros es una\u00a0<\/span><strong data-start=\"3700\" data-end=\"3757\"><span>decisi\u00f3n estrat\u00e9gica para las empresas que desean escalar<\/span><\/strong><span>\u00a0con control, cumplimiento y previsibilidad. Tambi\u00e9n es una forma de ofrecer una\u00a0<\/span><strong data-start=\"3839\" data-end=\"3895\"><span>experiencia al cliente m\u00e1s profesional y confiable<\/span><\/strong><span>\u00a0.<\/span><\/p><p class=\"\" data-start=\"3898\" data-end=\"4057\"><span>Si todav\u00eda recauda pagos manualmente o conf\u00eda en hojas de c\u00e1lculo para organizar sus finanzas, es posible que est\u00e9\u00a0<\/span><strong data-start=\"4013\" data-end=\"4056\"><span>desperdiciando tiempo y oportunidades valiosas<\/span><\/strong><span>\u00a0.<\/span><\/p><p class=\"\" data-start=\"4059\" data-end=\"4164\"><span>Invierta en automatizaci\u00f3n y transforme su departamento financiero en un\u00a0<\/span><strong data-start=\"4127\" data-end=\"4163\"><span>motor de crecimiento empresarial<\/span><\/strong><span>\u00a0.<\/span><\/p>\t\t\t\t\t\t\t\t<\/div>\n\t\t\t\t<\/div>\n\t\t\t\t\t<\/div>\n\t\t\t\t<\/div>\n\t\t\t\t<section class=\"elementor-section elementor-top-section elementor-element elementor-element-03b20a7 elementor-section-boxed elementor-section-height-default elementor-section-height-default\" data-id=\"03b20a7\" data-element_type=\"section\" data-e-type=\"section\" data-settings=\"{&quot;background_background&quot;:&quot;classic&quot;}\">\n\t\t\t\t\t\t\t<div class=\"elementor-background-overlay\"><\/div>\n\t\t\t\t\t\t\t<div class=\"elementor-container elementor-column-gap-default\">\n\t\t\t\t\t<div class=\"elementor-column elementor-col-100 elementor-top-column elementor-element elementor-element-61171ed elementor-invisible\" data-id=\"61171ed\" data-element_type=\"column\" data-e-type=\"column\" data-settings=\"{&quot;animation&quot;:&quot;zoomIn&quot;}\">\n\t\t\t<div class=\"elementor-widget-wrap elementor-element-populated\">\n\t\t\t\t\t\t<div class=\"elementor-element elementor-element-c610274 elementor-widget elementor-widget-heading\" data-id=\"c610274\" data-element_type=\"widget\" data-e-type=\"widget\" data-widget_type=\"heading.default\">\n\t\t\t\t<div class=\"elementor-widget-container\">\n\t\t\t\t\t<h2 class=\"elementor-heading-title elementor-size-default\">Pruebe System360 CRM gratis: \u00a1sin riesgos y sin necesidad de tarjeta!<\/h2>\t\t\t\t<\/div>\n\t\t\t\t<\/div>\n\t\t\t\t<div class=\"elementor-element elementor-element-5e833ff elementor-widget elementor-widget-text-editor\" data-id=\"5e833ff\" data-element_type=\"widget\" data-e-type=\"widget\" data-widget_type=\"text-editor.default\">\n\t\t\t\t<div class=\"elementor-widget-container\">\n\t\t\t\t\t\t\t\t\t<p><span>Descubre todo el potencial de nuestro CRM con una prueba 100% gratuita.<\/span><br data-start=\"218\" data-end=\"221\" \/><span>No requiere tarjeta de cr\u00e9dito, sin compromiso: t\u00f3mese su tiempo para probarlo, explorar todas las funciones y ver c\u00f3mo System360 puede transformar la gesti\u00f3n de su empresa antes de tomar cualquier decisi\u00f3n.<\/span><\/p>\t\t\t\t\t\t\t\t<\/div>\n\t\t\t\t<\/div>\n\t\t\t\t<div class=\"elementor-element elementor-element-248edd7 elementor-align-center elementor-widget elementor-widget-button\" data-id=\"248edd7\" data-element_type=\"widget\" data-e-type=\"widget\" data-widget_type=\"button.default\">\n\t\t\t\t<div class=\"elementor-widget-container\">\n\t\t\t\t\t\t\t\t\t<div class=\"elementor-button-wrapper\">\n\t\t\t\t\t<a class=\"elementor-button elementor-button-link elementor-size-md\" href=\"https:\/\/bot360.com.br\/es\/servicos\">\n\t\t\t\t\t\t<span class=\"elementor-button-content-wrapper\">\n\t\t\t\t\t\t\t\t\t<span class=\"elementor-button-text\">testar por 14 dias<\/span>\n\t\t\t\t\t<\/span>\n\t\t\t\t\t<\/a>\n\t\t\t\t<\/div>\n\t\t\t\t\t\t\t\t<\/div>\n\t\t\t\t<\/div>\n\t\t\t\t\t<\/div>\n\t\t<\/div>\n\t\t\t\t\t<\/div>\n\t\t<\/section>\n\t\t\t\t<\/div>\n\t\t","protected":false},"excerpt":{"rendered":"<p>\ud83d\udcca La importancia de la facturaci\u00f3n y los cobros automatizados para las empresas que buscan escalar En un escenario de transformaci\u00f3n digital y alta competitividad, las empresas que quieran crecer de forma sostenible necesitan contar con procesos financieros organizados, \u00e1giles y confiables. Y aqu\u00ed es donde\u00a0la facturaci\u00f3n y el cobro automatizados\u00a0se convierten en diferenciadores estrat\u00e9gicos. [&hellip;]<\/p>\n","protected":false},"author":1,"featured_media":0,"parent":0,"menu_order":0,"comment_status":"closed","ping_status":"closed","template":"","meta":{"footnotes":""},"class_list":["post-632","page","type-page","status-publish","hentry"],"_links":{"self":[{"href":"https:\/\/bot360.com.br\/es\/wp-json\/wp\/v2\/pages\/632","targetHints":{"allow":["GET"]}}],"collection":[{"href":"https:\/\/bot360.com.br\/es\/wp-json\/wp\/v2\/pages"}],"about":[{"href":"https:\/\/bot360.com.br\/es\/wp-json\/wp\/v2\/types\/page"}],"author":[{"embeddable":true,"href":"https:\/\/bot360.com.br\/es\/wp-json\/wp\/v2\/users\/1"}],"replies":[{"embeddable":true,"href":"https:\/\/bot360.com.br\/es\/wp-json\/wp\/v2\/comments?post=632"}],"version-history":[{"count":6,"href":"https:\/\/bot360.com.br\/es\/wp-json\/wp\/v2\/pages\/632\/revisions"}],"predecessor-version":[{"id":1022,"href":"https:\/\/bot360.com.br\/es\/wp-json\/wp\/v2\/pages\/632\/revisions\/1022"}],"wp:attachment":[{"href":"https:\/\/bot360.com.br\/es\/wp-json\/wp\/v2\/media?parent=632"}],"curies":[{"name":"wp","href":"https:\/\/api.w.org\/{rel}","templated":true}]}}