{"id":628,"date":"2025-04-12T20:06:02","date_gmt":"2025-04-12T23:06:02","guid":{"rendered":"https:\/\/bot360.com.br\/%f0%9f%8c%8d-la-vision-internacional-de-system360-crm-tecnologia-brasilena-con-mirada-global\/"},"modified":"2025-05-11T09:29:05","modified_gmt":"2025-05-11T12:29:05","slug":"%f0%9f%8c%8d-la-vision-internacional-de-system360-crm-tecnologia-brasilena-con-mirada-global","status":"publish","type":"page","link":"https:\/\/bot360.com.br\/es\/%f0%9f%8c%8d-la-vision-internacional-de-system360-crm-tecnologia-brasilena-con-mirada-global\/","title":{"rendered":"? La Visi\u00f3n Internacional de System360 CRM: Tecnolog\u00eda Brasile\u00f1a con Mirada Global"},"content":{"rendered":"\t\t<div data-elementor-type=\"wp-page\" data-elementor-id=\"628\" class=\"elementor elementor-628\" data-elementor-post-type=\"page\">\n\t\t\t\t<div class=\"elementor-element elementor-element-36d8421 e-flex e-con-boxed e-con e-parent\" data-id=\"36d8421\" data-element_type=\"container\" data-e-type=\"container\">\n\t\t\t\t\t<div class=\"e-con-inner\">\n\t\t\t\t<div class=\"elementor-element elementor-element-e03e478 elementor-widget elementor-widget-heading\" data-id=\"e03e478\" data-element_type=\"widget\" data-e-type=\"widget\" data-widget_type=\"heading.default\">\n\t\t\t\t<div class=\"elementor-widget-container\">\n\t\t\t\t\t<h2 class=\"elementor-heading-title elementor-size-default\">\ud83c\udf0d La visi\u00f3n internacional de System360 CRM: tecnolog\u00eda brasile\u00f1a con perspectiva global<\/h2>\t\t\t\t<\/div>\n\t\t\t\t<\/div>\n\t\t\t\t<div class=\"elementor-element elementor-element-8b9fd93 elementor-widget elementor-widget-text-editor\" data-id=\"8b9fd93\" data-element_type=\"widget\" data-e-type=\"widget\" data-widget_type=\"text-editor.default\">\n\t\t\t\t<div class=\"elementor-widget-container\">\n\t\t\t\t\t\t\t\t\t<p class=\"\" data-start=\"429\" data-end=\"815\"><span>En un mundo cada vez m\u00e1s conectado, donde las empresas cruzan fronteras con facilidad,\u00a0<\/span><strong data-start=\"518\" data-end=\"607\"><span>pensar globalmente ha pasado de ser una opci\u00f3n a una necesidad estrat\u00e9gica<\/span><\/strong><span>\u00a0. Es en este escenario que\u00a0<\/span><strong data-start=\"631\" data-end=\"648\"><span>System360 CRM<\/span><\/strong><span>\u00a0se destaca como una\u00a0<\/span><strong data-start=\"669\" data-end=\"724\"><span>soluci\u00f3n robusta, flexible y con visi\u00f3n internacional<\/span><\/strong><span>\u00a0, lista para atender a empresas de diferentes tama\u00f1os y segmentos en cualquier parte del mundo.<\/span><\/p><p class=\"\" data-start=\"817\" data-end=\"1092\"><span>Con m\u00e1s de 25 a\u00f1os de experiencia en gesti\u00f3n empresarial y tecnolog\u00eda, System360 trasciende las fronteras nacionales y se posiciona como una\u00a0<\/span><strong data-start=\"956\" data-end=\"1016\"><span>plataforma CRM dise\u00f1ada para competir a escala global<\/span><\/strong><span>\u00a0, manteniendo la esencia de una gesti\u00f3n humanizada, integrada y basada en datos.<\/span><\/p><hr class=\"\" data-start=\"1094\" data-end=\"1097\" \/><h3 class=\"\" data-start=\"1099\" data-end=\"1173\"><span>\ud83c\udf10 \u00bfPor qu\u00e9 tener una visi\u00f3n internacional es esencial para los CRM modernos?<\/span><\/h3><p class=\"\" data-start=\"1175\" data-end=\"1368\"><span>La digitalizaci\u00f3n de las empresas ha acelerado los intercambios globales. Hoy en d\u00eda,\u00a0<\/span><strong data-start=\"1238\" data-end=\"1335\"><span>las empresas venden, prestan servicios, alquilan y entregan a clientes y socios en diferentes pa\u00edses<\/span><\/strong><span>\u00a0. En este contexto, un CRM necesita:<\/span><\/p><ul data-start=\"1370\" data-end=\"1699\"><li class=\"\" data-start=\"1370\" data-end=\"1408\"><p class=\"\" data-start=\"1372\" data-end=\"1408\"><span>Admite m\u00faltiples idiomas y monedas<\/span><\/p><\/li><li class=\"\" data-start=\"1409\" data-end=\"1498\"><p class=\"\" data-start=\"1411\" data-end=\"1498\"><span>Estar en l\u00ednea con la legislaci\u00f3n internacional de protecci\u00f3n de datos (como GDPR y LGPD)<\/span><\/p><\/li><li class=\"\" data-start=\"1499\" data-end=\"1545\"><p class=\"\" data-start=\"1501\" data-end=\"1545\"><span>Sea escalable, seguro y accesible en la nube<\/span><\/p><\/li><li class=\"\" data-start=\"1546\" data-end=\"1625\"><p class=\"\" data-start=\"1548\" data-end=\"1625\"><span>Permitir integraciones con herramientas globales (Google, Stripe, PayPal, etc.)<\/span><\/p><\/li><li class=\"\" data-start=\"1626\" data-end=\"1699\"><p class=\"\" data-start=\"1628\" data-end=\"1699\"><span>Brindar soporte t\u00e9cnico \u00e1gil y adaptable a diferentes culturas y zonas horarias.<\/span><\/p><\/li><\/ul><p class=\"\" data-start=\"1701\" data-end=\"1872\"><span>System360\u00a0<\/span><strong data-start=\"1703\" data-end=\"1752\"><span>CRM incorpora todos estos elementos<\/span><\/strong><span>\u00a0, consolid\u00e1ndose como un sistema que no s\u00f3lo opera en Brasil,\u00a0<\/span><strong data-start=\"1818\" data-end=\"1871\"><span>sino que compite con grandes actores internacionales<\/span><\/strong><span>\u00a0.<\/span><\/p><hr class=\"\" data-start=\"1874\" data-end=\"1877\" \/><h3 class=\"\" data-start=\"1879\" data-end=\"1943\"><span>\ud83e\udde9 \u00bfQu\u00e9 hace que System360 CRM sea una soluci\u00f3n con enfoque global?<\/span><\/h3><h4 class=\"\" data-start=\"1945\" data-end=\"1988\"><span>1.\u00a0<\/span><strong data-start=\"1953\" data-end=\"1988\"><span>Arquitectura escalable y modular<\/span><\/strong><\/h4><p class=\"\" data-start=\"1989\" data-end=\"2171\"><span>La estructura de System360 est\u00e1 construida en m\u00f3dulos que pueden activarse seg\u00fan las necesidades de la empresa, facilitando\u00a0<\/span><strong data-start=\"2110\" data-end=\"2170\"><span>la personalizaci\u00f3n por pa\u00eds, nicho o tipo de operaci\u00f3n<\/span><\/strong><span>\u00a0.<\/span><\/p><h4 class=\"\" data-start=\"2173\" data-end=\"2221\"><span>2.\u00a0<\/span><strong data-start=\"2181\" data-end=\"2221\"><span>Multiling\u00fcismo y moneda internacional<\/span><\/strong><\/h4><p class=\"\" data-start=\"2222\" data-end=\"2405\"><span>El sistema est\u00e1 preparado para trabajar en\u00a0<\/span><strong data-start=\"2262\" data-end=\"2323\"><span>diferentes idiomas y con soporte para monedas extranjeras<\/span><\/strong><span>\u00a0, posibilitando operaciones en redes globales, franquicias y e-commerce internacional.<\/span><\/p><h4 class=\"\" data-start=\"2407\" data-end=\"2464\"><span>3.\u00a0<\/span><strong data-start=\"2415\" data-end=\"2464\"><span>Cumplimiento de la legislaci\u00f3n como LGPD y GDPR<\/span><\/strong><\/h4><p class=\"\" data-start=\"2465\" data-end=\"2635\"><span>La privacidad y seguridad de los datos son una prioridad. System360 est\u00e1 dise\u00f1ado para\u00a0<\/span><strong data-start=\"2552\" data-end=\"2634\"><span>cumplir con las principales regulaciones mundiales de protecci\u00f3n de datos<\/span><\/strong><span>\u00a0.<\/span><\/p><h4 class=\"\" data-start=\"2637\" data-end=\"2689\"><span>4.\u00a0<\/span><strong data-start=\"2645\" data-end=\"2689\"><span>Servicio remoto y soporte distribuido<\/span><\/strong><\/h4><p class=\"\" data-start=\"2690\" data-end=\"2883\"><span>Ofrece\u00a0<\/span><strong data-start=\"2698\" data-end=\"2749\"><span>soporte t\u00e9cnico remoto y servicio personalizado<\/span><\/strong><span>\u00a0con herramientas de automatizaci\u00f3n e integraci\u00f3n de canales como WhatsApp, correo electr\u00f3nico y chat, ideal para entornos distribuidos geogr\u00e1ficamente.<\/span><\/p><h4 class=\"\" data-start=\"2885\" data-end=\"2940\"><span>5.\u00a0<\/span><strong data-start=\"2893\" data-end=\"2940\"><span>Acceso a la nube, desde cualquier parte del mundo<\/span><\/strong><\/h4><p class=\"\" data-start=\"2941\" data-end=\"3080\"><span>La plataforma est\u00e1 basada en la nube, lo que garantiza\u00a0<\/span><strong data-start=\"2988\" data-end=\"3029\"><span>un acceso r\u00e1pido, seguro y en tiempo real<\/span><\/strong><span>\u00a0para los equipos y gerentes, sin importar d\u00f3nde se encuentren.<\/span><\/p><hr class=\"\" data-start=\"3082\" data-end=\"3085\" \/><h3 class=\"\" data-start=\"3087\" data-end=\"3153\"><span>\ud83d\udcc8 System360: Dise\u00f1ado para escalar negocios a nivel internacional<\/span><\/h3><p class=\"\" data-start=\"3155\" data-end=\"3411\"><span>Al unir\u00a0<\/span><strong data-start=\"3163\" data-end=\"3262\"><span>la gesti\u00f3n de ventas, servicios, propuestas, contratos, proyectos, tareas, informes y automatizaciones<\/span><\/strong><span>\u00a0en una \u00fanica soluci\u00f3n, System360 permite\u00a0<\/span><strong data-start=\"3309\" data-end=\"3374\"><span>a las empresas crecer con control, estandarizaci\u00f3n y alto rendimiento<\/span><\/strong><span>\u00a0, sin limitarse a un mercado local.<\/span><\/p><h4 class=\"\" data-start=\"3413\" data-end=\"3452\"><span>Algunas aplicaciones internacionales:<\/span><\/h4><ul data-start=\"3453\" data-end=\"3709\"><li class=\"\" data-start=\"3453\" data-end=\"3508\"><p class=\"\" data-start=\"3455\" data-end=\"3508\"><span>Startups brasile\u00f1as en proceso de expansi\u00f3n global<\/span><\/p><\/li><li class=\"\" data-start=\"3509\" data-end=\"3568\"><p class=\"\" data-start=\"3511\" data-end=\"3568\"><span>Empresas multinacionales con operaciones en Am\u00e9rica Latina<\/span><\/p><\/li><li class=\"\" data-start=\"3569\" data-end=\"3645\"><p class=\"\" data-start=\"3571\" data-end=\"3645\"><span>Agencias de marketing, consultor\u00edas y SaaS con clientes en otros pa\u00edses<\/span><\/p><\/li><li class=\"\" data-start=\"3646\" data-end=\"3709\"><p class=\"\" data-start=\"3648\" data-end=\"3709\"><span>Negocio SaaS de marca blanca con operaciones distribuidas<\/span><\/p><\/li><\/ul><hr class=\"\" data-start=\"3711\" data-end=\"3714\" \/><h3 class=\"\" data-start=\"3716\" data-end=\"3782\"><span>\ud83d\udcac Testimonios y casos de uso internacionales (ejemplo ficticio)<\/span><\/h3><blockquote data-start=\"3784\" data-end=\"4050\"><p class=\"\" data-start=\"3786\" data-end=\"4050\"><span>Nos expandimos a Portugal y Estados Unidos sin tener que cambiar de sistema. System360 nos brind\u00f3 flexibilidad ling\u00fc\u00edstica, gesti\u00f3n remota de contratos y automatizaci\u00f3n de la atenci\u00f3n al cliente con WhatsApp internacional.<\/span><br data-start=\"3992\" data-end=\"3995\" \/><span>\u2014\u00a0<\/span><em data-start=\"3999\" data-end=\"4050\"><span>Director de Operaciones, Agencia de Innovaci\u00f3n Digital<\/span><\/em><\/p><\/blockquote><hr class=\"\" data-start=\"4052\" data-end=\"4055\" \/><h3 class=\"\" data-start=\"4057\" data-end=\"4125\"><span>\ud83d\udd0dVentajas estrat\u00e9gicas de utilizar un CRM con visi\u00f3n internacional<\/span><\/h3><ul data-start=\"4127\" data-end=\"4425\"><li class=\"\" data-start=\"4127\" data-end=\"4185\"><p class=\"\" data-start=\"4129\" data-end=\"4185\"><span>\ud83c\udf0e Facilita la internacionalizaci\u00f3n de marcas y servicios<\/span><\/p><\/li><li class=\"\" data-start=\"4186\" data-end=\"4238\"><p class=\"\" data-start=\"4188\" data-end=\"4238\"><span>\ud83d\udd10 Garantiza el cumplimiento de diferentes legislaciones<\/span><\/p><\/li><li class=\"\" data-start=\"4239\" data-end=\"4306\"><p class=\"\" data-start=\"4241\" data-end=\"4306\"><span>\ud83d\udcf2 Mantiene la estandarizaci\u00f3n de procesos, incluso con equipos remotos<\/span><\/p><\/li><li class=\"\" data-start=\"4307\" data-end=\"4356\"><p class=\"\" data-start=\"4309\" data-end=\"4356\"><span>\ud83d\udcca Permite el an\u00e1lisis unificado de datos globales<\/span><\/p><\/li><li class=\"\" data-start=\"4357\" data-end=\"4425\"><p class=\"\" data-start=\"4359\" data-end=\"4425\"><span>\ud83d\udcbc Reduce costos operativos con un sistema completo e integrado<\/span><\/p><\/li><\/ul><hr class=\"\" data-start=\"4427\" data-end=\"4430\" \/><h3 class=\"\" data-start=\"4432\" data-end=\"4504\"><span>\ud83d\ude80 Conclusi\u00f3n: El mundo est\u00e1 a nuestro alcance y System360 est\u00e1 listo<\/span><\/h3><p class=\"\" data-start=\"4506\" data-end=\"4817\"><span>M\u00e1s que un CRM,\u00a0<\/span><strong data-start=\"4528\" data-end=\"4583\"><span>System360 es una plataforma de gesti\u00f3n con ADN global<\/span><\/strong><span>\u00a0. Es la opci\u00f3n ideal para empresas brasile\u00f1as que desean escalar sus operaciones m\u00e1s all\u00e1 del territorio nacional y tambi\u00e9n para negocios internacionales que buscan\u00a0<\/span><strong data-start=\"4743\" data-end=\"4816\"><span>una soluci\u00f3n robusta, personalizable y con excelente soporte t\u00e9cnico<\/span><\/strong><span>\u00a0.<\/span><\/p><p class=\"\" data-start=\"4819\" data-end=\"4897\"><span>Si su empresa piensa en grande,\u00a0<\/span><strong data-start=\"4848\" data-end=\"4897\"><span>System360 piensa a\u00fan en grande, y m\u00e1s all\u00e1.<\/span><\/strong><\/p>\t\t\t\t\t\t\t\t<\/div>\n\t\t\t\t<\/div>\n\t\t\t\t\t<\/div>\n\t\t\t\t<\/div>\n\t\t\t\t<section class=\"elementor-section elementor-top-section elementor-element elementor-element-d6c3a44 elementor-section-boxed elementor-section-height-default elementor-section-height-default\" data-id=\"d6c3a44\" data-element_type=\"section\" data-e-type=\"section\" data-settings=\"{&quot;background_background&quot;:&quot;classic&quot;}\">\n\t\t\t\t\t\t\t<div class=\"elementor-background-overlay\"><\/div>\n\t\t\t\t\t\t\t<div class=\"elementor-container elementor-column-gap-default\">\n\t\t\t\t\t<div class=\"elementor-column elementor-col-100 elementor-top-column elementor-element elementor-element-8b07e87 elementor-invisible\" data-id=\"8b07e87\" data-element_type=\"column\" data-e-type=\"column\" data-settings=\"{&quot;animation&quot;:&quot;zoomIn&quot;}\">\n\t\t\t<div class=\"elementor-widget-wrap elementor-element-populated\">\n\t\t\t\t\t\t<div class=\"elementor-element elementor-element-5fa4d20 elementor-widget elementor-widget-heading\" data-id=\"5fa4d20\" data-element_type=\"widget\" data-e-type=\"widget\" data-widget_type=\"heading.default\">\n\t\t\t\t<div class=\"elementor-widget-container\">\n\t\t\t\t\t<h2 class=\"elementor-heading-title elementor-size-default\">Pruebe System360 CRM gratis: \u00a1sin riesgos y sin necesidad de tarjeta!<\/h2>\t\t\t\t<\/div>\n\t\t\t\t<\/div>\n\t\t\t\t<div class=\"elementor-element elementor-element-4350612 elementor-widget elementor-widget-text-editor\" data-id=\"4350612\" data-element_type=\"widget\" data-e-type=\"widget\" data-widget_type=\"text-editor.default\">\n\t\t\t\t<div class=\"elementor-widget-container\">\n\t\t\t\t\t\t\t\t\t<p><span>Descubre todo el potencial de nuestro CRM con una prueba 100% gratuita.<\/span><br data-start=\"218\" data-end=\"221\" \/><span>No requiere tarjeta de cr\u00e9dito, sin compromiso: t\u00f3mese su tiempo para probarlo, explorar todas las funciones y ver c\u00f3mo System360 puede transformar la gesti\u00f3n de su empresa antes de tomar cualquier decisi\u00f3n.<\/span><\/p>\t\t\t\t\t\t\t\t<\/div>\n\t\t\t\t<\/div>\n\t\t\t\t<div class=\"elementor-element elementor-element-6bd460e elementor-align-center elementor-widget elementor-widget-button\" data-id=\"6bd460e\" data-element_type=\"widget\" data-e-type=\"widget\" data-widget_type=\"button.default\">\n\t\t\t\t<div class=\"elementor-widget-container\">\n\t\t\t\t\t\t\t\t\t<div class=\"elementor-button-wrapper\">\n\t\t\t\t\t<a class=\"elementor-button elementor-button-link elementor-size-md\" href=\"https:\/\/bot360.com.br\/es\/servicos\">\n\t\t\t\t\t\t<span class=\"elementor-button-content-wrapper\">\n\t\t\t\t\t\t\t\t\t<span class=\"elementor-button-text\">testar por 14 dias<\/span>\n\t\t\t\t\t<\/span>\n\t\t\t\t\t<\/a>\n\t\t\t\t<\/div>\n\t\t\t\t\t\t\t\t<\/div>\n\t\t\t\t<\/div>\n\t\t\t\t\t<\/div>\n\t\t<\/div>\n\t\t\t\t\t<\/div>\n\t\t<\/section>\n\t\t\t\t<\/div>\n\t\t","protected":false},"excerpt":{"rendered":"<p>\ud83c\udf0d La visi\u00f3n internacional de System360 CRM: tecnolog\u00eda brasile\u00f1a con perspectiva global En un mundo cada vez m\u00e1s conectado, donde las empresas cruzan fronteras con facilidad,\u00a0pensar globalmente ha pasado de ser una opci\u00f3n a una necesidad estrat\u00e9gica\u00a0. Es en este escenario que\u00a0System360 CRM\u00a0se destaca como una\u00a0soluci\u00f3n robusta, flexible y con visi\u00f3n internacional\u00a0, lista para atender [&hellip;]<\/p>\n","protected":false},"author":1,"featured_media":0,"parent":0,"menu_order":0,"comment_status":"closed","ping_status":"closed","template":"","meta":{"footnotes":""},"class_list":["post-628","page","type-page","status-publish","hentry"],"_links":{"self":[{"href":"https:\/\/bot360.com.br\/es\/wp-json\/wp\/v2\/pages\/628","targetHints":{"allow":["GET"]}}],"collection":[{"href":"https:\/\/bot360.com.br\/es\/wp-json\/wp\/v2\/pages"}],"about":[{"href":"https:\/\/bot360.com.br\/es\/wp-json\/wp\/v2\/types\/page"}],"author":[{"embeddable":true,"href":"https:\/\/bot360.com.br\/es\/wp-json\/wp\/v2\/users\/1"}],"replies":[{"embeddable":true,"href":"https:\/\/bot360.com.br\/es\/wp-json\/wp\/v2\/comments?post=628"}],"version-history":[{"count":6,"href":"https:\/\/bot360.com.br\/es\/wp-json\/wp\/v2\/pages\/628\/revisions"}],"predecessor-version":[{"id":1043,"href":"https:\/\/bot360.com.br\/es\/wp-json\/wp\/v2\/pages\/628\/revisions\/1043"}],"wp:attachment":[{"href":"https:\/\/bot360.com.br\/es\/wp-json\/wp\/v2\/media?parent=628"}],"curies":[{"name":"wp","href":"https:\/\/api.w.org\/{rel}","templated":true}]}}