{"id":626,"date":"2025-04-12T20:06:02","date_gmt":"2025-04-12T23:06:02","guid":{"rendered":"https:\/\/bot360.com.br\/%f0%9f%8f%97%ef%b8%8f-la-importancia-de-organizar-y-estandarizar-los-procesos-en-las-empresas-el-camino-hacia-la-eficiencia-y-el-crecimiento-escalable\/"},"modified":"2025-05-11T09:28:35","modified_gmt":"2025-05-11T12:28:35","slug":"%f0%9f%8f%97%ef%b8%8f-la-importancia-de-organizar-y-estandarizar-los-procesos-en-las-empresas-el-camino-hacia-la-eficiencia-y-el-crecimiento-escalable","status":"publish","type":"page","link":"https:\/\/bot360.com.br\/es\/%f0%9f%8f%97%ef%b8%8f-la-importancia-de-organizar-y-estandarizar-los-procesos-en-las-empresas-el-camino-hacia-la-eficiencia-y-el-crecimiento-escalable\/","title":{"rendered":"?\ufe0f La importancia de organizar y estandarizar los procesos en las empresas: el camino hacia la eficiencia y el crecimiento escalable"},"content":{"rendered":"\t\t<div data-elementor-type=\"wp-page\" data-elementor-id=\"626\" class=\"elementor elementor-626\" data-elementor-post-type=\"page\">\n\t\t\t\t<div class=\"elementor-element elementor-element-36d8421 e-flex e-con-boxed e-con e-parent\" data-id=\"36d8421\" data-element_type=\"container\" data-e-type=\"container\">\n\t\t\t\t\t<div class=\"e-con-inner\">\n\t\t\t\t<div class=\"elementor-element elementor-element-e03e478 elementor-widget elementor-widget-heading\" data-id=\"e03e478\" data-element_type=\"widget\" data-e-type=\"widget\" data-widget_type=\"heading.default\">\n\t\t\t\t<div class=\"elementor-widget-container\">\n\t\t\t\t\t<h2 class=\"elementor-heading-title elementor-size-default\">\ud83c\udfd7\ufe0f La importancia de organizar y estandarizar procesos en las empresas: el camino hacia la eficiencia y el crecimiento escalable<\/h2>\t\t\t\t<\/div>\n\t\t\t\t<\/div>\n\t\t\t\t<div class=\"elementor-element elementor-element-8b9fd93 elementor-widget elementor-widget-text-editor\" data-id=\"8b9fd93\" data-element_type=\"widget\" data-e-type=\"widget\" data-widget_type=\"text-editor.default\">\n\t\t\t\t<div class=\"elementor-widget-container\">\n\t\t\t\t\t\t\t\t\t<p class=\"\" data-start=\"409\" data-end=\"652\"><span>En un mercado cada vez m\u00e1s din\u00e1mico y competitivo,\u00a0<\/span><strong data-start=\"461\" data-end=\"651\"><span>organizar y estandarizar los procesos internos ya no es una opci\u00f3n y se ha convertido en una necesidad estrat\u00e9gica para las empresas que quieren crecer de forma estructurada, productiva y segura<\/span><\/strong><span>\u00a0.<\/span><\/p><p class=\"\" data-start=\"654\" data-end=\"985\"><span>Las empresas con procesos desorganizados enfrentan cuellos de botella, desperdicios, reelaboraciones, insatisfacci\u00f3n del cliente y dificultad para escalar. Quienes invierten en organizaci\u00f3n y estandarizaci\u00f3n son capaces\u00a0<\/span><strong data-start=\"853\" data-end=\"984\"><span>de ofrecer m\u00e1s con menos esfuerzo, mantener la calidad incluso ante una mayor demanda y promover una cultura de mejora continua<\/span><\/strong><span>\u00a0.<\/span><\/p><hr class=\"\" data-start=\"987\" data-end=\"990\" \/><h3 class=\"\" data-start=\"992\" data-end=\"1048\"><span>\ud83e\udde9 \u00bfQu\u00e9 significa organizar y estandarizar procesos?<\/span><\/h3><ul data-start=\"1050\" data-end=\"1368\"><li class=\"\" data-start=\"1050\" data-end=\"1202\"><p class=\"\" data-start=\"1052\" data-end=\"1202\"><strong data-start=\"1052\" data-end=\"1075\"><span>Organizar procesos<\/span><\/strong><span>\u00a0significa estructurar el flujo de trabajo de forma l\u00f3gica y funcional, con pasos definidos, responsabilidades claras, plazos y objetivos.<\/span><\/p><\/li><li class=\"\" data-start=\"1203\" data-end=\"1368\"><p class=\"\" data-start=\"1205\" data-end=\"1368\"><strong data-start=\"1205\" data-end=\"1229\"><span>Estandarizar procesos<\/span><\/strong><span>\u00a0significa crear reglas, rutinas y m\u00e9todos que deben ser seguidos por todos, asegurando\u00a0<\/span><strong data-start=\"1309\" data-end=\"1354\"><span>uniformidad, previsibilidad y calidad<\/span><\/strong><span>\u00a0en las entregas.<\/span><\/p><\/li><\/ul><p class=\"\" data-start=\"1370\" data-end=\"1522\"><span>Esta combinaci\u00f3n permite a las empresas\u00a0<\/span><strong data-start=\"1410\" data-end=\"1521\"><span>operar con mayor autonom\u00eda, escalar sin perder el control y reducir la dependencia de personas espec\u00edficas<\/span><\/strong><span>\u00a0.<\/span><\/p><hr class=\"\" data-start=\"1524\" data-end=\"1527\" \/><h3 class=\"\" data-start=\"1529\" data-end=\"1600\"><span>\ud83d\ude80 Principales beneficios de la estandarizaci\u00f3n y organizaci\u00f3n de procesos<\/span><\/h3><h4 class=\"\" data-start=\"1602\" data-end=\"1638\"><span>1.\u00a0<\/span><strong data-start=\"1610\" data-end=\"1638\"><span>Mayor productividad<\/span><\/strong><\/h4><p class=\"\" data-start=\"1639\" data-end=\"1811\"><span>Con procesos bien definidos, los empleados saben exactamente qu\u00e9 hacer, cu\u00e1ndo hacerlo y c\u00f3mo hacerlo. Esto\u00a0<\/span><strong data-start=\"1747\" data-end=\"1810\"><span>elimina dudas, reduce el tiempo de ejecuci\u00f3n y minimiza errores<\/span><\/strong><span>\u00a0.<\/span><\/p><h4 class=\"\" data-start=\"1813\" data-end=\"1854\"><span>2.\u00a0<\/span><strong data-start=\"1821\" data-end=\"1854\"><span>Reducci\u00f3n de retrabajos y errores<\/span><\/strong><\/h4><p class=\"\" data-start=\"1855\" data-end=\"2048\"><span>La estandarizaci\u00f3n evita que cada empleado realice la tarea \u201ca su manera\u201d, garantizando que el flujo siga\u00a0<\/span><strong data-start=\"1958\" data-end=\"1999\"><span>buenas pr\u00e1cticas ya probadas y aprobadas<\/span><\/strong><span>\u00a0, y evitando retrabajos por falta de alineaci\u00f3n.<\/span><\/p><h4 class=\"\" data-start=\"2050\" data-end=\"2083\"><span>3.\u00a0<\/span><strong data-start=\"2058\" data-end=\"2083\"><span>Mejora de la calidad<\/span><\/strong><\/h4><p class=\"\" data-start=\"2084\" data-end=\"2250\"><span>La uniformidad en los procesos garantiza que la entrega final sea consistente. Esto tiene un impacto directo en\u00a0<\/span><strong data-start=\"2187\" data-end=\"2212\"><span>la satisfacci\u00f3n del cliente<\/span><\/strong><span>\u00a0y en la reputaci\u00f3n de la empresa en el mercado.<\/span><\/p><h4 class=\"\" data-start=\"2252\" data-end=\"2311\"><span>4.\u00a0<\/span><strong data-start=\"2260\" data-end=\"2311\"><span>Facilidad de integraci\u00f3n de nuevos empleados<\/span><\/strong><\/h4><p class=\"\" data-start=\"2312\" data-end=\"2505\"><span>Cuando los procesos est\u00e1n bien documentados y estandarizados, la capacitaci\u00f3n de nuevos miembros del equipo es m\u00e1s r\u00e1pida y efectiva. Esto\u00a0<\/span><strong data-start=\"2441\" data-end=\"2504\"><span>acelera la curva de aprendizaje y reduce el tiempo de adaptaci\u00f3n<\/span><\/strong><span>\u00a0.<\/span><\/p><h4 class=\"\" data-start=\"2507\" data-end=\"2540\"><span>5.\u00a0<\/span><strong data-start=\"2515\" data-end=\"2540\"><span>Bases para la automatizaci\u00f3n<\/span><\/strong><\/h4><p class=\"\" data-start=\"2541\" data-end=\"2732\"><span>S\u00f3lo es posible automatizar un proceso si est\u00e1 organizado y estandarizado. La automatizaci\u00f3n, a su vez,\u00a0<\/span><strong data-start=\"2646\" data-end=\"2731\"><span>reduce costos, aumenta la escala y libera tiempo del personal para tareas estrat\u00e9gicas<\/span><\/strong><span>\u00a0.<\/span><\/p><h4 class=\"\" data-start=\"2734\" data-end=\"2775\"><span>6.\u00a0<\/span><strong data-start=\"2742\" data-end=\"2775\"><span>Toma de decisiones m\u00e1s r\u00e1pida<\/span><\/strong><\/h4><p class=\"\" data-start=\"2776\" data-end=\"2940\"><span>Con procesos claros, los gerentes pueden\u00a0<\/span><strong data-start=\"2820\" data-end=\"2895\"><span>acceder a indicadores confiables, identificar cuellos de botella y actuar r\u00e1pidamente<\/span><\/strong><span>\u00a0, promoviendo ajustes basados \u200b\u200ben datos reales.<\/span><\/p><hr class=\"\" data-start=\"2942\" data-end=\"2945\" \/><h3 class=\"\" data-start=\"2947\" data-end=\"2996\"><span>\ud83d\udcc9 El riesgo de la falta de organizaci\u00f3n procesal<\/span><\/h3><p class=\"\" data-start=\"2998\" data-end=\"3049\"><span>Las empresas que operan sin procesos claros se enfrentan a:<\/span><\/p><ul data-start=\"3050\" data-end=\"3308\"><li class=\"\" data-start=\"3050\" data-end=\"3083\"><p class=\"\" data-start=\"3052\" data-end=\"3083\"><span>P\u00e9rdida de tiempo y recursos<\/span><\/p><\/li><li class=\"\" data-start=\"3084\" data-end=\"3127\"><p class=\"\" data-start=\"3086\" data-end=\"3127\"><span>Equipos desmotivados por falta de direcci\u00f3n<\/span><\/p><\/li><li class=\"\" data-start=\"3128\" data-end=\"3185\"><p class=\"\" data-start=\"3130\" data-end=\"3185\"><span>Clientes insatisfechos por inconsistencia en las entregas<\/span><\/p><\/li><li class=\"\" data-start=\"3186\" data-end=\"3220\"><p class=\"\" data-start=\"3188\" data-end=\"3220\"><span>Dificultad para escalar el negocio<\/span><\/p><\/li><li class=\"\" data-start=\"3221\" data-end=\"3261\"><p class=\"\" data-start=\"3223\" data-end=\"3261\"><span>Bajo control gerencial y operativo<\/span><\/p><\/li><li class=\"\" data-start=\"3262\" data-end=\"3308\"><p class=\"\" data-start=\"3264\" data-end=\"3308\"><span>Dependencia excesiva de empleados clave<\/span><\/p><\/li><\/ul><p class=\"\" data-start=\"3310\" data-end=\"3407\"><span>En resumen:\u00a0<\/span><strong data-start=\"3319\" data-end=\"3406\"><span>la desorganizaci\u00f3n es el mayor enemigo de la escalabilidad y la longevidad de una empresa<\/span><\/strong><span>\u00a0.<\/span><\/p><hr class=\"\" data-start=\"3409\" data-end=\"3412\" \/><h3 class=\"\" data-start=\"3414\" data-end=\"3473\"><span>\ud83d\udccb C\u00f3mo empezar a organizar y estandarizar tus procesos<\/span><\/h3><ol data-start=\"3475\" data-end=\"4268\"><li class=\"\" data-start=\"3475\" data-end=\"3621\"><p class=\"\" data-start=\"3478\" data-end=\"3508\"><strong data-start=\"3478\" data-end=\"3508\"><span>Mapear los procesos actuales<\/span><\/strong><\/p><ul data-start=\"3512\" data-end=\"3621\"><li class=\"\" data-start=\"3512\" data-end=\"3562\"><p class=\"\" data-start=\"3514\" data-end=\"3562\"><span>Comprender el flujo real de actividades en cada \u00e1rea.<\/span><\/p><\/li><li class=\"\" data-start=\"3566\" data-end=\"3621\"><p class=\"\" data-start=\"3568\" data-end=\"3621\"><span>Identificar cuellos de botella, redundancias y puntos de falla.<\/span><\/p><\/li><\/ul><\/li><li class=\"\" data-start=\"3623\" data-end=\"3722\"><p class=\"\" data-start=\"3626\" data-end=\"3654\"><strong data-start=\"3626\" data-end=\"3654\"><span>Dise\u00f1ar el proceso ideal<\/span><\/strong><\/p><ul data-start=\"3658\" data-end=\"3722\"><li class=\"\" data-start=\"3658\" data-end=\"3722\"><p class=\"\" data-start=\"3660\" data-end=\"3722\"><span>Simplifique los pasos, defina responsabilidades, plazos y puntos de control.<\/span><\/p><\/li><\/ul><\/li><li class=\"\" data-start=\"3724\" data-end=\"3827\"><p class=\"\" data-start=\"3727\" data-end=\"3745\"><strong data-start=\"3727\" data-end=\"3745\"><span>Documentar todo<\/span><\/strong><\/p><ul data-start=\"3749\" data-end=\"3827\"><li class=\"\" data-start=\"3749\" data-end=\"3827\"><p class=\"\" data-start=\"3751\" data-end=\"3827\"><span>Registrar procedimientos operativos est\u00e1ndar (SOP), listas de verificaci\u00f3n y pol\u00edticas internas.<\/span><\/p><\/li><\/ul><\/li><li class=\"\" data-start=\"3829\" data-end=\"3933\"><p class=\"\" data-start=\"3832\" data-end=\"3863\"><strong data-start=\"3832\" data-end=\"3863\"><span>Comunicar y capacitar al equipo<\/span><\/strong><\/p><ul data-start=\"3867\" data-end=\"3933\"><li class=\"\" data-start=\"3867\" data-end=\"3933\"><p class=\"\" data-start=\"3869\" data-end=\"3933\"><span>Aseg\u00farese de que todos comprendan y cumplan los nuevos est\u00e1ndares.<\/span><\/p><\/li><\/ul><\/li><li class=\"\" data-start=\"3935\" data-end=\"4064\"><p class=\"\" data-start=\"3938\" data-end=\"3985\"><strong data-start=\"3938\" data-end=\"3985\"><span>Implementar indicadores clave de rendimiento (KPI)<\/span><\/strong><\/p><ul data-start=\"3989\" data-end=\"4064\"><li class=\"\" data-start=\"3989\" data-end=\"4064\"><p class=\"\" data-start=\"3991\" data-end=\"4064\"><span>Medir el impacto de la estandarizaci\u00f3n e identificar \u00e1reas de mejora continua.<\/span><\/p><\/li><\/ul><\/li><li class=\"\" data-start=\"4066\" data-end=\"4268\"><p class=\"\" data-start=\"4069\" data-end=\"4098\"><strong data-start=\"4069\" data-end=\"4098\"><span>Utilice herramientas adecuadas<\/span><\/strong><\/p><ul data-start=\"4102\" data-end=\"4268\"><li class=\"\" data-start=\"4102\" data-end=\"4268\"><p class=\"\" data-start=\"4104\" data-end=\"4268\"><span>Plataformas como\u00a0<\/span><strong data-start=\"4121\" data-end=\"4193\"><span>CRM, sistemas de gesti\u00f3n de tareas, ERP y herramientas de automatizaci\u00f3n<\/span><\/strong><span>\u00a0pueden centralizar, monitorizar y asegurar la correcta ejecuci\u00f3n de los procesos.<\/span><\/p><\/li><\/ul><\/li><\/ol><hr class=\"\" data-start=\"4270\" data-end=\"4273\" \/><h3 class=\"\" data-start=\"4275\" data-end=\"4313\"><span>\ud83d\udccc Procesos Estandarizados y la LGPD<\/span><\/h3><p class=\"\" data-start=\"4315\" data-end=\"4524\"><span>Otro punto crucial:\u00a0<\/span><strong data-start=\"4336\" data-end=\"4379\"><span>la Ley General de Protecci\u00f3n de Datos (LGPD)<\/span><\/strong><span>\u00a0exige control, trazabilidad y seguridad en el tratamiento de los datos personales. Contar con procesos organizados y documentados es fundamental para garantizar:<\/span><\/p><ul data-start=\"4525\" data-end=\"4656\"><li class=\"\" data-start=\"4525\" data-end=\"4556\"><p class=\"\" data-start=\"4527\" data-end=\"4556\"><span>La base legal de cada operaci\u00f3n<\/span><\/p><\/li><li class=\"\" data-start=\"4557\" data-end=\"4581\"><p class=\"\" data-start=\"4559\" data-end=\"4581\"><span>Gobernanza de datos<\/span><\/p><\/li><li class=\"\" data-start=\"4582\" data-end=\"4656\"><p class=\"\" data-start=\"4584\" data-end=\"4656\"><span>Respuesta r\u00e1pida a incidentes de seguridad o solicitudes de interesados<\/span><\/p><\/li><\/ul><p class=\"\" data-start=\"4658\" data-end=\"4735\"><span>En otras palabras,\u00a0<\/span><strong data-start=\"4667\" data-end=\"4734\"><span>estandarizar procesos es tambi\u00e9n una pr\u00e1ctica de cumplimiento legal<\/span><\/strong><span>\u00a0.<\/span><\/p><hr class=\"\" data-start=\"4737\" data-end=\"4740\" \/><h3 class=\"\" data-start=\"4742\" data-end=\"4758\"><span>\ud83c\udfc1 Conclusi\u00f3n<\/span><\/h3><p class=\"\" data-start=\"4760\" data-end=\"5008\"><span>La\u00a0<\/span><strong data-start=\"4762\" data-end=\"4805\"><span>organizaci\u00f3n y estandarizaci\u00f3n de procesos<\/span><\/strong><span>\u00a0no es una acci\u00f3n aislada, sino un pilar fundamental de la gesti\u00f3n moderna. Las empresas que adoptan esta mentalidad logran\u00a0<\/span><strong data-start=\"4918\" data-end=\"5007\"><span>mayor eficiencia, m\u00e1s control, m\u00e1s escalabilidad y mayor valor percibido en el mercado<\/span><\/strong><span>\u00a0.<\/span><\/p><p class=\"\" data-start=\"5010\" data-end=\"5164\"><span>Organizar procesos es como\u00a0<\/span><strong data-start=\"5037\" data-end=\"5084\"><span>organizar los engranajes de un gran motor<\/span><\/strong><span>\u00a0: cuando todos est\u00e1n alineados, la empresa avanza con potencia y sin sobrecargas.<\/span><\/p>\t\t\t\t\t\t\t\t<\/div>\n\t\t\t\t<\/div>\n\t\t\t\t\t<\/div>\n\t\t\t\t<\/div>\n\t\t\t\t<section class=\"elementor-section elementor-top-section elementor-element elementor-element-9333bbc elementor-section-boxed elementor-section-height-default elementor-section-height-default\" data-id=\"9333bbc\" data-element_type=\"section\" data-e-type=\"section\" data-settings=\"{&quot;background_background&quot;:&quot;classic&quot;}\">\n\t\t\t\t\t\t\t<div class=\"elementor-background-overlay\"><\/div>\n\t\t\t\t\t\t\t<div class=\"elementor-container elementor-column-gap-default\">\n\t\t\t\t\t<div class=\"elementor-column elementor-col-100 elementor-top-column elementor-element elementor-element-d77dabb elementor-invisible\" data-id=\"d77dabb\" data-element_type=\"column\" data-e-type=\"column\" data-settings=\"{&quot;animation&quot;:&quot;zoomIn&quot;}\">\n\t\t\t<div class=\"elementor-widget-wrap elementor-element-populated\">\n\t\t\t\t\t\t<div class=\"elementor-element elementor-element-98fd1bb elementor-widget elementor-widget-heading\" data-id=\"98fd1bb\" data-element_type=\"widget\" data-e-type=\"widget\" data-widget_type=\"heading.default\">\n\t\t\t\t<div class=\"elementor-widget-container\">\n\t\t\t\t\t<h2 class=\"elementor-heading-title elementor-size-default\">Pruebe System360 CRM gratis: \u00a1sin riesgos y sin necesidad de tarjeta!<\/h2>\t\t\t\t<\/div>\n\t\t\t\t<\/div>\n\t\t\t\t<div class=\"elementor-element elementor-element-8600d59 elementor-widget elementor-widget-text-editor\" data-id=\"8600d59\" data-element_type=\"widget\" data-e-type=\"widget\" data-widget_type=\"text-editor.default\">\n\t\t\t\t<div class=\"elementor-widget-container\">\n\t\t\t\t\t\t\t\t\t<p><span>Descubre todo el potencial de nuestro CRM con una prueba 100% gratuita.<\/span><br data-start=\"218\" data-end=\"221\" \/><span>No requiere tarjeta de cr\u00e9dito, sin compromiso: t\u00f3mese su tiempo para probarlo, explorar todas las funciones y ver c\u00f3mo System360 puede transformar la gesti\u00f3n de su empresa antes de tomar cualquier decisi\u00f3n.<\/span><\/p>\t\t\t\t\t\t\t\t<\/div>\n\t\t\t\t<\/div>\n\t\t\t\t<div class=\"elementor-element elementor-element-8d39ad2 elementor-align-center elementor-widget elementor-widget-button\" data-id=\"8d39ad2\" data-element_type=\"widget\" data-e-type=\"widget\" data-widget_type=\"button.default\">\n\t\t\t\t<div class=\"elementor-widget-container\">\n\t\t\t\t\t\t\t\t\t<div class=\"elementor-button-wrapper\">\n\t\t\t\t\t<a class=\"elementor-button elementor-button-link elementor-size-md\" href=\"https:\/\/bot360.com.br\/es\/servicos\">\n\t\t\t\t\t\t<span class=\"elementor-button-content-wrapper\">\n\t\t\t\t\t\t\t\t\t<span class=\"elementor-button-text\">testar por 14 dias<\/span>\n\t\t\t\t\t<\/span>\n\t\t\t\t\t<\/a>\n\t\t\t\t<\/div>\n\t\t\t\t\t\t\t\t<\/div>\n\t\t\t\t<\/div>\n\t\t\t\t\t<\/div>\n\t\t<\/div>\n\t\t\t\t\t<\/div>\n\t\t<\/section>\n\t\t\t\t<\/div>\n\t\t","protected":false},"excerpt":{"rendered":"<p>\ud83c\udfd7\ufe0f La importancia de organizar y estandarizar procesos en las empresas: el camino hacia la eficiencia y el crecimiento escalable En un mercado cada vez m\u00e1s din\u00e1mico y competitivo,\u00a0organizar y estandarizar los procesos internos ya no es una opci\u00f3n y se ha convertido en una necesidad estrat\u00e9gica para las empresas que quieren crecer de forma [&hellip;]<\/p>\n","protected":false},"author":1,"featured_media":0,"parent":0,"menu_order":0,"comment_status":"closed","ping_status":"closed","template":"","meta":{"footnotes":""},"class_list":["post-626","page","type-page","status-publish","hentry"],"_links":{"self":[{"href":"https:\/\/bot360.com.br\/es\/wp-json\/wp\/v2\/pages\/626","targetHints":{"allow":["GET"]}}],"collection":[{"href":"https:\/\/bot360.com.br\/es\/wp-json\/wp\/v2\/pages"}],"about":[{"href":"https:\/\/bot360.com.br\/es\/wp-json\/wp\/v2\/types\/page"}],"author":[{"embeddable":true,"href":"https:\/\/bot360.com.br\/es\/wp-json\/wp\/v2\/users\/1"}],"replies":[{"embeddable":true,"href":"https:\/\/bot360.com.br\/es\/wp-json\/wp\/v2\/comments?post=626"}],"version-history":[{"count":6,"href":"https:\/\/bot360.com.br\/es\/wp-json\/wp\/v2\/pages\/626\/revisions"}],"predecessor-version":[{"id":1034,"href":"https:\/\/bot360.com.br\/es\/wp-json\/wp\/v2\/pages\/626\/revisions\/1034"}],"wp:attachment":[{"href":"https:\/\/bot360.com.br\/es\/wp-json\/wp\/v2\/media?parent=626"}],"curies":[{"name":"wp","href":"https:\/\/api.w.org\/{rel}","templated":true}]}}