{"id":620,"date":"2025-04-12T20:05:59","date_gmt":"2025-04-12T23:05:59","guid":{"rendered":"https:\/\/bot360.com.br\/%f0%9f%a4%96%e2%9d%a4%ef%b8%8f-escalado-con-servicio-y-tecnologia-humanizados-el-futuro-de-la-experiencia-del-cliente\/"},"modified":"2025-05-11T09:28:57","modified_gmt":"2025-05-11T12:28:57","slug":"%f0%9f%a4%96%e2%9d%a4%ef%b8%8f-escalado-con-servicio-y-tecnologia-humanizados-el-futuro-de-la-experiencia-del-cliente","status":"publish","type":"page","link":"https:\/\/bot360.com.br\/es\/%f0%9f%a4%96%e2%9d%a4%ef%b8%8f-escalado-con-servicio-y-tecnologia-humanizados-el-futuro-de-la-experiencia-del-cliente\/","title":{"rendered":"?\u2764\ufe0f Escalado con servicio y tecnolog\u00eda humanizados: el futuro de la experiencia del cliente"},"content":{"rendered":"\t\t<div data-elementor-type=\"wp-page\" data-elementor-id=\"620\" class=\"elementor elementor-620\" data-elementor-post-type=\"page\">\n\t\t\t\t<div class=\"elementor-element elementor-element-36d8421 e-flex e-con-boxed e-con e-parent\" data-id=\"36d8421\" data-element_type=\"container\" data-e-type=\"container\">\n\t\t\t\t\t<div class=\"e-con-inner\">\n\t\t\t\t<div class=\"elementor-element elementor-element-e03e478 elementor-widget elementor-widget-heading\" data-id=\"e03e478\" data-element_type=\"widget\" data-e-type=\"widget\" data-widget_type=\"heading.default\">\n\t\t\t\t<div class=\"elementor-widget-container\">\n\t\t\t\t\t<h2 class=\"elementor-heading-title elementor-size-default\">\ud83e\udd16\u2764\ufe0f Escalando con servicio humanizado y tecnolog\u00eda: el futuro de la experiencia del cliente<\/h2>\t\t\t\t<\/div>\n\t\t\t\t<\/div>\n\t\t\t\t<div class=\"elementor-element elementor-element-8b9fd93 elementor-widget elementor-widget-text-editor\" data-id=\"8b9fd93\" data-element_type=\"widget\" data-e-type=\"widget\" data-widget_type=\"text-editor.default\">\n\t\t\t\t<div class=\"elementor-widget-container\">\n\t\t\t\t\t\t\t\t\t<p class=\"\" data-start=\"332\" data-end=\"668\"><span><span class=\"\">Escalar un negocio es el sue\u00f1o de todo emprendedor. Pero crecer sin perder la esencia, la calidad y la cercan\u00eda al cliente es el\u00a0<\/span><\/span><strong data-start=\"464\" data-end=\"482\"><span><span class=\"\">gran reto<\/span><\/span><\/strong><span><span class=\"\">\u00a0de las empresas modernas. En un escenario altamente digital, donde la automatizaci\u00f3n es esencial, la ventaja competitiva est\u00e1 en saber\u00a0<\/span><\/span><strong data-start=\"613\" data-end=\"667\"><span><span class=\"\">equilibrar tecnolog\u00eda y humanizaci\u00f3n en la atenci\u00f3n al cliente<\/span><\/span><\/strong><span><span class=\"\">\u00a0.<\/span><\/span><\/p><p class=\"\" data-start=\"670\" data-end=\"891\"><span>En este art\u00edculo, comprender\u00e1 c\u00f3mo es posible crecer de manera constante y eficiente,\u00a0<\/span><strong data-start=\"757\" data-end=\"790\"><span>sin renunciar al toque humano<\/span><\/strong><span>\u00a0, y por qu\u00e9 este modelo h\u00edbrido es la forma m\u00e1s inteligente y sostenible de escalar con \u00e9xito.<\/span><\/p><hr class=\"\" data-start=\"893\" data-end=\"896\" \/><h3 class=\"\" data-start=\"898\" data-end=\"949\"><span>\ud83d\udcc8 El desaf\u00edo de la escala: crecer sin deshumanizar<\/span><\/h3><p class=\"\" data-start=\"951\" data-end=\"1190\"><span>A medida que una empresa crece, el volumen de servicios, solicitudes, problemas e interacciones aumenta proporcionalmente. Para satisfacer la demanda, muchos recurren a la automatizaci\u00f3n extrema y pierden la\u00a0<\/span><strong data-start=\"1150\" data-end=\"1171\"><span>conexi\u00f3n emocional<\/span><\/strong><span>\u00a0con sus clientes.<\/span><\/p><p class=\"\" data-start=\"1192\" data-end=\"1336\"><span>Por otro lado, un servicio 100% humano, sin soporte tecnol\u00f3gico,\u00a0<\/span><strong data-start=\"1259\" data-end=\"1278\"><span>no es escalable<\/span><\/strong><span>\u00a0: genera cuellos de botella, altos costos y sobrecarga en los equipos.<\/span><\/p><p class=\"\" data-start=\"1338\" data-end=\"1464\"><span>La soluci\u00f3n est\u00e1 a medio camino:\u00a0<\/span><strong data-start=\"1373\" data-end=\"1463\"><span>tecnolog\u00eda para optimizar y escalar, y servicio humanizado para fidelizar y deleitar<\/span><\/strong><span>\u00a0.<\/span><\/p><hr class=\"\" data-start=\"1466\" data-end=\"1469\" \/><h3 class=\"\" data-start=\"1471\" data-end=\"1509\"><span>\ud83d\udd0d\u00bfQu\u00e9 es la Atenci\u00f3n Humanizada?<\/span><\/h3><p class=\"\" data-start=\"1511\" data-end=\"1547\"><span>La atenci\u00f3n humanizada es aquella que:<\/span><\/p><ul data-start=\"1548\" data-end=\"1718\"><li class=\"\" data-start=\"1548\" data-end=\"1570\"><p class=\"\" data-start=\"1550\" data-end=\"1570\"><strong data-start=\"1550\" data-end=\"1570\"><span>Escucha atentamente<\/span><\/strong><\/p><\/li><li class=\"\" data-start=\"1571\" data-end=\"1603\"><p class=\"\" data-start=\"1573\" data-end=\"1603\"><strong data-start=\"1573\" data-end=\"1603\"><span>Respeta la individualidad<\/span><\/strong><\/p><\/li><li class=\"\" data-start=\"1604\" data-end=\"1638\"><p class=\"\" data-start=\"1606\" data-end=\"1638\"><strong data-start=\"1606\" data-end=\"1638\"><span>Muestra empat\u00eda y aceptaci\u00f3n.<\/span><\/strong><\/p><\/li><li class=\"\" data-start=\"1639\" data-end=\"1676\"><p class=\"\" data-start=\"1641\" data-end=\"1676\"><strong data-start=\"1641\" data-end=\"1676\"><span>Ofrece soluciones personalizadas<\/span><\/strong><\/p><\/li><li class=\"\" data-start=\"1677\" data-end=\"1718\"><p class=\"\" data-start=\"1679\" data-end=\"1718\"><strong data-start=\"1679\" data-end=\"1718\"><span>Crea una conexi\u00f3n real con el cliente.<\/span><\/strong><\/p><\/li><\/ul><p class=\"\" data-start=\"1720\" data-end=\"1808\"><span>Es el tipo de servicio que\u00a0<\/span><strong data-start=\"1748\" data-end=\"1807\"><span>trata a las personas como personas, no como n\u00fameros o tickets<\/span><\/strong><span>\u00a0.<\/span><\/p><hr class=\"\" data-start=\"1810\" data-end=\"1813\" \/><h3 class=\"\" data-start=\"1815\" data-end=\"1894\"><span>\ud83e\udd1d \u00bfPor qu\u00e9 el servicio humanizado es esencial para escalar con calidad?<\/span><\/h3><h4 class=\"\" data-start=\"1896\" data-end=\"1933\"><span>1.\u00a0<\/span><strong data-start=\"1904\" data-end=\"1933\"><span>Genera confianza y lealtad<\/span><\/strong><\/h4><p class=\"\" data-start=\"1934\" data-end=\"2093\"><span>Los clientes no son leales s\u00f3lo por el precio o la velocidad. Recuerdan\u00a0<\/span><strong data-start=\"1996\" data-end=\"2030\"><span>c\u00f3mo fueron tratados<\/span><\/strong><span>\u00a0. La humanizaci\u00f3n transforma a los consumidores en defensores de la marca.<\/span><\/p><h4 class=\"\" data-start=\"2095\" data-end=\"2139\"><span>2.\u00a0<\/span><strong data-start=\"2103\" data-end=\"2139\"><span>Reduce la rotaci\u00f3n de clientes<\/span><\/strong><\/h4><p class=\"\" data-start=\"2140\" data-end=\"2274\"><span>Un servicio emp\u00e1tico y receptivo\u00a0<\/span><strong data-start=\"2177\" data-end=\"2223\"><span>reduce las cancelaciones, las quejas y la p\u00e9rdida de clientes<\/span><\/strong><span>\u00a0, manteniendo su base s\u00f3lida incluso con el crecimiento.<\/span><\/p><h4 class=\"\" data-start=\"2276\" data-end=\"2309\"><span>3.\u00a0<\/span><strong data-start=\"2284\" data-end=\"2309\"><span>Fortalece la reputaci\u00f3n<\/span><\/strong><\/h4><p class=\"\" data-start=\"2310\" data-end=\"2452\"><span>Los clientes satisfechos comparten buenas experiencias. Esto\u00a0<\/span><strong data-start=\"2368\" data-end=\"2410\"><span>atrae nuevos clientes de forma org\u00e1nica<\/span><\/strong><span>\u00a0y mejora la imagen de la empresa en el mercado.<\/span><\/p><hr class=\"\" data-start=\"2454\" data-end=\"2457\" \/><h3 class=\"\" data-start=\"2459\" data-end=\"2522\"><span>\ud83e\udd16 \u00bfC\u00f3mo te ayuda la tecnolog\u00eda a escalar de manera eficiente?<\/span><\/h3><h4 class=\"\" data-start=\"2524\" data-end=\"2556\"><span>\u2705 Automatizaci\u00f3n inteligente<\/span><\/h4><ul data-start=\"2557\" data-end=\"2715\"><li class=\"\" data-start=\"2557\" data-end=\"2611\"><p class=\"\" data-start=\"2559\" data-end=\"2611\"><strong data-start=\"2559\" data-end=\"2611\"><span>Chatbots para servicios simples y repetitivos<\/span><\/strong><\/p><\/li><li class=\"\" data-start=\"2612\" data-end=\"2662\"><p class=\"\" data-start=\"2614\" data-end=\"2662\"><strong data-start=\"2614\" data-end=\"2662\"><span>Respuestas autom\u00e1ticas y triaje de llamadas<\/span><\/strong><\/p><\/li><li class=\"\" data-start=\"2663\" data-end=\"2715\"><p class=\"\" data-start=\"2665\" data-end=\"2715\"><strong data-start=\"2665\" data-end=\"2715\"><span>Secuencias de correo electr\u00f3nico y notificaciones personalizadas<\/span><\/strong><\/p><\/li><\/ul><h4 class=\"\" data-start=\"2717\" data-end=\"2746\"><span>\u2705 Centralizaci\u00f3n de datos<\/span><\/h4><p class=\"\" data-start=\"2747\" data-end=\"2879\"><span>Sistemas como\u00a0<\/span><strong data-start=\"2761\" data-end=\"2782\"><span>CRMs y Help Desks<\/span><\/strong><span>\u00a0almacenan el historial completo del cliente, permitiendo una\u00a0<\/span><strong data-start=\"2840\" data-end=\"2878\"><span>atenci\u00f3n contextualizada y \u00e1gil<\/span><\/strong><span>\u00a0.<\/span><\/p><h4 class=\"\" data-start=\"2881\" data-end=\"2909\"><span>\u2705 M\u00e9tricas e informes<\/span><\/h4><p class=\"\" data-start=\"2910\" data-end=\"3092\"><span>La tecnolog\u00eda permite monitorear indicadores de satisfacci\u00f3n (como NPS), tiempo de respuesta, resoluci\u00f3n de llamadas y mucho m\u00e1s: datos cruciales para escalar\u00a0<\/span><strong data-start=\"3063\" data-end=\"3091\"><span>con control y calidad<\/span><\/strong><span>\u00a0.<\/span><\/p><hr class=\"\" data-start=\"3094\" data-end=\"3097\" \/><h3 class=\"\" data-start=\"3099\" data-end=\"3154\"><span>\ud83e\udde0 La combinaci\u00f3n perfecta: Tecnolog\u00eda + Calidez humana<\/span><\/h3><p class=\"\" data-start=\"3156\" data-end=\"3247\"><span>La verdadera excelencia en el servicio reside en la\u00a0<\/span><strong data-start=\"3203\" data-end=\"3224\"><span>complementariedad<\/span><\/strong><span>\u00a0entre el hombre y la m\u00e1quina:<\/span><\/p><ul data-start=\"3249\" data-end=\"3443\"><li class=\"\" data-start=\"3249\" data-end=\"3345\"><p class=\"\" data-start=\"3251\" data-end=\"3345\"><span>Deje que\u00a0<\/span><strong data-start=\"3259\" data-end=\"3295\"><span>la tecnolog\u00eda se encargue de los aspectos operativos<\/span><\/strong><span>\u00a0: colas, respuestas est\u00e1ndar, integraci\u00f3n de sistemas.<\/span><\/p><\/li><li class=\"\" data-start=\"3346\" data-end=\"3443\"><p class=\"\" data-start=\"3348\" data-end=\"3443\"><span>Y dejar que el\u00a0<\/span><strong data-start=\"3358\" data-end=\"3442\"><span>humano act\u00fae cuando el cliente necesita escucha, empat\u00eda o una soluci\u00f3n personalizada<\/span><\/strong><span>\u00a0.<\/span><\/p><\/li><\/ul><p class=\"\" data-start=\"3445\" data-end=\"3542\"><span>De esta manera, su empresa atiende a m\u00e1s personas, en menos tiempo, con\u00a0<\/span><strong data-start=\"3505\" data-end=\"3541\"><span>m\u00e1s profundidad y con menos fricci\u00f3n<\/span><\/strong><span>\u00a0.<\/span><\/p><hr class=\"\" data-start=\"3544\" data-end=\"3547\" \/><h3 class=\"\" data-start=\"3549\" data-end=\"3614\"><span>\ud83d\udccc Historias de \u00e9xito: \u00bfQu\u00e9 est\u00e1n haciendo las grandes empresas?<\/span><\/h3><p class=\"\" data-start=\"3616\" data-end=\"3702\"><span>Empresas como Nubank, iFood y Netflix son referentes en escalar con calidad porque:<\/span><\/p><ul data-start=\"3704\" data-end=\"3935\"><li class=\"\" data-start=\"3704\" data-end=\"3736\"><p class=\"\" data-start=\"3706\" data-end=\"3736\"><span>Automatiza lo repetitivo<\/span><\/p><\/li><li class=\"\" data-start=\"3737\" data-end=\"3784\"><p class=\"\" data-start=\"3739\" data-end=\"3784\"><span>Ofrecer canales de autoservicio eficientes<\/span><\/p><\/li><li class=\"\" data-start=\"3785\" data-end=\"3863\"><p class=\"\" data-start=\"3787\" data-end=\"3863\"><span>Pero\u00a0<\/span><strong data-start=\"3791\" data-end=\"3863\"><span>proporcionan un servicio humano de alta calidad cuando es necesario.<\/span><\/strong><\/p><\/li><li class=\"\" data-start=\"3864\" data-end=\"3935\"><p class=\"\" data-start=\"3866\" data-end=\"3935\"><span>Invierta en\u00a0<\/span><strong data-start=\"3878\" data-end=\"3935\"><span>formaci\u00f3n emocional y emp\u00e1tica para sus agentes<\/span><\/strong><\/p><\/li><\/ul><p class=\"\" data-start=\"3937\" data-end=\"4032\"><span>La lecci\u00f3n es clara:\u00a0<\/span><strong data-start=\"3954\" data-end=\"3985\"><span>crecer con alma es posible<\/span><\/strong><span>\u00a0y el cliente moderno lo valora mucho.<\/span><\/p><hr class=\"\" data-start=\"4034\" data-end=\"4037\" \/><h3 class=\"\" data-start=\"4039\" data-end=\"4093\"><span>\u2705 Beneficios directos de la humanizaci\u00f3n con tecnolog\u00eda<\/span><\/h3><ul data-start=\"4095\" data-end=\"4324\"><li class=\"\" data-start=\"4095\" data-end=\"4130\"><p class=\"\" data-start=\"4097\" data-end=\"4130\"><span>\u23f1\ufe0f\u00a0<\/span><strong data-start=\"4100\" data-end=\"4130\"><span>Reducci\u00f3n del tiempo de espera<\/span><\/strong><\/p><\/li><li class=\"\" data-start=\"4131\" data-end=\"4171\"><p class=\"\" data-start=\"4133\" data-end=\"4171\"><span>\ud83d\ude0a\u00a0<\/span><strong data-start=\"4136\" data-end=\"4171\"><span>Mayor tasa de satisfacci\u00f3n<\/span><\/strong><\/p><\/li><li class=\"\" data-start=\"4172\" data-end=\"4219\"><p class=\"\" data-start=\"4174\" data-end=\"4219\"><span>\ud83d\udcac\u00a0<\/span><strong data-start=\"4177\" data-end=\"4219\"><span>M\u00e1s comentarios positivos y compromiso<\/span><\/strong><\/p><\/li><li class=\"\" data-start=\"4220\" data-end=\"4270\"><p class=\"\" data-start=\"4222\" data-end=\"4270\"><span>\ud83d\udca1\u00a0<\/span><strong data-start=\"4225\" data-end=\"4270\"><span>Mejora continua basada en datos reales<\/span><\/strong><\/p><\/li><li class=\"\" data-start=\"4271\" data-end=\"4324\"><p class=\"\" data-start=\"4273\" data-end=\"4324\"><span>\ud83d\udcca\u00a0<\/span><strong data-start=\"4276\" data-end=\"4324\"><span>Escalabilidad con control y personalizaci\u00f3n<\/span><\/strong><\/p><\/li><\/ul><hr class=\"\" data-start=\"4326\" data-end=\"4329\" \/><h3 class=\"\" data-start=\"4331\" data-end=\"4370\"><span>\ud83d\ude80 C\u00f3mo aplicar esto a tu empresa<\/span><\/h3><ol data-start=\"4372\" data-end=\"4717\"><li class=\"\" data-start=\"4372\" data-end=\"4422\"><p class=\"\" data-start=\"4375\" data-end=\"4422\"><strong data-start=\"4375\" data-end=\"4422\"><span>Implementar herramientas de atenci\u00f3n al cliente y CRM<\/span><\/strong><\/p><\/li><li class=\"\" data-start=\"4423\" data-end=\"4471\"><p class=\"\" data-start=\"4426\" data-end=\"4471\"><strong data-start=\"4426\" data-end=\"4471\"><span>Mapear los puntos de contacto del cliente<\/span><\/strong><\/p><\/li><li class=\"\" data-start=\"4472\" data-end=\"4542\"><p class=\"\" data-start=\"4475\" data-end=\"4542\"><strong data-start=\"4475\" data-end=\"4542\"><span>Definir qu\u00e9 se puede automatizar y qu\u00e9 requiere contacto humano<\/span><\/strong><\/p><\/li><li class=\"\" data-start=\"4543\" data-end=\"4597\"><p class=\"\" data-start=\"4546\" data-end=\"4597\"><strong data-start=\"4546\" data-end=\"4597\"><span>Capacita a tu equipo para escuchar activamente y empatizar<\/span><\/strong><\/p><\/li><li class=\"\" data-start=\"4598\" data-end=\"4667\"><p class=\"\" data-start=\"4601\" data-end=\"4667\"><strong data-start=\"4601\" data-end=\"4667\"><span>Realice un seguimiento de m\u00e9tricas como NPS, CSAT y tiempo de respuesta promedio<\/span><\/strong><\/p><\/li><li class=\"\" data-start=\"4668\" data-end=\"4717\"><p class=\"\" data-start=\"4671\" data-end=\"4717\"><strong data-start=\"4671\" data-end=\"4717\"><span>Revisar y optimizar constantemente el proceso<\/span><\/strong><\/p><\/li><\/ol><hr class=\"\" data-start=\"4719\" data-end=\"4722\" \/><h3 class=\"\" data-start=\"4724\" data-end=\"4740\"><span>\ud83c\udfc1 Conclusi\u00f3n<\/span><\/h3><p class=\"\" data-start=\"4742\" data-end=\"5013\"><strong data-start=\"4742\" data-end=\"4830\"><span>Escalar con tecnolog\u00eda y servicio humanizado no solo es posible: es esencial.<\/span><\/strong><span>\u00a0La eficiencia de la automatizaci\u00f3n debe ir de la mano con la calidez humana. El futuro de los negocios est\u00e1 en las empresas que entienden que\u00a0<\/span><strong data-start=\"4960\" data-end=\"4983\"><span>los datos y los sentimientos<\/span><\/strong><span>\u00a0pueden (y deben) ir de la mano.<\/span><\/p><p class=\"\" data-start=\"5015\" data-end=\"5173\"><span>Aquellos que invierten en\u00a0<\/span><strong data-start=\"5031\" data-end=\"5096\"><span>la experiencia del cliente con empat\u00eda e inteligencia tecnol\u00f3gica<\/span><\/strong><span>\u00a0no s\u00f3lo crecen:\u00a0<\/span><strong data-start=\"5118\" data-end=\"5173\"><span>se ganan el coraz\u00f3n y la confianza de sus clientes.<\/span><\/strong><\/p>\t\t\t\t\t\t\t\t<\/div>\n\t\t\t\t<\/div>\n\t\t\t\t\t<\/div>\n\t\t\t\t<\/div>\n\t\t\t\t<section class=\"elementor-section elementor-top-section elementor-element elementor-element-c1ce30c elementor-section-boxed elementor-section-height-default elementor-section-height-default\" data-id=\"c1ce30c\" data-element_type=\"section\" data-e-type=\"section\" data-settings=\"{&quot;background_background&quot;:&quot;classic&quot;}\">\n\t\t\t\t\t\t\t<div class=\"elementor-background-overlay\"><\/div>\n\t\t\t\t\t\t\t<div class=\"elementor-container elementor-column-gap-default\">\n\t\t\t\t\t<div class=\"elementor-column elementor-col-100 elementor-top-column elementor-element elementor-element-0b53703 elementor-invisible\" data-id=\"0b53703\" data-element_type=\"column\" data-e-type=\"column\" data-settings=\"{&quot;animation&quot;:&quot;zoomIn&quot;}\">\n\t\t\t<div class=\"elementor-widget-wrap elementor-element-populated\">\n\t\t\t\t\t\t<div class=\"elementor-element elementor-element-1367b1b elementor-widget elementor-widget-heading\" data-id=\"1367b1b\" data-element_type=\"widget\" data-e-type=\"widget\" data-widget_type=\"heading.default\">\n\t\t\t\t<div class=\"elementor-widget-container\">\n\t\t\t\t\t<h2 class=\"elementor-heading-title elementor-size-default\">Pruebe System360 CRM gratis: \u00a1sin riesgos y sin necesidad de tarjeta!<\/h2>\t\t\t\t<\/div>\n\t\t\t\t<\/div>\n\t\t\t\t<div class=\"elementor-element elementor-element-e79e83f elementor-widget elementor-widget-text-editor\" data-id=\"e79e83f\" data-element_type=\"widget\" data-e-type=\"widget\" data-widget_type=\"text-editor.default\">\n\t\t\t\t<div class=\"elementor-widget-container\">\n\t\t\t\t\t\t\t\t\t<p><span>Descubre todo el potencial de nuestro CRM con una prueba 100% gratuita.<\/span><br data-start=\"218\" data-end=\"221\" \/><span>No requiere tarjeta de cr\u00e9dito, sin compromiso: t\u00f3mese su tiempo para probarlo, explorar todas las funciones y ver c\u00f3mo System360 puede transformar la gesti\u00f3n de su empresa antes de tomar cualquier decisi\u00f3n.<\/span><\/p>\t\t\t\t\t\t\t\t<\/div>\n\t\t\t\t<\/div>\n\t\t\t\t<div class=\"elementor-element elementor-element-c5ecc06 elementor-align-center elementor-widget elementor-widget-button\" data-id=\"c5ecc06\" data-element_type=\"widget\" data-e-type=\"widget\" data-widget_type=\"button.default\">\n\t\t\t\t<div class=\"elementor-widget-container\">\n\t\t\t\t\t\t\t\t\t<div class=\"elementor-button-wrapper\">\n\t\t\t\t\t<a class=\"elementor-button elementor-button-link elementor-size-md\" href=\"https:\/\/bot360.com.br\/es\/servicos\">\n\t\t\t\t\t\t<span class=\"elementor-button-content-wrapper\">\n\t\t\t\t\t\t\t\t\t<span class=\"elementor-button-text\">testar por 14 dias<\/span>\n\t\t\t\t\t<\/span>\n\t\t\t\t\t<\/a>\n\t\t\t\t<\/div>\n\t\t\t\t\t\t\t\t<\/div>\n\t\t\t\t<\/div>\n\t\t\t\t\t<\/div>\n\t\t<\/div>\n\t\t\t\t\t<\/div>\n\t\t<\/section>\n\t\t\t\t<\/div>\n\t\t","protected":false},"excerpt":{"rendered":"<p>\ud83e\udd16\u2764\ufe0f Escalando con servicio humanizado y tecnolog\u00eda: el futuro de la experiencia del cliente Escalar un negocio es el sue\u00f1o de todo emprendedor. Pero crecer sin perder la esencia, la calidad y la cercan\u00eda al cliente es el\u00a0gran reto\u00a0de las empresas modernas. En un escenario altamente digital, donde la automatizaci\u00f3n es esencial, la ventaja competitiva [&hellip;]<\/p>\n","protected":false},"author":1,"featured_media":0,"parent":0,"menu_order":0,"comment_status":"closed","ping_status":"closed","template":"","meta":{"footnotes":""},"class_list":["post-620","page","type-page","status-publish","hentry"],"_links":{"self":[{"href":"https:\/\/bot360.com.br\/es\/wp-json\/wp\/v2\/pages\/620","targetHints":{"allow":["GET"]}}],"collection":[{"href":"https:\/\/bot360.com.br\/es\/wp-json\/wp\/v2\/pages"}],"about":[{"href":"https:\/\/bot360.com.br\/es\/wp-json\/wp\/v2\/types\/page"}],"author":[{"embeddable":true,"href":"https:\/\/bot360.com.br\/es\/wp-json\/wp\/v2\/users\/1"}],"replies":[{"embeddable":true,"href":"https:\/\/bot360.com.br\/es\/wp-json\/wp\/v2\/comments?post=620"}],"version-history":[{"count":6,"href":"https:\/\/bot360.com.br\/es\/wp-json\/wp\/v2\/pages\/620\/revisions"}],"predecessor-version":[{"id":1040,"href":"https:\/\/bot360.com.br\/es\/wp-json\/wp\/v2\/pages\/620\/revisions\/1040"}],"wp:attachment":[{"href":"https:\/\/bot360.com.br\/es\/wp-json\/wp\/v2\/media?parent=620"}],"curies":[{"name":"wp","href":"https:\/\/api.w.org\/{rel}","templated":true}]}}