{"id":619,"date":"2025-04-12T20:05:59","date_gmt":"2025-04-12T23:05:59","guid":{"rendered":"https:\/\/bot360.com.br\/tutoriales\/"},"modified":"2025-05-11T09:56:15","modified_gmt":"2025-05-11T12:56:15","slug":"tutoriales","status":"publish","type":"page","link":"https:\/\/bot360.com.br\/es\/tutoriales\/","title":{"rendered":"Tutoriales"},"content":{"rendered":"\t\t<div data-elementor-type=\"wp-page\" data-elementor-id=\"619\" class=\"elementor elementor-619\" data-elementor-post-type=\"page\">\n\t\t\t\t<div class=\"elementor-element elementor-element-36d8421 e-flex e-con-boxed e-con e-parent\" data-id=\"36d8421\" data-element_type=\"container\" data-e-type=\"container\">\n\t\t\t\t\t<div class=\"e-con-inner\">\n\t\t\t\t<div class=\"elementor-element elementor-element-e03e478 elementor-widget elementor-widget-heading\" data-id=\"e03e478\" data-element_type=\"widget\" data-e-type=\"widget\" data-widget_type=\"heading.default\">\n\t\t\t\t<div class=\"elementor-widget-container\">\n\t\t\t\t\t<h2 class=\"elementor-heading-title elementor-size-default\">Coming soon: Complete tutorials to help you get the most out of our CRM!<\/h2>\t\t\t\t<\/div>\n\t\t\t\t<\/div>\n\t\t\t\t<div class=\"elementor-element elementor-element-8b9fd93 elementor-widget elementor-widget-text-editor\" data-id=\"8b9fd93\" data-element_type=\"widget\" data-e-type=\"widget\" data-widget_type=\"text-editor.default\">\n\t\t\t\t<div class=\"elementor-widget-container\">\n\t\t\t\t\t\t\t\t\t<p class=\"\" data-start=\"245\" data-end=\"402\"><span>We are preparing\u00a0<\/span><strong data-start=\"264\" data-end=\"311\"><span>practical, direct and step-by-step content<\/span><\/strong><span>\u00a0to help you\u00a0<\/span><strong data-start=\"329\" data-end=\"401\"><span>get the most out of all the features of System360 CRM<\/span><\/strong><span>\u00a0.<\/span><\/p><p class=\"\" data-start=\"404\" data-end=\"443\"><span>You will be able to follow tutorials on:<\/span><\/p><ul data-start=\"444\" data-end=\"606\"><li class=\"\" data-start=\"444\" data-end=\"468\"><p class=\"\" data-start=\"446\" data-end=\"468\"><span>Initial settings<\/span><\/p><\/li><li class=\"\" data-start=\"469\" data-end=\"504\"><p class=\"\" data-start=\"471\" data-end=\"504\"><span>Lead management and sales funnel<\/span><\/p><\/li><li class=\"\" data-start=\"505\" data-end=\"543\"><p class=\"\" data-start=\"507\" data-end=\"543\"><span>Billing and financial automation<\/span><\/p><\/li><li class=\"\" data-start=\"544\" data-end=\"590\"><p class=\"\" data-start=\"546\" data-end=\"590\"><span>Customer support and team productivity<\/span><\/p><\/li><li class=\"\" data-start=\"591\" data-end=\"606\"><p class=\"\" data-start=\"593\" data-end=\"606\"><span>And much more!<\/span><\/p><\/li><\/ul><p class=\"\" data-start=\"608\" data-end=\"751\"><span>\ud83d\udd04\u00a0<\/span><strong data-start=\"611\" data-end=\"644\"><span>Just wait a little longer!<\/span><\/strong><br data-start=\"644\" data-end=\"647\" \/><span>We are working to deliver\u00a0<\/span><strong data-start=\"681\" data-end=\"750\"><span>the best content with the quality and seriousness that you already know<\/span><\/strong><span>\u00a0.<\/span><\/p><p class=\"\" data-start=\"753\" data-end=\"893\"><span>Keep an eye on our channels. Soon, you will have all the support you need to explore the power of our CRM with autonomy and efficiency.<\/span><\/p><p class=\"\" data-start=\"895\" data-end=\"997\"><span>\ud83d\udce9 Questions or suggestions? Contact us:\u00a0<\/span><a rel=\"noopener\" data-start=\"938\" data-end=\"997\"><span>contato@system360.com.br<\/span><\/a><\/p>\t\t\t\t\t\t\t\t<\/div>\n\t\t\t\t<\/div>\n\t\t\t\t\t<\/div>\n\t\t\t\t<\/div>\n\t\t\t\t<section class=\"elementor-section elementor-top-section elementor-element elementor-element-8be06f7 elementor-section-boxed elementor-section-height-default elementor-section-height-default\" data-id=\"8be06f7\" data-element_type=\"section\" data-e-type=\"section\" data-settings=\"{&quot;background_background&quot;:&quot;classic&quot;}\">\n\t\t\t\t\t\t\t<div class=\"elementor-background-overlay\"><\/div>\n\t\t\t\t\t\t\t<div class=\"elementor-container elementor-column-gap-default\">\n\t\t\t\t\t<div class=\"elementor-column elementor-col-100 elementor-top-column elementor-element elementor-element-45c504d elementor-invisible\" data-id=\"45c504d\" data-element_type=\"column\" data-e-type=\"column\" data-settings=\"{&quot;animation&quot;:&quot;zoomIn&quot;}\">\n\t\t\t<div class=\"elementor-widget-wrap elementor-element-populated\">\n\t\t\t\t\t\t<div class=\"elementor-element elementor-element-829ce09 elementor-widget elementor-widget-heading\" data-id=\"829ce09\" data-element_type=\"widget\" data-e-type=\"widget\" data-widget_type=\"heading.default\">\n\t\t\t\t<div class=\"elementor-widget-container\">\n\t\t\t\t\t<h2 class=\"elementor-heading-title elementor-size-default\">Pruebe System360 CRM gratis: \u00a1sin riesgos y sin necesidad de tarjeta!<\/h2>\t\t\t\t<\/div>\n\t\t\t\t<\/div>\n\t\t\t\t<div class=\"elementor-element elementor-element-328b37e elementor-widget elementor-widget-text-editor\" data-id=\"328b37e\" data-element_type=\"widget\" data-e-type=\"widget\" data-widget_type=\"text-editor.default\">\n\t\t\t\t<div class=\"elementor-widget-container\">\n\t\t\t\t\t\t\t\t\t<p><span>Descubre todo el potencial de nuestro CRM con una prueba 100% gratuita.<\/span><br data-start=\"218\" data-end=\"221\" \/><span>No requiere tarjeta de cr\u00e9dito, sin compromiso: t\u00f3mese su tiempo para probarlo, explorar todas las funciones y ver c\u00f3mo System360 puede transformar la gesti\u00f3n de su empresa antes de tomar cualquier decisi\u00f3n.<\/span><\/p>\t\t\t\t\t\t\t\t<\/div>\n\t\t\t\t<\/div>\n\t\t\t\t<div class=\"elementor-element elementor-element-c94d28f elementor-align-center elementor-widget elementor-widget-button\" data-id=\"c94d28f\" data-element_type=\"widget\" data-e-type=\"widget\" data-widget_type=\"button.default\">\n\t\t\t\t<div class=\"elementor-widget-container\">\n\t\t\t\t\t\t\t\t\t<div class=\"elementor-button-wrapper\">\n\t\t\t\t\t<a class=\"elementor-button elementor-button-link elementor-size-md\" href=\"https:\/\/bot360.com.br\/es\/servicos\">\n\t\t\t\t\t\t<span class=\"elementor-button-content-wrapper\">\n\t\t\t\t\t\t\t\t\t<span class=\"elementor-button-text\">testar por 14 dias<\/span>\n\t\t\t\t\t<\/span>\n\t\t\t\t\t<\/a>\n\t\t\t\t<\/div>\n\t\t\t\t\t\t\t\t<\/div>\n\t\t\t\t<\/div>\n\t\t\t\t\t<\/div>\n\t\t<\/div>\n\t\t\t\t\t<\/div>\n\t\t<\/section>\n\t\t\t\t<\/div>\n\t\t","protected":false},"excerpt":{"rendered":"<p>Coming soon: Complete tutorials to help you get the most out of our CRM! We are preparing\u00a0practical, direct and step-by-step content\u00a0to help you\u00a0get the most out of all the features of System360 CRM\u00a0. You will be able to follow tutorials on: Initial settings Lead management and sales funnel Billing and financial automation Customer support and [&hellip;]<\/p>\n","protected":false},"author":1,"featured_media":0,"parent":0,"menu_order":0,"comment_status":"closed","ping_status":"closed","template":"","meta":{"footnotes":""},"class_list":["post-619","page","type-page","status-publish","hentry"],"_links":{"self":[{"href":"https:\/\/bot360.com.br\/es\/wp-json\/wp\/v2\/pages\/619","targetHints":{"allow":["GET"]}}],"collection":[{"href":"https:\/\/bot360.com.br\/es\/wp-json\/wp\/v2\/pages"}],"about":[{"href":"https:\/\/bot360.com.br\/es\/wp-json\/wp\/v2\/types\/page"}],"author":[{"embeddable":true,"href":"https:\/\/bot360.com.br\/es\/wp-json\/wp\/v2\/users\/1"}],"replies":[{"embeddable":true,"href":"https:\/\/bot360.com.br\/es\/wp-json\/wp\/v2\/comments?post=619"}],"version-history":[{"count":6,"href":"https:\/\/bot360.com.br\/es\/wp-json\/wp\/v2\/pages\/619\/revisions"}],"predecessor-version":[{"id":1123,"href":"https:\/\/bot360.com.br\/es\/wp-json\/wp\/v2\/pages\/619\/revisions\/1123"}],"wp:attachment":[{"href":"https:\/\/bot360.com.br\/es\/wp-json\/wp\/v2\/media?parent=619"}],"curies":[{"name":"wp","href":"https:\/\/api.w.org\/{rel}","templated":true}]}}