{"id":617,"date":"2025-04-12T20:05:57","date_gmt":"2025-04-12T23:05:57","guid":{"rendered":"https:\/\/bot360.com.br\/%f0%9f%93%8a-la-importancia-de-los-informes-y-analisis-detallados-para-una-gestion-empresarial-de-alto-rendimiento\/"},"modified":"2025-05-11T09:28:27","modified_gmt":"2025-05-11T12:28:27","slug":"%f0%9f%93%8a-la-importancia-de-los-informes-y-analisis-detallados-para-una-gestion-empresarial-de-alto-rendimiento","status":"publish","type":"page","link":"https:\/\/bot360.com.br\/es\/%f0%9f%93%8a-la-importancia-de-los-informes-y-analisis-detallados-para-una-gestion-empresarial-de-alto-rendimiento\/","title":{"rendered":"? La importancia de los informes y an\u00e1lisis detallados para una gesti\u00f3n empresarial de alto rendimiento"},"content":{"rendered":"\t\t<div data-elementor-type=\"wp-page\" data-elementor-id=\"617\" class=\"elementor elementor-617\" data-elementor-post-type=\"page\">\n\t\t\t\t<div class=\"elementor-element elementor-element-36d8421 e-flex e-con-boxed e-con e-parent\" data-id=\"36d8421\" data-element_type=\"container\" data-e-type=\"container\">\n\t\t\t\t\t<div class=\"e-con-inner\">\n\t\t\t\t<div class=\"elementor-element elementor-element-e03e478 elementor-widget elementor-widget-heading\" data-id=\"e03e478\" data-element_type=\"widget\" data-e-type=\"widget\" data-widget_type=\"heading.default\">\n\t\t\t\t<div class=\"elementor-widget-container\">\n\t\t\t\t\t<h2 class=\"elementor-heading-title elementor-size-default\">\ud83d\udcca La importancia de los informes y an\u00e1lisis detallados para la gesti\u00f3n empresarial de alto rendimiento<\/h2>\t\t\t\t<\/div>\n\t\t\t\t<\/div>\n\t\t\t\t<div class=\"elementor-element elementor-element-8b9fd93 elementor-widget elementor-widget-text-editor\" data-id=\"8b9fd93\" data-element_type=\"widget\" data-e-type=\"widget\" data-widget_type=\"text-editor.default\">\n\t\t\t\t<div class=\"elementor-widget-container\">\n\t\t\t\t\t\t\t\t\t<p class=\"\" data-start=\"340\" data-end=\"741\"><span>En un entorno empresarial cada vez m\u00e1s competitivo y basado en datos,\u00a0<\/span><strong data-start=\"415\" data-end=\"505\"><span>tomar decisiones basadas en \u201cconjeturas\u201d o intuiciones puede ser fatal para la salud de una empresa<\/span><\/strong><span>\u00a0. La diferencia entre las empresas que crecen de forma predecible y las que se estancan radica en la capacidad de\u00a0<\/span><strong data-start=\"611\" data-end=\"668\"><span>medir, interpretar y actuar sobre datos duros<\/span><\/strong><span>\u00a0. Y aqu\u00ed es exactamente donde entran en juego\u00a0<\/span><strong data-start=\"704\" data-end=\"740\"><span>los informes y an\u00e1lisis detallados<\/span><\/strong><span>\u00a0.<\/span><\/p><p class=\"\" data-start=\"743\" data-end=\"988\"><span>Estas herramientas, cuando se utilizan correctamente,\u00a0<\/span><strong data-start=\"785\" data-end=\"841\"><span>transforman los datos brutos en inteligencia de negocio<\/span><\/strong><span>\u00a0, permitiendo decisiones m\u00e1s precisas, respuestas m\u00e1s r\u00e1pidas al mercado y un control mucho m\u00e1s eficiente sobre todos los procesos de la organizaci\u00f3n.<\/span><\/p><hr class=\"\" data-start=\"990\" data-end=\"993\" \/><h3 class=\"\" data-start=\"995\" data-end=\"1045\"><span>\ud83d\udccc \u00bfQu\u00e9 son los informes y an\u00e1lisis detallados?<\/span><\/h3><ul data-start=\"1047\" data-end=\"1410\"><li class=\"\" data-start=\"1047\" data-end=\"1264\"><p class=\"\" data-start=\"1049\" data-end=\"1264\"><strong data-start=\"1049\" data-end=\"1063\"><span>Los informes<\/span><\/strong><span>\u00a0son documentos que organizan datos de forma visual y objetiva, generalmente sobre un per\u00edodo espec\u00edfico, con el objetivo de\u00a0<\/span><strong data-start=\"1187\" data-end=\"1226\"><span>informar y monitorear el desempe\u00f1o<\/span><\/strong><span>\u00a0de \u00e1reas estrat\u00e9gicas o indicadores.<\/span><\/p><\/li><li class=\"\" data-start=\"1265\" data-end=\"1410\"><p class=\"\" data-start=\"1267\" data-end=\"1410\"><strong data-start=\"1267\" data-end=\"1290\"><span>Los an\u00e1lisis detallados<\/span><\/strong><span>\u00a0van m\u00e1s all\u00e1: interpretan estos datos, revelando patrones, tendencias y posibles causas de los resultados presentados.<\/span><\/p><\/li><\/ul><p class=\"\" data-start=\"1412\" data-end=\"1514\"><span>En conjunto, estas herramientas son fundamentales para el\u00a0<\/span><strong data-start=\"1462\" data-end=\"1513\"><span>proceso de toma de decisiones en cualquier nivel de la empresa<\/span><\/strong><span>\u00a0.<\/span><\/p><hr class=\"\" data-start=\"1516\" data-end=\"1519\" \/><h3 class=\"\" data-start=\"1521\" data-end=\"1573\"><span>\ud83d\ude80 \u00bfPor qu\u00e9 son esenciales los informes detallados?<\/span><\/h3><h4 class=\"\" data-start=\"1575\" data-end=\"1635\"><span>1.\u00a0<\/span><strong data-start=\"1583\" data-end=\"1635\"><span>Toma de decisiones basada en datos<\/span><\/strong><\/h4><p class=\"\" data-start=\"1636\" data-end=\"1872\"><span>Las empresas que utilizan datos para tomar decisiones tienen\u00a0<\/span><strong data-start=\"1684\" data-end=\"1745\"><span>5 veces m\u00e1s probabilidades de tomar decisiones m\u00e1s r\u00e1pidas y efectivas<\/span><\/strong><span>\u00a0(Fuente: PwC). Los informes permiten a los l\u00edderes evaluar escenarios, comparar desempe\u00f1os y definir acciones con mucha m\u00e1s precisi\u00f3n.<\/span><\/p><h4 class=\"\" data-start=\"1874\" data-end=\"1928\"><span>2.\u00a0<\/span><strong data-start=\"1882\" data-end=\"1928\"><span>Identificaci\u00f3n de oportunidades y problemas<\/span><\/strong><\/h4><p class=\"\" data-start=\"1929\" data-end=\"1965\"><span>El an\u00e1lisis de datos ayuda a detectar:<\/span><\/p><ul data-start=\"1966\" data-end=\"2095\"><li class=\"\" data-start=\"1966\" data-end=\"1990\"><p class=\"\" data-start=\"1968\" data-end=\"1990\"><span>Procesos ineficientes<\/span><\/p><\/li><li class=\"\" data-start=\"1991\" data-end=\"2024\"><p class=\"\" data-start=\"1993\" data-end=\"2024\"><span>Equipos con baja productividad<\/span><\/p><\/li><li class=\"\" data-start=\"2025\" data-end=\"2059\"><p class=\"\" data-start=\"2027\" data-end=\"2059\"><span>Productos con mayor rentabilidad<\/span><\/p><\/li><li class=\"\" data-start=\"2060\" data-end=\"2095\"><p class=\"\" data-start=\"2062\" data-end=\"2095\"><span>Clientes con el mayor valor de ciclo<\/span><\/p><\/li><\/ul><p class=\"\" data-start=\"2097\" data-end=\"2140\"><span>En otras palabras,\u00a0<\/span><strong data-start=\"2106\" data-end=\"2139\"><span>d\u00f3nde invertir y d\u00f3nde corregir<\/span><\/strong><span>\u00a0.<\/span><\/p><h4 class=\"\" data-start=\"2142\" data-end=\"2170\"><span>3.\u00a0<\/span><strong data-start=\"2150\" data-end=\"2170\"><span>Mejora continua<\/span><\/strong><\/h4><p class=\"\" data-start=\"2171\" data-end=\"2374\"><span>S\u00f3lo puedes mejorar lo que mides. Los informes bien estructurados permiten un seguimiento constante de los indicadores (KPIs), alimentando\u00a0<\/span><strong data-start=\"2313\" data-end=\"2344\"><span>ciclos de mejora continua<\/span><\/strong><span>\u00a0en todas las \u00e1reas de la empresa.<\/span><\/p><h4 class=\"\" data-start=\"2376\" data-end=\"2423\"><span>4.\u00a0<\/span><strong data-start=\"2384\" data-end=\"2423\"><span>Transparencia y rendici\u00f3n de cuentas<\/span><\/strong><\/h4><p class=\"\" data-start=\"2424\" data-end=\"2585\"><span>Los informes proporcionan claridad para todos los involucrados, desde los empleados hasta los inversores, fortaleciendo una\u00a0<\/span><strong data-start=\"2533\" data-end=\"2576\"><span>cultura de responsabilidad y<\/span><\/strong><span>\u00a0confianza interna.<\/span><\/p><h4 class=\"\" data-start=\"2587\" data-end=\"2633\"><span>5.\u00a0<\/span><strong data-start=\"2595\" data-end=\"2633\"><span>Control financiero y presupuestario<\/span><\/strong><\/h4><p class=\"\" data-start=\"2634\" data-end=\"2805\"><span>Los an\u00e1lisis detallados del flujo de caja, la rentabilidad por cliente o producto, la morosidad y los costes operativos son\u00a0<\/span><strong data-start=\"2751\" data-end=\"2804\"><span>esenciales para la salud financiera del negocio<\/span><\/strong><span>\u00a0.<\/span><\/p><hr class=\"\" data-start=\"2807\" data-end=\"2810\" \/><h3 class=\"\" data-start=\"2812\" data-end=\"2854\"><span>\ud83d\udcc8 \u00c1reas que se benefician directamente<\/span><\/h3><ul data-start=\"2856\" data-end=\"3233\"><li class=\"\" data-start=\"2856\" data-end=\"2936\"><p class=\"\" data-start=\"2858\" data-end=\"2936\"><strong data-start=\"2858\" data-end=\"2872\"><span>Comercial:<\/span><\/strong><span>\u00a0seguimiento de objetivos, embudo de ventas, conversi\u00f3n por canal<\/span><\/p><\/li><li class=\"\" data-start=\"2937\" data-end=\"2995\"><p class=\"\" data-start=\"2939\" data-end=\"2995\"><strong data-start=\"2939\" data-end=\"2953\"><span>Marketing:<\/span><\/strong><span>\u00a0an\u00e1lisis de campa\u00f1as, tr\u00e1fico, CAC, ROI<\/span><\/p><\/li><li class=\"\" data-start=\"2996\" data-end=\"3065\"><p class=\"\" data-start=\"2998\" data-end=\"3065\"><strong data-start=\"2998\" data-end=\"3013\"><span>Finanzas:<\/span><\/strong><span>\u00a0informes de ingresos, gastos y m\u00e1rgenes de beneficio<\/span><\/p><\/li><li class=\"\" data-start=\"3066\" data-end=\"3129\"><p class=\"\" data-start=\"3068\" data-end=\"3129\"><strong data-start=\"3068\" data-end=\"3081\"><span>Proyectos:<\/span><\/strong><span>\u00a0seguimiento de plazos, entregas, eficiencia<\/span><\/p><\/li><li class=\"\" data-start=\"3130\" data-end=\"3233\"><p class=\"\" data-start=\"3132\" data-end=\"3233\"><strong data-start=\"3132\" data-end=\"3158\"><span>Soporte y servicio:<\/span><\/strong><span>\u00a0tiempo promedio de respuesta, satisfacci\u00f3n del cliente (NPS), tickets resueltos<\/span><\/p><\/li><\/ul><p class=\"\" data-start=\"3235\" data-end=\"3307\"><span>Cada sector puede \u2014y debe\u2014 utilizar informes para mejorar su desempe\u00f1o.<\/span><\/p><hr class=\"\" data-start=\"3309\" data-end=\"3312\" \/><h3 class=\"\" data-start=\"3314\" data-end=\"3366\"><span>\ud83d\udd10 Informes y LGPD: Uso \u00e9tico y legal de los datos<\/span><\/h3><p class=\"\" data-start=\"3368\" data-end=\"3537\"><span>Con la\u00a0<\/span><strong data-start=\"3386\" data-end=\"3427\"><span>Ley General de Protecci\u00f3n de Datos (LGPD)<\/span><\/strong><span>\u00a0vigente , es fundamental que\u00a0<\/span><strong data-start=\"3447\" data-end=\"3520\"><span>todos los datos utilizados en los informes cumplan la legalidad<\/span><\/strong><span>\u00a0. Esto significa:<\/span><\/p><ul data-start=\"3538\" data-end=\"3669\"><li class=\"\" data-start=\"3538\" data-end=\"3564\"><p class=\"\" data-start=\"3540\" data-end=\"3564\"><span>Recopilaci\u00f3n con consentimiento<\/span><\/p><\/li><li class=\"\" data-start=\"3565\" data-end=\"3587\"><p class=\"\" data-start=\"3567\" data-end=\"3587\"><span>Almacenamiento seguro<\/span><\/p><\/li><li class=\"\" data-start=\"3588\" data-end=\"3630\"><p class=\"\" data-start=\"3590\" data-end=\"3630\"><span>Anonimizaci\u00f3n de datos personales sensibles<\/span><\/p><\/li><li class=\"\" data-start=\"3631\" data-end=\"3669\"><p class=\"\" data-start=\"3633\" data-end=\"3669\"><span>Transparencia en el uso de la informaci\u00f3n<\/span><\/p><\/li><\/ul><p class=\"\" data-start=\"3671\" data-end=\"3759\"><span>Un sistema de informes s\u00f3lido debe considerar estos requisitos desde su estructura.<\/span><\/p><hr class=\"\" data-start=\"3761\" data-end=\"3764\" \/><h3 class=\"\" data-start=\"3766\" data-end=\"3826\"><span>\ud83d\udee0\ufe0f La importancia de la tecnolog\u00eda en la generaci\u00f3n de informes<\/span><\/h3><p class=\"\" data-start=\"3828\" data-end=\"3938\"><span>Las soluciones modernas como\u00a0<\/span><strong data-start=\"3851\" data-end=\"3903\"><span>CRM, ERP, sistemas BI (Business Intelligence)<\/span><\/strong><span>\u00a0y cuadros de mando interactivos permiten:<\/span><\/p><ul data-start=\"3939\" data-end=\"4123\"><li class=\"\" data-start=\"3939\" data-end=\"3975\"><p class=\"\" data-start=\"3941\" data-end=\"3975\"><span>Generaci\u00f3n autom\u00e1tica y en tiempo real<\/span><\/p><\/li><li class=\"\" data-start=\"3976\" data-end=\"4040\"><p class=\"\" data-start=\"3978\" data-end=\"4040\"><span>Visualizaci\u00f3n clara mediante gr\u00e1ficos, tablas e indicadores<\/span><\/p><\/li><li class=\"\" data-start=\"4041\" data-end=\"4078\"><p class=\"\" data-start=\"4043\" data-end=\"4078\"><span>Personalizaci\u00f3n por sector o usuario<\/span><\/p><\/li><li class=\"\" data-start=\"4079\" data-end=\"4123\"><p class=\"\" data-start=\"4081\" data-end=\"4123\"><span>Integraci\u00f3n entre datos de diferentes \u00e1reas<\/span><\/p><\/li><\/ul><p class=\"\" data-start=\"4125\" data-end=\"4209\"><span>Esto proporciona a los equipos\u00a0<\/span><strong data-start=\"4153\" data-end=\"4208\"><span>agilidad, consistencia y profundidad en sus an\u00e1lisis<\/span><\/strong><span>\u00a0.<\/span><\/p><hr class=\"\" data-start=\"4211\" data-end=\"4214\" \/><h3 class=\"\" data-start=\"4216\" data-end=\"4265\"><span>\ud83c\udfaf Los informes no son solo para gerentes<\/span><\/h3><p class=\"\" data-start=\"4267\" data-end=\"4369\"><span>Muchas empresas todav\u00eda tratan los informes como herramientas exclusivas de la alta direcci\u00f3n. Esto es un error.<\/span><\/p><ul data-start=\"4371\" data-end=\"4682\"><li class=\"\" data-start=\"4371\" data-end=\"4473\"><p class=\"\" data-start=\"4373\" data-end=\"4473\"><strong data-start=\"4373\" data-end=\"4403\"><span>Los empleados operativos<\/span><\/strong><span>\u00a0tambi\u00e9n deben acceder a indicadores para alinear sus esfuerzos con los objetivos.<\/span><\/p><\/li><li class=\"\" data-start=\"4474\" data-end=\"4585\"><p class=\"\" data-start=\"4476\" data-end=\"4585\"><strong data-start=\"4476\" data-end=\"4498\"><span>Los equipos de ventas<\/span><\/strong><span>\u00a0, por ejemplo, funcionan mucho mejor cuando saben exactamente c\u00f3mo se est\u00e1n desempe\u00f1ando durante el mes.<\/span><\/p><\/li><li class=\"\" data-start=\"4586\" data-end=\"4682\"><p class=\"\" data-start=\"4588\" data-end=\"4682\"><strong data-start=\"4590\" data-end=\"4617\"><span>La transparencia de los datos<\/span><\/strong><span>\u00a0aumenta\u00a0el compromiso, la responsabilidad y la motivaci\u00f3n interna.<\/span><\/p><\/li><\/ul><hr class=\"\" data-start=\"4684\" data-end=\"4687\" \/><h3 class=\"\" data-start=\"4689\" data-end=\"4705\"><span>\ud83c\udfc1 Conclusi\u00f3n<\/span><\/h3><p class=\"\" data-start=\"4707\" data-end=\"4925\"><span>Las empresas que invierten en\u00a0<\/span><strong data-start=\"4732\" data-end=\"4768\"><span>informes y an\u00e1lisis detallados<\/span><\/strong><span>\u00a0siempre est\u00e1n un paso adelante. Conocen sus cuellos de botella, reconocen sus oportunidades y tienen la capacidad de\u00a0<\/span><strong data-start=\"4880\" data-end=\"4924\"><span>actuar estrat\u00e9gicamente, no reactivamente<\/span><\/strong><span>\u00a0.<\/span><\/p><p class=\"\" data-start=\"4927\" data-end=\"5135\"><span>En un entorno donde los datos son el nuevo petr\u00f3leo,\u00a0<\/span><strong data-start=\"4974\" data-end=\"5024\"><span>la inteligencia de negocios est\u00e1 en los informes<\/span><\/strong><span>\u00a0. Y la capacidad de transformar datos en decisiones siempre ser\u00e1 la ventaja competitiva de los l\u00edderes del mercado.<\/span><\/p>\t\t\t\t\t\t\t\t<\/div>\n\t\t\t\t<\/div>\n\t\t\t\t\t<\/div>\n\t\t\t\t<\/div>\n\t\t\t\t<section class=\"elementor-section elementor-top-section elementor-element elementor-element-615aa94 elementor-section-boxed elementor-section-height-default elementor-section-height-default\" data-id=\"615aa94\" data-element_type=\"section\" data-e-type=\"section\" data-settings=\"{&quot;background_background&quot;:&quot;classic&quot;}\">\n\t\t\t\t\t\t\t<div class=\"elementor-background-overlay\"><\/div>\n\t\t\t\t\t\t\t<div class=\"elementor-container elementor-column-gap-default\">\n\t\t\t\t\t<div class=\"elementor-column elementor-col-100 elementor-top-column elementor-element elementor-element-48a0562 elementor-invisible\" data-id=\"48a0562\" data-element_type=\"column\" data-e-type=\"column\" data-settings=\"{&quot;animation&quot;:&quot;zoomIn&quot;}\">\n\t\t\t<div class=\"elementor-widget-wrap elementor-element-populated\">\n\t\t\t\t\t\t<div class=\"elementor-element elementor-element-de2d83e elementor-widget elementor-widget-heading\" data-id=\"de2d83e\" data-element_type=\"widget\" data-e-type=\"widget\" data-widget_type=\"heading.default\">\n\t\t\t\t<div class=\"elementor-widget-container\">\n\t\t\t\t\t<h2 class=\"elementor-heading-title elementor-size-default\">Pruebe System360 CRM gratis: \u00a1sin riesgos y sin necesidad de tarjeta!<\/h2>\t\t\t\t<\/div>\n\t\t\t\t<\/div>\n\t\t\t\t<div class=\"elementor-element elementor-element-5c42799 elementor-widget elementor-widget-text-editor\" data-id=\"5c42799\" data-element_type=\"widget\" data-e-type=\"widget\" data-widget_type=\"text-editor.default\">\n\t\t\t\t<div class=\"elementor-widget-container\">\n\t\t\t\t\t\t\t\t\t<p><span>Descubre todo el potencial de nuestro CRM con una prueba 100% gratuita.<\/span><br data-start=\"218\" data-end=\"221\" \/><span>No requiere tarjeta de cr\u00e9dito, sin compromiso: t\u00f3mese su tiempo para probarlo, explorar todas las funciones y ver c\u00f3mo System360 puede transformar la gesti\u00f3n de su empresa antes de tomar cualquier decisi\u00f3n.<\/span><\/p>\t\t\t\t\t\t\t\t<\/div>\n\t\t\t\t<\/div>\n\t\t\t\t<div class=\"elementor-element elementor-element-4ca5ed9 elementor-align-center elementor-widget elementor-widget-button\" data-id=\"4ca5ed9\" data-element_type=\"widget\" data-e-type=\"widget\" data-widget_type=\"button.default\">\n\t\t\t\t<div class=\"elementor-widget-container\">\n\t\t\t\t\t\t\t\t\t<div class=\"elementor-button-wrapper\">\n\t\t\t\t\t<a class=\"elementor-button elementor-button-link elementor-size-md\" href=\"https:\/\/bot360.com.br\/es\/servicos\">\n\t\t\t\t\t\t<span class=\"elementor-button-content-wrapper\">\n\t\t\t\t\t\t\t\t\t<span class=\"elementor-button-text\">testar por 14 dias<\/span>\n\t\t\t\t\t<\/span>\n\t\t\t\t\t<\/a>\n\t\t\t\t<\/div>\n\t\t\t\t\t\t\t\t<\/div>\n\t\t\t\t<\/div>\n\t\t\t\t\t<\/div>\n\t\t<\/div>\n\t\t\t\t\t<\/div>\n\t\t<\/section>\n\t\t\t\t<\/div>\n\t\t","protected":false},"excerpt":{"rendered":"<p>\ud83d\udcca La importancia de los informes y an\u00e1lisis detallados para la gesti\u00f3n empresarial de alto rendimiento En un entorno empresarial cada vez m\u00e1s competitivo y basado en datos,\u00a0tomar decisiones basadas en \u201cconjeturas\u201d o intuiciones puede ser fatal para la salud de una empresa\u00a0. La diferencia entre las empresas que crecen de forma predecible y las [&hellip;]<\/p>\n","protected":false},"author":1,"featured_media":0,"parent":0,"menu_order":0,"comment_status":"closed","ping_status":"closed","template":"","meta":{"footnotes":""},"class_list":["post-617","page","type-page","status-publish","hentry"],"_links":{"self":[{"href":"https:\/\/bot360.com.br\/es\/wp-json\/wp\/v2\/pages\/617","targetHints":{"allow":["GET"]}}],"collection":[{"href":"https:\/\/bot360.com.br\/es\/wp-json\/wp\/v2\/pages"}],"about":[{"href":"https:\/\/bot360.com.br\/es\/wp-json\/wp\/v2\/types\/page"}],"author":[{"embeddable":true,"href":"https:\/\/bot360.com.br\/es\/wp-json\/wp\/v2\/users\/1"}],"replies":[{"embeddable":true,"href":"https:\/\/bot360.com.br\/es\/wp-json\/wp\/v2\/comments?post=617"}],"version-history":[{"count":6,"href":"https:\/\/bot360.com.br\/es\/wp-json\/wp\/v2\/pages\/617\/revisions"}],"predecessor-version":[{"id":1031,"href":"https:\/\/bot360.com.br\/es\/wp-json\/wp\/v2\/pages\/617\/revisions\/1031"}],"wp:attachment":[{"href":"https:\/\/bot360.com.br\/es\/wp-json\/wp\/v2\/media?parent=617"}],"curies":[{"name":"wp","href":"https:\/\/api.w.org\/{rel}","templated":true}]}}