{"id":613,"date":"2025-04-12T20:04:54","date_gmt":"2025-04-12T23:04:54","guid":{"rendered":"https:\/\/bot360.com.br\/%f0%9f%93%91-la-importancia-de-la-gestion-de-propuestas-y-contratos-en-la-estructura-empresarial\/"},"modified":"2025-05-11T09:28:18","modified_gmt":"2025-05-11T12:28:18","slug":"%f0%9f%93%91-la-importancia-de-la-gestion-de-propuestas-y-contratos-en-la-estructura-empresarial","status":"publish","type":"page","link":"https:\/\/bot360.com.br\/es\/%f0%9f%93%91-la-importancia-de-la-gestion-de-propuestas-y-contratos-en-la-estructura-empresarial\/","title":{"rendered":"? La importancia de la gesti\u00f3n de propuestas y contratos en la estructura empresarial"},"content":{"rendered":"\t\t<div data-elementor-type=\"wp-page\" data-elementor-id=\"613\" class=\"elementor elementor-613\" data-elementor-post-type=\"page\">\n\t\t\t\t<div class=\"elementor-element elementor-element-36d8421 e-flex e-con-boxed e-con e-parent\" data-id=\"36d8421\" data-element_type=\"container\" data-e-type=\"container\">\n\t\t\t\t\t<div class=\"e-con-inner\">\n\t\t\t\t<div class=\"elementor-element elementor-element-e03e478 elementor-widget elementor-widget-heading\" data-id=\"e03e478\" data-element_type=\"widget\" data-e-type=\"widget\" data-widget_type=\"heading.default\">\n\t\t\t\t<div class=\"elementor-widget-container\">\n\t\t\t\t\t<h2 class=\"elementor-heading-title elementor-size-default\">\ud83d\udcd1 La importancia de la gesti\u00f3n de propuestas y contratos en la estructura empresarial<\/h2>\t\t\t\t<\/div>\n\t\t\t\t<\/div>\n\t\t\t\t<div class=\"elementor-element elementor-element-8b9fd93 elementor-widget elementor-widget-text-editor\" data-id=\"8b9fd93\" data-element_type=\"widget\" data-e-type=\"widget\" data-widget_type=\"text-editor.default\">\n\t\t\t\t<div class=\"elementor-widget-container\">\n\t\t\t\t\t\t\t\t\t<p class=\"\" data-start=\"299\" data-end=\"677\"><span>Profesionalizar las operaciones es un paso fundamental para las empresas que buscan crecimiento sostenible, previsibilidad y seguridad. Entre los pilares de esta estructura se encuentra la\u00a0<\/span><strong data-start=\"474\" data-end=\"520\"><span>gesti\u00f3n de propuestas comerciales y contratos<\/span><\/strong><span>\u00a0, a menudo descuidada, pero que tiene un impacto directo en los resultados financieros de la empresa, las relaciones con los clientes y el cumplimiento legal.<\/span><\/p><p class=\"\" data-start=\"679\" data-end=\"867\"><span>En este art\u00edculo comprender\u00e1s por qu\u00e9 gestionar propuestas y contratos de forma estrat\u00e9gica\u00a0<\/span><strong data-start=\"772\" data-end=\"866\"><span>aumenta las posibilidades de conversi\u00f3n, reduce riesgos y eleva el nivel de madurez organizacional<\/span><\/strong><span>\u00a0.<\/span><\/p><hr class=\"\" data-start=\"869\" data-end=\"872\" \/><h3 class=\"\" data-start=\"874\" data-end=\"921\"><span>\ud83c\udfaf \u00bfQu\u00e9 es la Gesti\u00f3n de Propuestas y Contratos?<\/span><\/h3><p class=\"\" data-start=\"923\" data-end=\"1264\"><strong data-start=\"925\" data-end=\"948\"><span>La gesti\u00f3n de propuestas<\/span><\/strong><span>\u00a0implica\u00a0la creaci\u00f3n, organizaci\u00f3n, env\u00edo y seguimiento de documentos comerciales que presentan soluciones, precios y condiciones a los clientes potenciales.\u00a0<\/span><strong data-start=\"1104\" data-end=\"1127\"><span>La gesti\u00f3n de contratos<\/span><\/strong><span>\u00a0se ocupa\u00a0de la formalizaci\u00f3n de acuerdos, cl\u00e1usulas, plazos y obligaciones entre las partes involucradas, ya sean clientes, proveedores o socios.<\/span><\/p><p class=\"\" data-start=\"1266\" data-end=\"1401\"><span>Ambos procesos deben ser integrados, claros y trazables para evitar p\u00e9rdidas de oportunidades, disputas o fallos de comunicaci\u00f3n.<\/span><\/p><hr class=\"\" data-start=\"1403\" data-end=\"1406\" \/><h3 class=\"\" data-start=\"1408\" data-end=\"1471\"><span>\ud83d\ude80 \u00bfPor qu\u00e9 la gesti\u00f3n de propuestas y contratos es estrat\u00e9gica?<\/span><\/h3><h4 class=\"\" data-start=\"1473\" data-end=\"1522\"><span>1.\u00a0<\/span><strong data-start=\"1481\" data-end=\"1522\"><span>Aumenta la tasa de conversi\u00f3n de ventas<\/span><\/strong><\/h4><p class=\"\" data-start=\"1523\" data-end=\"1741\"><span>Las propuestas comerciales bien estructuradas, personalizadas y enviadas r\u00e1pidamente aumentan considerablemente las posibilidades de cerrar un trato. La estandarizaci\u00f3n y automatizaci\u00f3n de este proceso\u00a0<\/span><strong data-start=\"1697\" data-end=\"1740\"><span>agiliza el proceso de toma de decisiones del cliente<\/span><\/strong><span>\u00a0.<\/span><\/p><h4 class=\"\" data-start=\"1743\" data-end=\"1777\"><span>2.\u00a0<\/span><strong data-start=\"1751\" data-end=\"1777\"><span>Reduce los riesgos legales<\/span><\/strong><\/h4><p class=\"\" data-start=\"1778\" data-end=\"1999\"><span>Los contratos mal redactados o mal gestionados pueden dar lugar a conflictos, demandas, p\u00e9rdidas financieras y da\u00f1os a la reputaci\u00f3n. Una buena gesti\u00f3n garantiza que\u00a0<\/span><strong data-start=\"1932\" data-end=\"1998\"><span>todas las partes est\u00e9n protegidas y se cumplan los t\u00e9rminos<\/span><\/strong><span>\u00a0.<\/span><\/p><h4 class=\"\" data-start=\"2001\" data-end=\"2045\"><span>3.\u00a0<\/span><strong data-start=\"2009\" data-end=\"2045\"><span>Mejora la experiencia del cliente<\/span><\/strong><\/h4><p class=\"\" data-start=\"2046\" data-end=\"2278\"><span>Ofrecer propuestas y contratos digitales, con firma electr\u00f3nica, dise\u00f1os profesionales y lenguaje claro, transmite credibilidad y\u00a0<\/span><strong data-start=\"2181\" data-end=\"2214\"><span>fortalece la imagen de la empresa<\/span><\/strong><span>\u00a0. Esto afecta directamente la satisfacci\u00f3n y la confianza del cliente.<\/span><\/p><h4 class=\"\" data-start=\"2280\" data-end=\"2321\"><span>4.\u00a0<\/span><strong data-start=\"2288\" data-end=\"2321\"><span>Organizaci\u00f3n y trazabilidad<\/span><\/strong><\/h4><p class=\"\" data-start=\"2322\" data-end=\"2505\"><span>Con un sistema adecuado es posible\u00a0<\/span><strong data-start=\"2358\" data-end=\"2450\"><span>controlar plazos de renovaci\u00f3n, pagos, obligaciones contractuales y documentos firmados<\/span><\/strong><span>\u00a0, evitando olvidos o vencimientos inadvertidos.<\/span><\/p><h4 class=\"\" data-start=\"2507\" data-end=\"2544\"><span>5.\u00a0<\/span><strong data-start=\"2515\" data-end=\"2544\"><span>Base de datos estrat\u00e9gica<\/span><\/strong><\/h4><p class=\"\" data-start=\"2545\" data-end=\"2753\"><span>Tener un historial bien estructurado de propuestas y contratos le permite generar informes estrat\u00e9gicos, medir el desempe\u00f1o de ventas, comprender objeciones frecuentes y\u00a0<\/span><strong data-start=\"2705\" data-end=\"2752\"><span>mejorar continuamente el proceso de ventas<\/span><\/strong><span>\u00a0.<\/span><\/p><hr class=\"\" data-start=\"2755\" data-end=\"2758\" \/><h3 class=\"\" data-start=\"2760\" data-end=\"2813\"><span>\ud83e\udde0 Problemas comunes causados \u200b\u200bpor la falta de gesti\u00f3n<\/span><\/h3><ul data-start=\"2815\" data-end=\"3075\"><li class=\"\" data-start=\"2815\" data-end=\"2859\"><p class=\"\" data-start=\"2817\" data-end=\"2859\"><span>Propuestas perdidas u olvidadas en el correo electr\u00f3nico<\/span><\/p><\/li><li class=\"\" data-start=\"2860\" data-end=\"2909\"><p class=\"\" data-start=\"2862\" data-end=\"2909\"><span>Contratos obsoletos circulando en el equipo<\/span><\/p><\/li><li class=\"\" data-start=\"2910\" data-end=\"2953\"><p class=\"\" data-start=\"2912\" data-end=\"2953\"><span>Falta de control de validez y renovaci\u00f3n<\/span><\/p><\/li><li class=\"\" data-start=\"2954\" data-end=\"2999\"><p class=\"\" data-start=\"2956\" data-end=\"2999\"><span>Informaci\u00f3n incoherente o no estandarizada<\/span><\/p><\/li><li class=\"\" data-start=\"3000\" data-end=\"3031\"><p class=\"\" data-start=\"3002\" data-end=\"3031\"><span>Firmas f\u00edsicas que consumen mucho tiempo<\/span><\/p><\/li><li class=\"\" data-start=\"3032\" data-end=\"3075\"><p class=\"\" data-start=\"3034\" data-end=\"3075\"><span>Riesgos legales debido a cl\u00e1usulas mal definidas<\/span><\/p><\/li><\/ul><p class=\"\" data-start=\"3077\" data-end=\"3189\"><span>Estas cuestiones afectan directamente\u00a0<\/span><strong data-start=\"3114\" data-end=\"3188\"><span>a la eficiencia comercial, a los aspectos legales de la empresa y a la confianza de los clientes<\/span><\/strong><span>\u00a0.<\/span><\/p><hr class=\"\" data-start=\"3191\" data-end=\"3194\" \/><h3 class=\"\" data-start=\"3196\" data-end=\"3250\"><span>\ud83d\udee0\ufe0f Soluciones tecnol\u00f3gicas y herramientas esenciales<\/span><\/h3><p class=\"\" data-start=\"3252\" data-end=\"3435\"><span>Para evitar estos cuellos de botella y aumentar la productividad, muchas empresas est\u00e1n adoptando herramientas de gesti\u00f3n de propuestas y contratos integradas con sistemas CRM y ERP, que ofrecen:<\/span><\/p><ul data-start=\"3437\" data-end=\"3722\"><li class=\"\" data-start=\"3437\" data-end=\"3489\"><p class=\"\" data-start=\"3439\" data-end=\"3489\"><span>Plantillas de propuestas y contratos personalizables<\/span><\/p><\/li><li class=\"\" data-start=\"3490\" data-end=\"3569\"><p class=\"\" data-start=\"3492\" data-end=\"3569\"><span>Firma electr\u00f3nica legalmente vinculante (como DocuSign, Clicksign, etc.)<\/span><\/p><\/li><li class=\"\" data-start=\"3570\" data-end=\"3624\"><p class=\"\" data-start=\"3572\" data-end=\"3624\"><span>Notificaciones de vencimiento o renovaci\u00f3n autom\u00e1tica<\/span><\/p><\/li><li class=\"\" data-start=\"3625\" data-end=\"3678\"><p class=\"\" data-start=\"3627\" data-end=\"3678\"><span>Aprobaci\u00f3n interna de documentos con versionado<\/span><\/p><\/li><li class=\"\" data-start=\"3679\" data-end=\"3722\"><p class=\"\" data-start=\"3681\" data-end=\"3722\"><span>Registro de interacciones y aceptaci\u00f3n digital<\/span><\/p><\/li><\/ul><p class=\"\" data-start=\"3724\" data-end=\"3854\"><span>Estas soluciones no s\u00f3lo aportan m\u00e1s agilidad, sino que\u00a0<\/span><strong data-start=\"3777\" data-end=\"3853\"><span>eliminan burocracia innecesaria y refuerzan el cumplimiento de la LGPD<\/span><\/strong><span>\u00a0.<\/span><\/p><hr class=\"\" data-start=\"3856\" data-end=\"3859\" \/><h3 class=\"\" data-start=\"3861\" data-end=\"3896\"><span>\ud83d\udd10 Gesti\u00f3n de contratos y la LGPD<\/span><\/h3><p class=\"\" data-start=\"3898\" data-end=\"4040\"><span>La gesti\u00f3n de contratos tambi\u00e9n juega un papel fundamental en el contexto de la\u00a0<\/span><strong data-start=\"3964\" data-end=\"4005\"><span>Ley General de Protecci\u00f3n de Datos (LGPD)<\/span><\/strong><span>\u00a0. Es a trav\u00e9s de esto que se formaliza lo siguiente:<\/span><\/p><ul data-start=\"4042\" data-end=\"4245\"><li class=\"\" data-start=\"4042\" data-end=\"4088\"><p class=\"\" data-start=\"4044\" data-end=\"4088\"><span>El tratamiento de datos personales y sensibles<\/span><\/p><\/li><li class=\"\" data-start=\"4089\" data-end=\"4133\"><p class=\"\" data-start=\"4091\" data-end=\"4133\"><span>La base legal para el uso de esta informaci\u00f3n<\/span><\/p><\/li><li class=\"\" data-start=\"4134\" data-end=\"4191\"><p class=\"\" data-start=\"4136\" data-end=\"4191\"><span>Los derechos y deberes de las partes en materia de privacidad<\/span><\/p><\/li><li class=\"\" data-start=\"4192\" data-end=\"4245\"><p class=\"\" data-start=\"4194\" data-end=\"4245\"><span>Transparencia en las relaciones comerciales y jur\u00eddicas<\/span><\/p><\/li><\/ul><p class=\"\" data-start=\"4247\" data-end=\"4362\"><span>Un contrato bien redactado y seguro es esencial para\u00a0<\/span><strong data-start=\"4298\" data-end=\"4361\"><span>evitar multas y garantizar el cumplimiento legal de la empresa<\/span><\/strong><span>\u00a0.<\/span><\/p><hr class=\"\" data-start=\"4364\" data-end=\"4367\" \/><h3 class=\"\" data-start=\"4369\" data-end=\"4414\"><span>Impacto real en el crecimiento empresarial<\/span><\/h3><p class=\"\" data-start=\"4416\" data-end=\"4512\"><span>Las empresas que estructuran su proceso de propuesta y contrataci\u00f3n tienen claras ventajas competitivas:<\/span><\/p><ul data-start=\"4513\" data-end=\"4718\"><li class=\"\" data-start=\"4513\" data-end=\"4557\"><p class=\"\" data-start=\"4515\" data-end=\"4557\"><span>Conversi\u00f3n de oportunidades m\u00e1s r\u00e1pida<\/span><\/p><\/li><li class=\"\" data-start=\"4558\" data-end=\"4600\"><p class=\"\" data-start=\"4560\" data-end=\"4600\"><span>Mayor control sobre las obligaciones asumidas<\/span><\/p><\/li><li class=\"\" data-start=\"4601\" data-end=\"4626\"><p class=\"\" data-start=\"4603\" data-end=\"4626\"><span>M\u00e1s seguridad jur\u00eddica<\/span><\/p><\/li><li class=\"\" data-start=\"4627\" data-end=\"4666\"><p class=\"\" data-start=\"4629\" data-end=\"4666\"><span>Menos reelaboraci\u00f3n y errores operativos<\/span><\/p><\/li><li class=\"\" data-start=\"4667\" data-end=\"4718\"><p class=\"\" data-start=\"4669\" data-end=\"4718\"><span>M\u00e1s tiempo del equipo enfocado en ventas y servicio<\/span><\/p><\/li><\/ul><p class=\"\" data-start=\"4720\" data-end=\"4844\"><span>En otras palabras,\u00a0<\/span><strong data-start=\"4729\" data-end=\"4843\"><span>no se trata s\u00f3lo de formalizar documentos, sino de hacer el negocio m\u00e1s estrat\u00e9gico, predecible y confiable<\/span><\/strong><span>\u00a0.<\/span><\/p><hr class=\"\" data-start=\"4846\" data-end=\"4849\" \/><h3 class=\"\" data-start=\"4851\" data-end=\"4867\"><span>\ud83c\udfc1 Conclusi\u00f3n<\/span><\/h3><p class=\"\" data-start=\"4869\" data-end=\"5091\"><span>La gesti\u00f3n de propuestas y contratos\u00a0<\/span><strong data-start=\"4871\" data-end=\"4971\"><span>es un engranaje esencial en la m\u00e1quina de crecimiento empresarial<\/span><\/strong><span>\u00a0. Conecta ventas, legal, finanzas y relaciones con clientes de forma inteligente, estrat\u00e9gica e integrada.<\/span><\/p><p class=\"\" data-start=\"5093\" data-end=\"5280\"><span>Descuidar este proceso puede resultar costoso. Por otro lado, dominarlo puede ser\u00a0<\/span><strong data-start=\"5173\" data-end=\"5279\"><span>el punto de inflexi\u00f3n para llevar a tu empresa a un nuevo nivel de profesionalidad, seguridad y eficiencia<\/span><\/strong><span>\u00a0.<\/span><\/p>\t\t\t\t\t\t\t\t<\/div>\n\t\t\t\t<\/div>\n\t\t\t\t\t<\/div>\n\t\t\t\t<\/div>\n\t\t\t\t<section class=\"elementor-section elementor-top-section elementor-element elementor-element-a3c2485 elementor-section-boxed elementor-section-height-default elementor-section-height-default\" data-id=\"a3c2485\" data-element_type=\"section\" data-e-type=\"section\" data-settings=\"{&quot;background_background&quot;:&quot;classic&quot;}\">\n\t\t\t\t\t\t\t<div class=\"elementor-background-overlay\"><\/div>\n\t\t\t\t\t\t\t<div class=\"elementor-container elementor-column-gap-default\">\n\t\t\t\t\t<div class=\"elementor-column elementor-col-100 elementor-top-column elementor-element elementor-element-69616c4 elementor-invisible\" data-id=\"69616c4\" data-element_type=\"column\" data-e-type=\"column\" data-settings=\"{&quot;animation&quot;:&quot;zoomIn&quot;}\">\n\t\t\t<div class=\"elementor-widget-wrap elementor-element-populated\">\n\t\t\t\t\t\t<div class=\"elementor-element elementor-element-6368675 elementor-widget elementor-widget-heading\" data-id=\"6368675\" data-element_type=\"widget\" data-e-type=\"widget\" data-widget_type=\"heading.default\">\n\t\t\t\t<div class=\"elementor-widget-container\">\n\t\t\t\t\t<h2 class=\"elementor-heading-title elementor-size-default\">Pruebe System360 CRM gratis: \u00a1sin riesgos y sin necesidad de tarjeta!<\/h2>\t\t\t\t<\/div>\n\t\t\t\t<\/div>\n\t\t\t\t<div class=\"elementor-element elementor-element-070e341 elementor-widget elementor-widget-text-editor\" data-id=\"070e341\" data-element_type=\"widget\" data-e-type=\"widget\" data-widget_type=\"text-editor.default\">\n\t\t\t\t<div class=\"elementor-widget-container\">\n\t\t\t\t\t\t\t\t\t<p><span>Descubre todo el potencial de nuestro CRM con una prueba 100% gratuita.<\/span><br data-start=\"218\" data-end=\"221\" \/><span>No requiere tarjeta de cr\u00e9dito, sin compromiso: t\u00f3mese su tiempo para probarlo, explorar todas las funciones y ver c\u00f3mo System360 puede transformar la gesti\u00f3n de su empresa antes de tomar cualquier decisi\u00f3n.<\/span><\/p>\t\t\t\t\t\t\t\t<\/div>\n\t\t\t\t<\/div>\n\t\t\t\t<div class=\"elementor-element elementor-element-f8c7e53 elementor-align-center elementor-widget elementor-widget-button\" data-id=\"f8c7e53\" data-element_type=\"widget\" data-e-type=\"widget\" data-widget_type=\"button.default\">\n\t\t\t\t<div class=\"elementor-widget-container\">\n\t\t\t\t\t\t\t\t\t<div class=\"elementor-button-wrapper\">\n\t\t\t\t\t<a class=\"elementor-button elementor-button-link elementor-size-md\" href=\"https:\/\/bot360.com.br\/es\/servicos\">\n\t\t\t\t\t\t<span class=\"elementor-button-content-wrapper\">\n\t\t\t\t\t\t\t\t\t<span class=\"elementor-button-text\">testar por 14 dias<\/span>\n\t\t\t\t\t<\/span>\n\t\t\t\t\t<\/a>\n\t\t\t\t<\/div>\n\t\t\t\t\t\t\t\t<\/div>\n\t\t\t\t<\/div>\n\t\t\t\t\t<\/div>\n\t\t<\/div>\n\t\t\t\t\t<\/div>\n\t\t<\/section>\n\t\t\t\t<\/div>\n\t\t","protected":false},"excerpt":{"rendered":"<p>\ud83d\udcd1 La importancia de la gesti\u00f3n de propuestas y contratos en la estructura empresarial Profesionalizar las operaciones es un paso fundamental para las empresas que buscan crecimiento sostenible, previsibilidad y seguridad. Entre los pilares de esta estructura se encuentra la\u00a0gesti\u00f3n de propuestas comerciales y contratos\u00a0, a menudo descuidada, pero que tiene un impacto directo en [&hellip;]<\/p>\n","protected":false},"author":1,"featured_media":0,"parent":0,"menu_order":0,"comment_status":"closed","ping_status":"closed","template":"","meta":{"footnotes":""},"class_list":["post-613","page","type-page","status-publish","hentry"],"_links":{"self":[{"href":"https:\/\/bot360.com.br\/es\/wp-json\/wp\/v2\/pages\/613","targetHints":{"allow":["GET"]}}],"collection":[{"href":"https:\/\/bot360.com.br\/es\/wp-json\/wp\/v2\/pages"}],"about":[{"href":"https:\/\/bot360.com.br\/es\/wp-json\/wp\/v2\/types\/page"}],"author":[{"embeddable":true,"href":"https:\/\/bot360.com.br\/es\/wp-json\/wp\/v2\/users\/1"}],"replies":[{"embeddable":true,"href":"https:\/\/bot360.com.br\/es\/wp-json\/wp\/v2\/comments?post=613"}],"version-history":[{"count":6,"href":"https:\/\/bot360.com.br\/es\/wp-json\/wp\/v2\/pages\/613\/revisions"}],"predecessor-version":[{"id":1028,"href":"https:\/\/bot360.com.br\/es\/wp-json\/wp\/v2\/pages\/613\/revisions\/1028"}],"wp:attachment":[{"href":"https:\/\/bot360.com.br\/es\/wp-json\/wp\/v2\/media?parent=613"}],"curies":[{"name":"wp","href":"https:\/\/api.w.org\/{rel}","templated":true}]}}