{"id":611,"date":"2025-04-12T20:04:52","date_gmt":"2025-04-12T23:04:52","guid":{"rendered":"https:\/\/bot360.com.br\/%f0%9f%a4%9d-la-importancia-de-la-atencion-al-cliente-pilar-estrategico-para-la-experiencia-la-lealtad-y-el-crecimiento\/"},"modified":"2025-05-11T09:28:09","modified_gmt":"2025-05-11T12:28:09","slug":"%f0%9f%a4%9d-la-importancia-de-la-atencion-al-cliente-pilar-estrategico-para-la-experiencia-la-lealtad-y-el-crecimiento","status":"publish","type":"page","link":"https:\/\/bot360.com.br\/es\/%f0%9f%a4%9d-la-importancia-de-la-atencion-al-cliente-pilar-estrategico-para-la-experiencia-la-lealtad-y-el-crecimiento\/","title":{"rendered":"? La importancia de la atenci\u00f3n al cliente: pilar estrat\u00e9gico para la experiencia, la lealtad y el crecimiento"},"content":{"rendered":"\t\t<div data-elementor-type=\"wp-page\" data-elementor-id=\"611\" class=\"elementor elementor-611\" data-elementor-post-type=\"page\">\n\t\t\t\t<div class=\"elementor-element elementor-element-36d8421 e-flex e-con-boxed e-con e-parent\" data-id=\"36d8421\" data-element_type=\"container\" data-e-type=\"container\">\n\t\t\t\t\t<div class=\"e-con-inner\">\n\t\t\t\t<div class=\"elementor-element elementor-element-e03e478 elementor-widget elementor-widget-heading\" data-id=\"e03e478\" data-element_type=\"widget\" data-e-type=\"widget\" data-widget_type=\"heading.default\">\n\t\t\t\t<div class=\"elementor-widget-container\">\n\t\t\t\t\t<h2 class=\"elementor-heading-title elementor-size-default\">\ud83e\udd1d La importancia de la atenci\u00f3n al cliente: un pilar estrat\u00e9gico para la experiencia, la fidelizaci\u00f3n y el crecimiento<\/h2>\t\t\t\t<\/div>\n\t\t\t\t<\/div>\n\t\t\t\t<div class=\"elementor-element elementor-element-8b9fd93 elementor-widget elementor-widget-text-editor\" data-id=\"8b9fd93\" data-element_type=\"widget\" data-e-type=\"widget\" data-widget_type=\"text-editor.default\">\n\t\t\t\t<div class=\"elementor-widget-container\">\n\t\t\t\t\t\t\t\t\t<p class=\"\" data-start=\"363\" data-end=\"689\"><span><span class=\"\">En un mercado cada vez m\u00e1s competitivo, donde los productos y los precios suelen ser los mismos,\u00a0<\/span><\/span><strong data-start=\"452\" data-end=\"519\"><span><span class=\"\">lo que diferencia a las empresas es su relaci\u00f3n con el cliente<\/span><\/span><\/strong><span><span class=\"\">\u00a0. Y en este contexto,\u00a0<\/span><\/span><strong data-start=\"541\" data-end=\"563\"><span><span class=\"\">la atenci\u00f3n al cliente<\/span><\/span><\/strong><span><span class=\"\">\u00a0, muchas veces vista s\u00f3lo como un \u00e1rea operativa, se revela como uno de los\u00a0<\/span><\/span><strong data-start=\"642\" data-end=\"688\"><span><span class=\"\">principales pilares estrat\u00e9gicos del negocio<\/span><\/span><\/strong><span><span class=\"\">\u00a0.<\/span><\/span><\/p><p class=\"\" data-start=\"691\" data-end=\"898\"><span>M\u00e1s que resolver problemas, el soporte tiene el papel de\u00a0<\/span><strong data-start=\"748\" data-end=\"807\"><span>garantizar una experiencia fluida, humanizada y eficiente<\/span><\/strong><span>\u00a0, contribuyendo directamente a la fidelizaci\u00f3n, la reputaci\u00f3n de la marca y el aumento de los ingresos.<\/span><\/p><hr class=\"\" data-start=\"900\" data-end=\"903\" \/><h3 class=\"\" data-start=\"905\" data-end=\"939\"><span>\ud83e\udded \u00bfQu\u00e9 es la Atenci\u00f3n al Cliente?<\/span><\/h3><p class=\"\" data-start=\"941\" data-end=\"1172\"><strong data-start=\"943\" data-end=\"965\"><span>La atenci\u00f3n al cliente<\/span><\/strong><span>\u00a0es\u00a0el conjunto de procesos, canales y profesionales encargados de\u00a0<\/span><strong data-start=\"1033\" data-end=\"1104\"><span>atender, orientar y resolver las consultas o dificultades de los clientes<\/span><\/strong><span>\u00a0con el uso de productos o servicios. Se puede ofrecer de las siguientes maneras:<\/span><\/p><ul data-start=\"1173\" data-end=\"1349\"><li class=\"\" data-start=\"1173\" data-end=\"1229\"><p class=\"\" data-start=\"1175\" data-end=\"1229\"><strong data-start=\"1175\" data-end=\"1189\"><span>Preventivo<\/span><\/strong><span>\u00a0(educaci\u00f3n, incorporaci\u00f3n, autoservicio)<\/span><\/p><\/li><li class=\"\" data-start=\"1230\" data-end=\"1279\"><p class=\"\" data-start=\"1232\" data-end=\"1279\"><strong data-start=\"1232\" data-end=\"1245\"><span>Correctivo<\/span><\/strong><span>\u00a0(respuesta reactiva a los problemas)<\/span><\/p><\/li><li class=\"\" data-start=\"1280\" data-end=\"1349\"><p class=\"\" data-start=\"1282\" data-end=\"1349\"><strong data-start=\"1282\" data-end=\"1294\"><span>Proactivo<\/span><\/strong><span>\u00a0(identificar problemas antes de que el cliente los note)<\/span><\/p><\/li><\/ul><hr class=\"\" data-start=\"1351\" data-end=\"1354\" \/><h3 class=\"\" data-start=\"1356\" data-end=\"1406\"><span>\ud83d\ude80 \u00bfPor qu\u00e9 la atenci\u00f3n al cliente es estrat\u00e9gica?<\/span><\/h3><h4 class=\"\" data-start=\"1408\" data-end=\"1454\"><span>1.\u00a0<\/span><strong data-start=\"1416\" data-end=\"1454\"><span>Fidelizaci\u00f3n y retenci\u00f3n de clientes<\/span><\/strong><\/h4><p class=\"\" data-start=\"1455\" data-end=\"1696\"><span>Seg\u00fan estudios de mercado,\u00a0<\/span><strong data-start=\"1483\" data-end=\"1548\"><span>retener un cliente cuesta hasta 5 veces menos que adquirir uno nuevo<\/span><\/strong><span>\u00a0. Un servicio excelente fortalece el v\u00ednculo con la marca, aumenta la confianza y la satisfacci\u00f3n, reduciendo dr\u00e1sticamente la p\u00e9rdida de clientes (cancelaci\u00f3n).<\/span><\/p><h4 class=\"\" data-start=\"1698\" data-end=\"1761\"><span>2.\u00a0<\/span><strong data-start=\"1706\" data-end=\"1761\"><span>Aumentar el LTV (valor de vida del cliente)<\/span><\/strong><\/h4><p class=\"\" data-start=\"1762\" data-end=\"1992\"><span>Los clientes bien atendidos permanecen m\u00e1s tiempo en la base, realizan ventas adicionales, recomiendan la empresa y se convierten en defensores de la marca. Esto tiene un impacto directo en\u00a0<\/span><strong data-start=\"1909\" data-end=\"1933\"><span>el Valor de Vida del Inmueble (LTV)<\/span><\/strong><span>\u00a0, uno de los principales indicadores de crecimiento sostenible.<\/span><\/p><h4 class=\"\" data-start=\"1994\" data-end=\"2037\"><span>3.\u00a0<\/span><strong data-start=\"2002\" data-end=\"2037\"><span>Reputaci\u00f3n y autoridad de la marca<\/span><\/strong><\/h4><p class=\"\" data-start=\"2038\" data-end=\"2225\"><span>Las malas experiencias se comparten r\u00e1pidamente en las redes sociales y las plataformas de rese\u00f1as. Un apoyo eficaz\u00a0<\/span><strong data-start=\"2151\" data-end=\"2182\"><span>protege la imagen de la empresa<\/span><\/strong><span>\u00a0y construye autoridad positiva en el mercado.<\/span><\/p><h4 class=\"\" data-start=\"2227\" data-end=\"2276\"><span>4.\u00a0<\/span><strong data-start=\"2235\" data-end=\"2276\"><span>Identificaci\u00f3n de mejoras y perspectivas<\/span><\/strong><\/h4><p class=\"\" data-start=\"2277\" data-end=\"2476\"><span>El soporte es la primera l\u00ednea del negocio. Cada interacci\u00f3n con el cliente puede brindar\u00a0<\/span><strong data-start=\"2360\" data-end=\"2475\"><span>informaci\u00f3n valiosa sobre fallas, oportunidades de mejora, nuevas caracter\u00edsticas y tendencias de comportamiento<\/span><\/strong><span>\u00a0.<\/span><\/p><h4 class=\"\" data-start=\"2478\" data-end=\"2515\"><span>5.\u00a0<\/span><strong data-start=\"2486\" data-end=\"2515\"><span>Diferenciaci\u00f3n competitiva<\/span><\/strong><\/h4><p class=\"\" data-start=\"2516\" data-end=\"2712\"><span>En un mundo donde productos y precios son similares, las empresas que invierten en un excelente soporte\u00a0<\/span><strong data-start=\"2616\" data-end=\"2648\"><span>se destacan por su experiencia<\/span><\/strong><span>\u00a0. Este es un factor decisivo en la elecci\u00f3n del consumidor moderno.<\/span><\/p><hr class=\"\" data-start=\"2714\" data-end=\"2717\" \/><h3 class=\"\" data-start=\"2719\" data-end=\"2758\"><span>\ud83d\udcca Datos que demuestran relevancia<\/span><\/h3><ul data-start=\"2760\" data-end=\"3059\"><li class=\"\" data-start=\"2760\" data-end=\"2877\"><p class=\"\" data-start=\"2762\" data-end=\"2877\"><strong data-start=\"2762\" data-end=\"2786\"><span>El 96% de los consumidores<\/span><\/strong><span>\u00a0afirma que el servicio al cliente es importante al elegir una marca (Fuente: Microsoft)<\/span><\/p><\/li><li class=\"\" data-start=\"2878\" data-end=\"2976\"><p class=\"\" data-start=\"2880\" data-end=\"2976\"><strong data-start=\"2880\" data-end=\"2900\"><span>El 80% de los clientes<\/span><\/strong><span>\u00a0cambiar\u00edan de marca despu\u00e9s de una mala experiencia de soporte (Fuente: Zendesk)<\/span><\/p><\/li><li class=\"\" data-start=\"2977\" data-end=\"3059\"><p class=\"\" data-start=\"2979\" data-end=\"3059\"><strong data-start=\"2979\" data-end=\"3009\"><span>El 77% de los consumidores leales<\/span><\/strong><span>\u00a0recomiendan marcas con buen soporte (Fuente: Forbes)<\/span><\/p><\/li><\/ul><p class=\"\" data-start=\"3061\" data-end=\"3163\"><span>Estos datos demuestran que\u00a0<\/span><strong data-start=\"3088\" data-end=\"3130\"><span>el soporte no es un costo: es una<\/span><\/strong><span>\u00a0inversi\u00f3n directa en el desempe\u00f1o del negocio.<\/span><\/p><hr class=\"\" data-start=\"3165\" data-end=\"3168\" \/><h3 class=\"\" data-start=\"3170\" data-end=\"3231\"><span>Atenci\u00f3n al cliente y tecnolog\u00eda: una alianza poderosa<\/span><\/h3><p class=\"\" data-start=\"3233\" data-end=\"3282\"><span>Las empresas modernas han invertido en soluciones como:<\/span><\/p><ul data-start=\"3283\" data-end=\"3541\"><li class=\"\" data-start=\"3283\" data-end=\"3327\"><p class=\"\" data-start=\"3285\" data-end=\"3327\"><strong data-start=\"3285\" data-end=\"3327\"><span>CRM con historial completo del cliente<\/span><\/strong><\/p><\/li><li class=\"\" data-start=\"3328\" data-end=\"3382\"><p class=\"\" data-start=\"3330\" data-end=\"3382\"><strong data-start=\"3330\" data-end=\"3353\"><span>Sistemas de tickets<\/span><\/strong><span>\u00a0para organizar demandas<\/span><\/p><\/li><li class=\"\" data-start=\"3383\" data-end=\"3445\"><p class=\"\" data-start=\"3385\" data-end=\"3445\"><strong data-start=\"3385\" data-end=\"3423\"><span>Chatbots e inteligencia artificial<\/span><\/strong><span>\u00a0para atenci\u00f3n al cliente 24\/7<\/span><\/p><\/li><li class=\"\" data-start=\"3446\" data-end=\"3491\"><p class=\"\" data-start=\"3448\" data-end=\"3491\"><strong data-start=\"3448\" data-end=\"3491\"><span>Bases de conocimiento y autoservicio<\/span><\/strong><\/p><\/li><li class=\"\" data-start=\"3492\" data-end=\"3541\"><p class=\"\" data-start=\"3494\" data-end=\"3541\"><strong data-start=\"3494\" data-end=\"3541\"><span>WhatsApp, correo electr\u00f3nico y redes sociales integrados<\/span><\/strong><\/p><\/li><\/ul><p class=\"\" data-start=\"3543\" data-end=\"3747\"><span>Estas herramientas aseguran\u00a0<\/span><strong data-start=\"3570\" data-end=\"3628\"><span>respuestas m\u00e1s r\u00e1pidas, personalizadas y centralizadas<\/span><\/strong><span>\u00a0, adem\u00e1s de\u00a0<\/span><strong data-start=\"3638\" data-end=\"3672\"><span>automatizar lo repetitivo<\/span><\/strong><span>\u00a0, liberando tiempo del equipo para centrarse en lo que realmente importa: el cliente.<\/span><\/p><hr class=\"\" data-start=\"3749\" data-end=\"3752\" \/><h3 class=\"\" data-start=\"3754\" data-end=\"3818\"><span>\ud83d\udd10 Soporte y LGPD: Protegiendo al Cliente con Responsabilidad<\/span><\/h3><p class=\"\" data-start=\"3820\" data-end=\"4035\"><span>El soporte tambi\u00e9n es responsable del manejo\u00a0<\/span><strong data-start=\"3865\" data-end=\"3893\"><span>de datos personales sensibles<\/span><\/strong><span>\u00a0. Esto hace imprescindible adoptar pr\u00e1cticas de seguridad de la informaci\u00f3n y\u00a0<\/span><strong data-start=\"3968\" data-end=\"3995\"><span>cumplir con la LGPD<\/span><\/strong><span>\u00a0(Ley General de Protecci\u00f3n de Datos), tales como:<\/span><\/p><ul data-start=\"4036\" data-end=\"4127\"><li class=\"\" data-start=\"4036\" data-end=\"4057\"><p class=\"\" data-start=\"4038\" data-end=\"4057\"><span>Consentimiento claro<\/span><\/p><\/li><li class=\"\" data-start=\"4058\" data-end=\"4078\"><p class=\"\" data-start=\"4060\" data-end=\"4078\"><span>Control de acceso<\/span><\/p><\/li><li class=\"\" data-start=\"4079\" data-end=\"4103\"><p class=\"\" data-start=\"4081\" data-end=\"4103\"><span>Registro de actividades<\/span><\/p><\/li><li class=\"\" data-start=\"4104\" data-end=\"4127\"><p class=\"\" data-start=\"4106\" data-end=\"4127\"><span>Cifrado de datos<\/span><\/p><\/li><\/ul><blockquote data-start=\"4129\" data-end=\"4223\"><p class=\"\" data-start=\"4131\" data-end=\"4223\"><span>Un buen soporte no s\u00f3lo resuelve el problema:\u00a0<\/span><strong data-start=\"4178\" data-end=\"4222\"><span>lo hace de forma \u00e9tica, respetuosa y segura<\/span><\/strong><span>\u00a0.<\/span><\/p><\/blockquote><hr class=\"\" data-start=\"4225\" data-end=\"4228\" \/><h3 class=\"\" data-start=\"4230\" data-end=\"4246\"><span>\ud83c\udfc1 Conclusi\u00f3n<\/span><\/h3><p class=\"\" data-start=\"4248\" data-end=\"4492\"><strong data-start=\"4250\" data-end=\"4332\"><span>La atenci\u00f3n al cliente no debe tratarse como un coste o una obligaci\u00f3n operativa<\/span><\/strong><span>\u00a0,\u00a0sino como una\u00a0<\/span><strong data-start=\"4351\" data-end=\"4384\"><span>palanca estrat\u00e9gica de valor<\/span><\/strong><span>\u00a0. Tiene un impacto directo en la experiencia del usuario, la fidelizaci\u00f3n, la imagen de marca e incluso los ingresos.<\/span><\/p><p class=\"\" data-start=\"4494\" data-end=\"4661\"><span>Las empresas que colocan al cliente en el centro de las decisiones \u2014e invierten en un soporte \u00e1gil, humanizado y eficiente\u2014\u00a0<\/span><strong data-start=\"4606\" data-end=\"4660\"><span>cosechan resultados s\u00f3lidos, duraderos y escalables<\/span><\/strong><span>\u00a0.<\/span><\/p><p class=\"\" data-start=\"4663\" data-end=\"4809\"><span>Si quieres crecer de forma consistente y fortalecer la reputaci\u00f3n de tu empresa,\u00a0<\/span><strong data-start=\"4744\" data-end=\"4808\"><span>comienza por lo b\u00e1sico: brindar un buen servicio, resolver los problemas r\u00e1pidamente y escuchar siempre<\/span><\/strong><span>\u00a0.<\/span><\/p>\t\t\t\t\t\t\t\t<\/div>\n\t\t\t\t<\/div>\n\t\t\t\t\t<\/div>\n\t\t\t\t<\/div>\n\t\t\t\t<section class=\"elementor-section elementor-top-section elementor-element elementor-element-ed0b576 elementor-section-boxed elementor-section-height-default elementor-section-height-default\" data-id=\"ed0b576\" data-element_type=\"section\" data-e-type=\"section\" data-settings=\"{&quot;background_background&quot;:&quot;classic&quot;}\">\n\t\t\t\t\t\t\t<div class=\"elementor-background-overlay\"><\/div>\n\t\t\t\t\t\t\t<div class=\"elementor-container elementor-column-gap-default\">\n\t\t\t\t\t<div class=\"elementor-column elementor-col-100 elementor-top-column elementor-element elementor-element-7353ede elementor-invisible\" data-id=\"7353ede\" data-element_type=\"column\" data-e-type=\"column\" data-settings=\"{&quot;animation&quot;:&quot;zoomIn&quot;}\">\n\t\t\t<div class=\"elementor-widget-wrap elementor-element-populated\">\n\t\t\t\t\t\t<div class=\"elementor-element elementor-element-5ca7338 elementor-widget elementor-widget-heading\" data-id=\"5ca7338\" data-element_type=\"widget\" data-e-type=\"widget\" data-widget_type=\"heading.default\">\n\t\t\t\t<div class=\"elementor-widget-container\">\n\t\t\t\t\t<h2 class=\"elementor-heading-title elementor-size-default\">Pruebe System360 CRM gratis: \u00a1sin riesgos y sin necesidad de tarjeta!<\/h2>\t\t\t\t<\/div>\n\t\t\t\t<\/div>\n\t\t\t\t<div class=\"elementor-element elementor-element-2571841 elementor-widget elementor-widget-text-editor\" data-id=\"2571841\" data-element_type=\"widget\" data-e-type=\"widget\" data-widget_type=\"text-editor.default\">\n\t\t\t\t<div class=\"elementor-widget-container\">\n\t\t\t\t\t\t\t\t\t<p><span>Descubre todo el potencial de nuestro CRM con una prueba 100% gratuita.<\/span><br data-start=\"218\" data-end=\"221\" \/><span>No requiere tarjeta de cr\u00e9dito, sin compromiso: t\u00f3mese su tiempo para probarlo, explorar todas las funciones y ver c\u00f3mo System360 puede transformar la gesti\u00f3n de su empresa antes de tomar cualquier decisi\u00f3n.<\/span><\/p>\t\t\t\t\t\t\t\t<\/div>\n\t\t\t\t<\/div>\n\t\t\t\t<div class=\"elementor-element elementor-element-0a8f6ce elementor-align-center elementor-widget elementor-widget-button\" data-id=\"0a8f6ce\" data-element_type=\"widget\" data-e-type=\"widget\" data-widget_type=\"button.default\">\n\t\t\t\t<div class=\"elementor-widget-container\">\n\t\t\t\t\t\t\t\t\t<div class=\"elementor-button-wrapper\">\n\t\t\t\t\t<a class=\"elementor-button elementor-button-link elementor-size-md\" href=\"https:\/\/bot360.com.br\/es\/servicos\">\n\t\t\t\t\t\t<span class=\"elementor-button-content-wrapper\">\n\t\t\t\t\t\t\t\t\t<span class=\"elementor-button-text\">testar por 14 dias<\/span>\n\t\t\t\t\t<\/span>\n\t\t\t\t\t<\/a>\n\t\t\t\t<\/div>\n\t\t\t\t\t\t\t\t<\/div>\n\t\t\t\t<\/div>\n\t\t\t\t\t<\/div>\n\t\t<\/div>\n\t\t\t\t\t<\/div>\n\t\t<\/section>\n\t\t\t\t<\/div>\n\t\t","protected":false},"excerpt":{"rendered":"<p>\ud83e\udd1d La importancia de la atenci\u00f3n al cliente: un pilar estrat\u00e9gico para la experiencia, la fidelizaci\u00f3n y el crecimiento En un mercado cada vez m\u00e1s competitivo, donde los productos y los precios suelen ser los mismos,\u00a0lo que diferencia a las empresas es su relaci\u00f3n con el cliente\u00a0. Y en este contexto,\u00a0la atenci\u00f3n al cliente\u00a0, muchas [&hellip;]<\/p>\n","protected":false},"author":1,"featured_media":0,"parent":0,"menu_order":0,"comment_status":"closed","ping_status":"closed","template":"","meta":{"footnotes":""},"class_list":["post-611","page","type-page","status-publish","hentry"],"_links":{"self":[{"href":"https:\/\/bot360.com.br\/es\/wp-json\/wp\/v2\/pages\/611","targetHints":{"allow":["GET"]}}],"collection":[{"href":"https:\/\/bot360.com.br\/es\/wp-json\/wp\/v2\/pages"}],"about":[{"href":"https:\/\/bot360.com.br\/es\/wp-json\/wp\/v2\/types\/page"}],"author":[{"embeddable":true,"href":"https:\/\/bot360.com.br\/es\/wp-json\/wp\/v2\/users\/1"}],"replies":[{"embeddable":true,"href":"https:\/\/bot360.com.br\/es\/wp-json\/wp\/v2\/comments?post=611"}],"version-history":[{"count":6,"href":"https:\/\/bot360.com.br\/es\/wp-json\/wp\/v2\/pages\/611\/revisions"}],"predecessor-version":[{"id":1025,"href":"https:\/\/bot360.com.br\/es\/wp-json\/wp\/v2\/pages\/611\/revisions\/1025"}],"wp:attachment":[{"href":"https:\/\/bot360.com.br\/es\/wp-json\/wp\/v2\/media?parent=611"}],"curies":[{"name":"wp","href":"https:\/\/api.w.org\/{rel}","templated":true}]}}