{"id":608,"date":"2025-04-12T20:04:50","date_gmt":"2025-04-12T23:04:50","guid":{"rendered":"https:\/\/bot360.com.br\/%f0%9f%93%8c-la-importancia-de-la-gestion-de-proyectos-y-tareas-para-las-empresas-que-buscan-un-alto-rendimiento\/"},"modified":"2025-05-11T09:27:50","modified_gmt":"2025-05-11T12:27:50","slug":"%f0%9f%93%8c-la-importancia-de-la-gestion-de-proyectos-y-tareas-para-las-empresas-que-buscan-un-alto-rendimiento","status":"publish","type":"page","link":"https:\/\/bot360.com.br\/es\/%f0%9f%93%8c-la-importancia-de-la-gestion-de-proyectos-y-tareas-para-las-empresas-que-buscan-un-alto-rendimiento\/","title":{"rendered":"? La importancia de la gesti\u00f3n de proyectos y tareas para las empresas que buscan un alto rendimiento"},"content":{"rendered":"\t\t<div data-elementor-type=\"wp-page\" data-elementor-id=\"608\" class=\"elementor elementor-608\" data-elementor-post-type=\"page\">\n\t\t\t\t<div class=\"elementor-element elementor-element-36d8421 e-flex e-con-boxed e-con e-parent\" data-id=\"36d8421\" data-element_type=\"container\" data-e-type=\"container\">\n\t\t\t\t\t<div class=\"e-con-inner\">\n\t\t\t\t<div class=\"elementor-element elementor-element-e03e478 elementor-widget elementor-widget-heading\" data-id=\"e03e478\" data-element_type=\"widget\" data-e-type=\"widget\" data-widget_type=\"heading.default\">\n\t\t\t\t<div class=\"elementor-widget-container\">\n\t\t\t\t\t<h2 class=\"elementor-heading-title elementor-size-default\">\ud83d\udccc La importancia de la gesti\u00f3n de proyectos y tareas para las empresas que buscan un alto rendimiento<\/h2>\t\t\t\t<\/div>\n\t\t\t\t<\/div>\n\t\t\t\t<div class=\"elementor-element elementor-element-8b9fd93 elementor-widget elementor-widget-text-editor\" data-id=\"8b9fd93\" data-element_type=\"widget\" data-e-type=\"widget\" data-widget_type=\"text-editor.default\">\n\t\t\t\t<div class=\"elementor-widget-container\">\n\t\t\t\t\t\t\t\t\t<p class=\"\" data-start=\"342\" data-end=\"735\"><span><span class=\"\">En el entorno empresarial actual, donde los plazos cortos, las demandas crecientes y los equipos multifuncionales son parte de la vida cotidiana,\u00a0<\/span><\/span><strong data-start=\"464\" data-end=\"575\"><span><span class=\"\">la gesti\u00f3n eficiente de proyectos y tareas ya no es un diferenciador sino que se ha convertido en un requisito esencial<\/span><\/span><\/strong><span><span class=\"\">\u00a0. Sin una metodolog\u00eda clara, herramientas adecuadas y una buena planificaci\u00f3n, es imposible garantizar entregas de calidad, a tiempo y con control de costes.<\/span><\/span><\/p><p class=\"\" data-start=\"737\" data-end=\"984\"><span>En este art\u00edculo comprender\u00e1 por qu\u00e9\u00a0<\/span><strong data-start=\"779\" data-end=\"853\"><span>la gesti\u00f3n de proyectos y tareas es vital para el crecimiento organizacional<\/span><\/strong><span>\u00a0, c\u00f3mo impacta directamente en los resultados y qu\u00e9 buenas pr\u00e1cticas se pueden adoptar para impulsar el desempe\u00f1o de su empresa.<\/span><\/p><hr class=\"\" data-start=\"986\" data-end=\"989\" \/><h3 class=\"\" data-start=\"991\" data-end=\"1037\"><span>\ud83d\udccb \u00bfQu\u00e9 es la Gesti\u00f3n de Proyectos y Tareas?<\/span><\/h3><p class=\"\" data-start=\"1039\" data-end=\"1351\"><strong data-start=\"1041\" data-end=\"1063\"><span>La gesti\u00f3n de proyectos<\/span><\/strong><span>\u00a0es\u00a0el proceso de\u00a0<\/span><strong data-start=\"1080\" data-end=\"1124\"><span>planificar, ejecutar, supervisar y completar<\/span><\/strong><span>\u00a0un conjunto de actividades interdependientes con objetivos espec\u00edficos y un marco temporal espec\u00edfico.\u00a0<\/span><strong data-start=\"1220\" data-end=\"1241\"><span>La gesti\u00f3n de tareas<\/span><\/strong><span>\u00a0es\u00a0el detalle operativo de estas actividades, organizando qu\u00e9 debe hacerse, qui\u00e9n lo debe hacer, cu\u00e1ndo y c\u00f3mo.<\/span><\/p><p class=\"\" data-start=\"1353\" data-end=\"1481\"><span>Ambos trabajan juntos para que el proyecto logre sus objetivos, respetando los pilares de\u00a0<\/span><strong data-start=\"1444\" data-end=\"1480\"><span>alcance, tiempo, costo y calidad<\/span><\/strong><span>\u00a0.<\/span><\/p><hr class=\"\" data-start=\"1483\" data-end=\"1486\" \/><h3 class=\"\" data-start=\"1488\" data-end=\"1548\"><span>\ud83d\ude80 Beneficios de la gesti\u00f3n de proyectos y tareas en la pr\u00e1ctica<\/span><\/h3><h4 class=\"\" data-start=\"1550\" data-end=\"1596\"><span>1.\u00a0<\/span><strong data-start=\"1558\" data-end=\"1596\"><span>Organizaci\u00f3n y claridad en las entregas<\/span><\/strong><\/h4><p class=\"\" data-start=\"1597\" data-end=\"1663\"><span>Con una gesti\u00f3n estructurada, cada miembro del equipo sabe exactamente:<\/span><\/p><ul data-start=\"1664\" data-end=\"1753\"><li class=\"\" data-start=\"1664\" data-end=\"1685\"><p class=\"\" data-start=\"1666\" data-end=\"1685\"><span>Lo que necesitas hacer<\/span><\/p><\/li><li class=\"\" data-start=\"1686\" data-end=\"1700\"><p class=\"\" data-start=\"1688\" data-end=\"1700\"><span>\u00bfEn qu\u00e9 marco temporal?<\/span><\/p><\/li><li class=\"\" data-start=\"1701\" data-end=\"1721\"><p class=\"\" data-start=\"1703\" data-end=\"1721\"><span>\u00bfCon qu\u00e9 recursos?<\/span><\/p><\/li><li class=\"\" data-start=\"1722\" data-end=\"1753\"><p class=\"\" data-start=\"1724\" data-end=\"1753\"><span>\u00bfCu\u00e1les son los criterios de \u00e9xito?<\/span><\/p><\/li><\/ul><p class=\"\" data-start=\"1755\" data-end=\"1825\"><span>Esto elimina la repetici\u00f3n del trabajo, reduce los errores y mejora la comunicaci\u00f3n interna.<\/span><\/p><hr class=\"\" data-start=\"1827\" data-end=\"1830\" \/><h4 class=\"\" data-start=\"1832\" data-end=\"1868\"><span>2.\u00a0<\/span><strong data-start=\"1840\" data-end=\"1868\"><span>Mayor productividad<\/span><\/strong><\/h4><p class=\"\" data-start=\"1869\" data-end=\"2065\"><span>Las tareas bien distribuidas, con plazos claros y prioridades bien definidas, optimizan el tiempo del equipo y evitan la sobrecarga. Esto significa que se entregan m\u00e1s proyectos en menos tiempo y con mayor calidad.<\/span><\/p><hr class=\"\" data-start=\"2067\" data-end=\"2070\" \/><h4 class=\"\" data-start=\"2072\" data-end=\"2118\"><span>3.\u00a0<\/span><strong data-start=\"2080\" data-end=\"2118\"><span>Cumplimiento de plazos y presupuestos<\/span><\/strong><\/h4><p class=\"\" data-start=\"2119\" data-end=\"2348\"><span>La falta de control en los proyectos es una de las principales causas de retrasos y sobrecostes presupuestarios. Con una gesti\u00f3n adecuada, es posible monitorear en tiempo real el avance de cada fase y anticipar las desviaciones antes de que se conviertan en p\u00e9rdidas.<\/span><\/p><hr class=\"\" data-start=\"2350\" data-end=\"2353\" \/><h4 class=\"\" data-start=\"2355\" data-end=\"2395\"><span>4.\u00a0<\/span><strong data-start=\"2363\" data-end=\"2395\"><span>Mejora de la toma de decisiones<\/span><\/strong><\/h4><p class=\"\" data-start=\"2396\" data-end=\"2577\"><span>Con paneles de control, informes e indicadores de rendimiento, los gerentes pueden tomar decisiones basadas en datos reales, no en conjeturas. Esto garantiza agilidad y seguridad estrat\u00e9gica.<\/span><\/p><hr class=\"\" data-start=\"2579\" data-end=\"2582\" \/><h4 class=\"\" data-start=\"2584\" data-end=\"2621\"><span>5.\u00a0<\/span><strong data-start=\"2592\" data-end=\"2621\"><span>Alineaci\u00f3n entre equipos<\/span><\/strong><\/h4><p class=\"\" data-start=\"2622\" data-end=\"2772\"><span>La gesti\u00f3n de tareas promueve la visibilidad entre sectores, reduce los conflictos y mejora la colaboraci\u00f3n entre \u00e1reas, incluso en equipos remotos o distribuidos.<\/span><\/p><hr class=\"\" data-start=\"2774\" data-end=\"2777\" \/><h3 class=\"\" data-start=\"2779\" data-end=\"2832\"><span>\ud83e\udde0\u00bfPor qu\u00e9 la falta de gesti\u00f3n perjudica a la empresa?<\/span><\/h3><p class=\"\" data-start=\"2834\" data-end=\"2906\"><span>Las empresas que no cuentan con una gesti\u00f3n efectiva de proyectos y tareas sufren de:<\/span><\/p><ul data-start=\"2907\" data-end=\"3095\"><li class=\"\" data-start=\"2907\" data-end=\"2946\"><p class=\"\" data-start=\"2909\" data-end=\"2946\"><span>Desorganizaci\u00f3n y p\u00e9rdida de informaci\u00f3n<\/span><\/p><\/li><li class=\"\" data-start=\"2947\" data-end=\"2985\"><p class=\"\" data-start=\"2949\" data-end=\"2985\"><span>Falta de previsibilidad en las entregas<\/span><\/p><\/li><li class=\"\" data-start=\"2986\" data-end=\"3020\"><p class=\"\" data-start=\"2988\" data-end=\"3020\"><span>Baja productividad y repetici\u00f3n del trabajo<\/span><\/p><\/li><li class=\"\" data-start=\"3021\" data-end=\"3045\"><p class=\"\" data-start=\"3023\" data-end=\"3045\"><span>Desmotivaci\u00f3n del equipo<\/span><\/p><\/li><li class=\"\" data-start=\"3046\" data-end=\"3095\"><p class=\"\" data-start=\"3048\" data-end=\"3095\"><span>Clientes insatisfechos y p\u00e9rdida de credibilidad<\/span><\/p><\/li><\/ul><p class=\"\" data-start=\"3097\" data-end=\"3217\"><span>En otras palabras, el impacto es directo sobre\u00a0<\/span><strong data-start=\"3128\" data-end=\"3153\"><span>la satisfacci\u00f3n del cliente<\/span><\/strong><span>\u00a0, el\u00a0<\/span><strong data-start=\"3158\" data-end=\"3182\"><span>clima organizacional<\/span><\/strong><span>\u00a0y la\u00a0<\/span><strong data-start=\"3188\" data-end=\"3216\"><span>rentabilidad del negocio<\/span><\/strong><span>\u00a0.<\/span><\/p><hr class=\"\" data-start=\"3219\" data-end=\"3222\" \/><h3 class=\"\" data-start=\"3224\" data-end=\"3284\"><span>\ud83d\udee0\ufe0f Herramientas de soporte: CRM, Kanban, Gantt y Automatizaci\u00f3n<\/span><\/h3><p class=\"\" data-start=\"3286\" data-end=\"3351\"><span>Hoy en d\u00eda existen soluciones potentes que facilitan la gesti\u00f3n integral:<\/span><\/p><ul data-start=\"3352\" data-end=\"3610\"><li class=\"\" data-start=\"3352\" data-end=\"3426\"><p class=\"\" data-start=\"3354\" data-end=\"3426\"><strong data-start=\"3354\" data-end=\"3385\"><span>CRMs con m\u00f3dulo de proyectos<\/span><\/strong><span>\u00a0(como System360, Perfex, entre otros)<\/span><\/p><\/li><li class=\"\" data-start=\"3427\" data-end=\"3484\"><p class=\"\" data-start=\"3429\" data-end=\"3484\"><strong data-start=\"3429\" data-end=\"3484\"><span>Herramientas visuales como Kanban y diagramas de Gantt<\/span><\/strong><\/p><\/li><li class=\"\" data-start=\"3485\" data-end=\"3538\"><p class=\"\" data-start=\"3487\" data-end=\"3538\"><strong data-start=\"3487\" data-end=\"3538\"><span>Sistemas de automatizaci\u00f3n de tareas y notificaci\u00f3n<\/span><\/strong><\/p><\/li><li class=\"\" data-start=\"3539\" data-end=\"3610\"><p class=\"\" data-start=\"3541\" data-end=\"3610\"><strong data-start=\"3541\" data-end=\"3610\"><span>Integraciones con aplicaciones de correo electr\u00f3nico, calendario y productividad.<\/span><\/strong><\/p><\/li><\/ul><p class=\"\" data-start=\"3612\" data-end=\"3738\"><span>Estas tecnolog\u00edas permiten\u00a0<\/span><strong data-start=\"3639\" data-end=\"3663\"><span>estandarizar procesos<\/span><\/strong><span>\u00a0, aumentar el control y mejorar el rendimiento del equipo en todos los niveles.<\/span><\/p><hr class=\"\" data-start=\"3740\" data-end=\"3743\" \/><h3 class=\"\" data-start=\"3745\" data-end=\"3783\"><span>\ud83d\udd10 Cumplimiento, Gobernanza y LGPD<\/span><\/h3><p class=\"\" data-start=\"3785\" data-end=\"4139\"><span>Adem\u00e1s de la productividad, una buena gesti\u00f3n de proyectos ayuda a\u00a0<\/span><strong data-start=\"3844\" data-end=\"3873\"><span>documentar los procesos<\/span><\/strong><span>\u00a0, controlar responsabilidades y registrar decisiones, aspectos fundamentales para\u00a0<\/span><strong data-start=\"3959\" data-end=\"3985\"><span>el gobierno corporativo<\/span><\/strong><span>\u00a0, el cumplimiento y\u00a0<\/span><strong data-start=\"4000\" data-end=\"4027\"><span>la conformidad con la LGPD<\/span><\/strong><span>\u00a0, ya que permite rastrear actividades y proteger datos sensibles en proyectos que involucran a clientes y empleados.<\/span><\/p><hr class=\"\" data-start=\"4141\" data-end=\"4144\" \/><h3 class=\"\" data-start=\"4146\" data-end=\"4162\"><span>\ud83c\udfc1 Conclusi\u00f3n<\/span><\/h3><p class=\"\" data-start=\"4164\" data-end=\"4546\"><strong data-start=\"4166\" data-end=\"4244\"><span>La gesti\u00f3n de proyectos y tareas es el cerebro operativo de<\/span><\/strong><span>\u00a0las empresas modernas\u00a0. Es a trav\u00e9s de esto que las ideas llegan a buen t\u00e9rmino, los recursos se utilizan bien y los resultados se vuelven predecibles. Invertir en buenas pr\u00e1cticas, herramientas eficientes y capacitaci\u00f3n de equipos es el camino correcto para las empresas que quieren crecer con solidez, competitividad y excelencia en sus entregas.<\/span><\/p><p class=\"\" data-start=\"4548\" data-end=\"4715\"><span>Si su empresa a\u00fan no ha adoptado una metodolog\u00eda clara de gesti\u00f3n de proyectos, este puede ser el\u00a0<\/span><strong data-start=\"4643\" data-end=\"4662\"><span>punto de inflexi\u00f3n<\/span><\/strong><span>\u00a0que necesita para potenciar sus resultados.<\/span><\/p>\t\t\t\t\t\t\t\t<\/div>\n\t\t\t\t<\/div>\n\t\t\t\t\t<\/div>\n\t\t\t\t<\/div>\n\t\t\t\t<section class=\"elementor-section elementor-top-section elementor-element elementor-element-1a0db5f elementor-section-boxed elementor-section-height-default elementor-section-height-default\" data-id=\"1a0db5f\" data-element_type=\"section\" data-e-type=\"section\" data-settings=\"{&quot;background_background&quot;:&quot;classic&quot;}\">\n\t\t\t\t\t\t\t<div class=\"elementor-background-overlay\"><\/div>\n\t\t\t\t\t\t\t<div class=\"elementor-container elementor-column-gap-default\">\n\t\t\t\t\t<div class=\"elementor-column elementor-col-100 elementor-top-column elementor-element elementor-element-b205554 elementor-invisible\" data-id=\"b205554\" data-element_type=\"column\" data-e-type=\"column\" data-settings=\"{&quot;animation&quot;:&quot;zoomIn&quot;}\">\n\t\t\t<div class=\"elementor-widget-wrap elementor-element-populated\">\n\t\t\t\t\t\t<div class=\"elementor-element elementor-element-2c26150 elementor-widget elementor-widget-heading\" data-id=\"2c26150\" data-element_type=\"widget\" data-e-type=\"widget\" data-widget_type=\"heading.default\">\n\t\t\t\t<div class=\"elementor-widget-container\">\n\t\t\t\t\t<h2 class=\"elementor-heading-title elementor-size-default\">Pruebe System360 CRM gratis: \u00a1sin riesgos y sin necesidad de tarjeta!<\/h2>\t\t\t\t<\/div>\n\t\t\t\t<\/div>\n\t\t\t\t<div class=\"elementor-element elementor-element-c8b118a elementor-widget elementor-widget-text-editor\" data-id=\"c8b118a\" data-element_type=\"widget\" data-e-type=\"widget\" data-widget_type=\"text-editor.default\">\n\t\t\t\t<div class=\"elementor-widget-container\">\n\t\t\t\t\t\t\t\t\t<p><span>Descubre todo el potencial de nuestro CRM con una prueba 100% gratuita.<\/span><br data-start=\"218\" data-end=\"221\" \/><span>No requiere tarjeta de cr\u00e9dito, sin compromiso: t\u00f3mese su tiempo para probarlo, explorar todas las funciones y ver c\u00f3mo System360 puede transformar la gesti\u00f3n de su empresa antes de tomar cualquier decisi\u00f3n.<\/span><\/p>\t\t\t\t\t\t\t\t<\/div>\n\t\t\t\t<\/div>\n\t\t\t\t<div class=\"elementor-element elementor-element-288a9d9 elementor-align-center elementor-widget elementor-widget-button\" data-id=\"288a9d9\" data-element_type=\"widget\" data-e-type=\"widget\" data-widget_type=\"button.default\">\n\t\t\t\t<div class=\"elementor-widget-container\">\n\t\t\t\t\t\t\t\t\t<div class=\"elementor-button-wrapper\">\n\t\t\t\t\t<a class=\"elementor-button elementor-button-link elementor-size-md\" href=\"https:\/\/bot360.com.br\/es\/servicos\">\n\t\t\t\t\t\t<span class=\"elementor-button-content-wrapper\">\n\t\t\t\t\t\t\t\t\t<span class=\"elementor-button-text\">testar por 14 dias<\/span>\n\t\t\t\t\t<\/span>\n\t\t\t\t\t<\/a>\n\t\t\t\t<\/div>\n\t\t\t\t\t\t\t\t<\/div>\n\t\t\t\t<\/div>\n\t\t\t\t\t<\/div>\n\t\t<\/div>\n\t\t\t\t\t<\/div>\n\t\t<\/section>\n\t\t\t\t<\/div>\n\t\t","protected":false},"excerpt":{"rendered":"<p>\ud83d\udccc La importancia de la gesti\u00f3n de proyectos y tareas para las empresas que buscan un alto rendimiento En el entorno empresarial actual, donde los plazos cortos, las demandas crecientes y los equipos multifuncionales son parte de la vida cotidiana,\u00a0la gesti\u00f3n eficiente de proyectos y tareas ya no es un diferenciador sino que se ha [&hellip;]<\/p>\n","protected":false},"author":1,"featured_media":0,"parent":0,"menu_order":0,"comment_status":"closed","ping_status":"closed","template":"","meta":{"footnotes":""},"class_list":["post-608","page","type-page","status-publish","hentry"],"_links":{"self":[{"href":"https:\/\/bot360.com.br\/es\/wp-json\/wp\/v2\/pages\/608","targetHints":{"allow":["GET"]}}],"collection":[{"href":"https:\/\/bot360.com.br\/es\/wp-json\/wp\/v2\/pages"}],"about":[{"href":"https:\/\/bot360.com.br\/es\/wp-json\/wp\/v2\/types\/page"}],"author":[{"embeddable":true,"href":"https:\/\/bot360.com.br\/es\/wp-json\/wp\/v2\/users\/1"}],"replies":[{"embeddable":true,"href":"https:\/\/bot360.com.br\/es\/wp-json\/wp\/v2\/comments?post=608"}],"version-history":[{"count":6,"href":"https:\/\/bot360.com.br\/es\/wp-json\/wp\/v2\/pages\/608\/revisions"}],"predecessor-version":[{"id":1019,"href":"https:\/\/bot360.com.br\/es\/wp-json\/wp\/v2\/pages\/608\/revisions\/1019"}],"wp:attachment":[{"href":"https:\/\/bot360.com.br\/es\/wp-json\/wp\/v2\/media?parent=608"}],"curies":[{"name":"wp","href":"https:\/\/api.w.org\/{rel}","templated":true}]}}