{"id":605,"date":"2025-04-12T20:04:42","date_gmt":"2025-04-12T23:04:42","guid":{"rendered":"https:\/\/bot360.com.br\/que-hace-un-buen-crm-y-como-mejora-el-rendimiento-de-tu-empresa\/"},"modified":"2025-04-17T22:21:49","modified_gmt":"2025-04-18T01:21:49","slug":"que-hace-un-buen-crm-y-como-mejora-el-rendimiento-de-tu-empresa","status":"publish","type":"page","link":"https:\/\/bot360.com.br\/es\/que-hace-un-buen-crm-y-como-mejora-el-rendimiento-de-tu-empresa\/","title":{"rendered":"Qu\u00e9 hace un buen CRM y c\u00f3mo mejora el rendimiento de tu empresa"},"content":{"rendered":"\t\t<div data-elementor-type=\"wp-page\" data-elementor-id=\"605\" class=\"elementor elementor-605\" data-elementor-post-type=\"page\">\n\t\t\t\t<div class=\"elementor-element elementor-element-36d8421 e-flex e-con-boxed e-con e-parent\" data-id=\"36d8421\" data-element_type=\"container\" data-e-type=\"container\">\n\t\t\t\t\t<div class=\"e-con-inner\">\n\t\t\t\t<div class=\"elementor-element elementor-element-e03e478 elementor-widget elementor-widget-heading\" data-id=\"e03e478\" data-element_type=\"widget\" data-e-type=\"widget\" data-widget_type=\"heading.default\">\n\t\t\t\t<div class=\"elementor-widget-container\">\n\t\t\t\t\t<h2 class=\"elementor-heading-title elementor-size-default\">Qu\u00e9 hace un buen CRM y c\u00f3mo mejora el rendimiento de su empresa<\/h2>\t\t\t\t<\/div>\n\t\t\t\t<\/div>\n\t\t\t\t<div class=\"elementor-element elementor-element-8b9fd93 elementor-widget elementor-widget-text-editor\" data-id=\"8b9fd93\" data-element_type=\"widget\" data-e-type=\"widget\" data-widget_type=\"text-editor.default\">\n\t\t\t\t<div class=\"elementor-widget-container\">\n\t\t\t\t\t\t\t\t\t<p class=\"\" data-start=\"269\" data-end=\"626\"><span>En el entorno corporativo actual, altamente competitivo y basado en datos, tener un\u00a0<\/span><strong data-start=\"359\" data-end=\"412\"><span>sistema CRM (Customer Relationship Management)<\/span><\/strong><span>\u00a0eficiente es m\u00e1s que una opci\u00f3n: es una necesidad estrat\u00e9gica. Pero, despu\u00e9s de todo, \u00bfqu\u00e9 hace realmente un buen CRM? \u00bfY c\u00f3mo contribuye a mejorar\u00a0<\/span><strong data-start=\"550\" data-end=\"576\"><span>el rendimiento<\/span><\/strong><span>\u00a0de su empresa de forma medible y sostenible?<\/span><\/p><p class=\"\" data-start=\"628\" data-end=\"860\"><span>En este art\u00edculo comprender\u00e1s las\u00a0<\/span><strong data-start=\"663\" data-end=\"709\"><span>principales caracter\u00edsticas de un CRM de calidad<\/span><\/strong><span>\u00a0, los\u00a0<\/span><strong data-start=\"714\" data-end=\"748\"><span>beneficios que aporta<\/span><\/strong><span>\u00a0y c\u00f3mo puede transformar\u00a0<\/span><strong data-start=\"779\" data-end=\"859\"><span>la productividad, las relaciones con los clientes y los resultados de tu negocio<\/span><\/strong><span>\u00a0.<\/span><\/p><hr class=\"\" data-start=\"862\" data-end=\"865\" \/><h3 class=\"\" data-start=\"867\" data-end=\"905\"><span>\u2705 \u00bfQu\u00e9 hace un buen CRM en la pr\u00e1ctica?<\/span><\/h3><p class=\"\" data-start=\"907\" data-end=\"1171\"><span>Un\u00a0<\/span><strong data-start=\"910\" data-end=\"921\"><span>buen CRM<\/span><\/strong><span>\u00a0va mucho m\u00e1s all\u00e1 de simplemente almacenar datos de clientes. Es un\u00a0<\/span><strong data-start=\"985\" data-end=\"1018\"><span>hub de inteligencia de negocio<\/span><\/strong><span>\u00a0, que centraliza todas las interacciones con leads, prospects y clientes, permitiendo una visi\u00f3n 360\u00b0 de la relaci\u00f3n y optimizando todos los puntos de contacto.<\/span><\/p><p class=\"\" data-start=\"1173\" data-end=\"1200\"><span>Vea las funciones principales:<\/span><\/p><hr class=\"\" data-start=\"1202\" data-end=\"1205\" \/><h4 class=\"\" data-start=\"1207\" data-end=\"1252\"><span>1.\u00a0<\/span><strong data-start=\"1215\" data-end=\"1252\"><span>Organiza y centraliza la informaci\u00f3n<\/span><\/strong><\/h4><ul data-start=\"1253\" data-end=\"1482\"><li class=\"\" data-start=\"1253\" data-end=\"1328\"><p class=\"\" data-start=\"1255\" data-end=\"1328\"><span>Almacena datos completos de clientes, clientes potenciales y socios en un solo lugar<\/span><\/p><\/li><li class=\"\" data-start=\"1329\" data-end=\"1403\"><p class=\"\" data-start=\"1331\" data-end=\"1403\"><span>Registra historiales de conversaciones, servicios, negociaciones y actividades.<\/span><\/p><\/li><li class=\"\" data-start=\"1404\" data-end=\"1482\"><p class=\"\" data-start=\"1406\" data-end=\"1482\"><span>Evita la p\u00e9rdida de informaci\u00f3n importante y facilita el acceso de todo el equipo.<\/span><\/p><\/li><\/ul><hr class=\"\" data-start=\"1484\" data-end=\"1487\" \/><h4 class=\"\" data-start=\"1489\" data-end=\"1533\"><span>2.\u00a0<\/span><strong data-start=\"1497\" data-end=\"1533\"><span>Automatiza procesos repetitivos<\/span><\/strong><\/h4><ul data-start=\"1534\" data-end=\"1695\"><li class=\"\" data-start=\"1534\" data-end=\"1586\"><p class=\"\" data-start=\"1536\" data-end=\"1586\"><span>Env\u00edo autom\u00e1tico de correos electr\u00f3nicos, propuestas y recordatorios<\/span><\/p><\/li><li class=\"\" data-start=\"1587\" data-end=\"1633\"><p class=\"\" data-start=\"1589\" data-end=\"1633\"><span>Seguimientos programados y tareas recurrentes<\/span><\/p><\/li><li class=\"\" data-start=\"1634\" data-end=\"1695\"><p class=\"\" data-start=\"1636\" data-end=\"1695\"><span>Creaci\u00f3n de flujos de trabajo inteligentes y personalizados<\/span><\/p><\/li><\/ul><hr class=\"\" data-start=\"1697\" data-end=\"1700\" \/><h4 class=\"\" data-start=\"1702\" data-end=\"1749\"><span>3.\u00a0<\/span><strong data-start=\"1710\" data-end=\"1749\"><span>Mejora la gesti\u00f3n del embudo de ventas<\/span><\/strong><\/h4><ul data-start=\"1750\" data-end=\"1910\"><li class=\"\" data-start=\"1750\" data-end=\"1807\"><p class=\"\" data-start=\"1752\" data-end=\"1807\"><span>Le permite ver oportunidades en cada etapa del embudo.<\/span><\/p><\/li><li class=\"\" data-start=\"1808\" data-end=\"1858\"><p class=\"\" data-start=\"1810\" data-end=\"1858\"><span>Ayuda a identificar cuellos de botella y predecir resultados.<\/span><\/p><\/li><li class=\"\" data-start=\"1859\" data-end=\"1910\"><p class=\"\" data-start=\"1861\" data-end=\"1910\"><span>Genera alertas para acciones de conversi\u00f3n estrat\u00e9gica<\/span><\/p><\/li><\/ul><hr class=\"\" data-start=\"1912\" data-end=\"1915\" \/><h4 class=\"\" data-start=\"1917\" data-end=\"1962\"><span>4.\u00a0<\/span><strong data-start=\"1925\" data-end=\"1962\"><span>Facilita el servicio al cliente<\/span><\/strong><\/h4><ul data-start=\"1963\" data-end=\"2150\"><li class=\"\" data-start=\"1963\" data-end=\"2033\"><p class=\"\" data-start=\"1965\" data-end=\"2033\"><span>Servicio m\u00e1s r\u00e1pido, con acceso al historial completo del cliente<\/span><\/p><\/li><li class=\"\" data-start=\"2034\" data-end=\"2089\"><p class=\"\" data-start=\"2036\" data-end=\"2089\"><span>Personalizaci\u00f3n en la comunicaci\u00f3n basada en datos reales<\/span><\/p><\/li><li class=\"\" data-start=\"2090\" data-end=\"2150\"><p class=\"\" data-start=\"2092\" data-end=\"2150\"><span>Mejor experiencia del cliente y mayor fidelizaci\u00f3n<\/span><\/p><\/li><\/ul><hr class=\"\" data-start=\"2152\" data-end=\"2155\" \/><h4 class=\"\" data-start=\"2157\" data-end=\"2212\"><span>5.\u00a0<\/span><strong data-start=\"2165\" data-end=\"2212\"><span>Genera informes e indicadores en tiempo real<\/span><\/strong><\/h4><ul data-start=\"2213\" data-end=\"2388\"><li class=\"\" data-start=\"2213\" data-end=\"2277\"><p class=\"\" data-start=\"2215\" data-end=\"2277\"><span>M\u00e9tricas de desempe\u00f1o de ventas, servicio y productividad<\/span><\/p><\/li><li class=\"\" data-start=\"2278\" data-end=\"2335\"><p class=\"\" data-start=\"2280\" data-end=\"2335\"><span>Cuadros de mando con KPIs estrat\u00e9gicos para la toma de decisiones<\/span><\/p><\/li><li class=\"\" data-start=\"2336\" data-end=\"2388\"><p class=\"\" data-start=\"2338\" data-end=\"2388\"><span>Seguimiento continuo de la evoluci\u00f3n de los resultados<\/span><\/p><\/li><\/ul><hr class=\"\" data-start=\"2390\" data-end=\"2393\" \/><h3 class=\"\" data-start=\"2395\" data-end=\"2461\"><span>\ud83d\ude80 Impactos positivos de un buen CRM en el rendimiento empresarial<\/span><\/h3><p class=\"\" data-start=\"2463\" data-end=\"2612\"><span>Al adoptar un CRM eficiente, las ganancias no son s\u00f3lo operativas: son\u00a0<\/span><strong data-start=\"2540\" data-end=\"2570\"><span>estrat\u00e9gicas y financieras<\/span><\/strong><span>\u00a0. Vea los impactos m\u00e1s significativos:<\/span><\/p><hr class=\"\" data-start=\"2614\" data-end=\"2617\" \/><h4 class=\"\" data-start=\"2619\" data-end=\"2655\"><span>\ud83d\udd39\u00a0<\/span><strong data-start=\"2627\" data-end=\"2655\"><span>Mayor productividad<\/span><\/strong><\/h4><p class=\"\" data-start=\"2656\" data-end=\"2796\"><span>Con la automatizaci\u00f3n y la centralizaci\u00f3n de datos, los equipos ganan tiempo y concentraci\u00f3n. Menos tareas manuales = m\u00e1s tiempo para vender, servir y planificar.<\/span><\/p><hr class=\"\" data-start=\"2798\" data-end=\"2801\" \/><h4 class=\"\" data-start=\"2803\" data-end=\"2832\"><span>\ud83d\udd39\u00a0<\/span><strong data-start=\"2811\" data-end=\"2832\"><span>Reducci\u00f3n de costos<\/span><\/strong><\/h4><p class=\"\" data-start=\"2833\" data-end=\"2996\"><span>La automatizaci\u00f3n reduce errores, repeticiones de trabajos y desperdicio de recursos. Un CRM bien implementado se amortiza r\u00e1pidamente al reducir el error humano y optimizar la utilizaci\u00f3n del personal.<\/span><\/p><hr class=\"\" data-start=\"2998\" data-end=\"3001\" \/><h4 class=\"\" data-start=\"3003\" data-end=\"3044\"><span>\ud83d\udd39\u00a0<\/span><strong data-start=\"3011\" data-end=\"3044\"><span>Mejora la toma de decisiones<\/span><\/strong><\/h4><p class=\"\" data-start=\"3045\" data-end=\"3177\"><span>Con informes precisos y datos en tiempo real, los gerentes pueden tomar decisiones m\u00e1s r\u00e1pidas, basadas en hechos y no en conjeturas.<\/span><\/p><hr class=\"\" data-start=\"3179\" data-end=\"3182\" \/><h4 class=\"\" data-start=\"3184\" data-end=\"3240\"><span>\ud83d\udd39\u00a0<\/span><strong data-start=\"3192\" data-end=\"3240\"><span>Mayor satisfacci\u00f3n y retenci\u00f3n de clientes<\/span><\/strong><\/h4><p class=\"\" data-start=\"3241\" data-end=\"3394\"><span>Al ofrecer un servicio m\u00e1s r\u00e1pido y personalizado, el cliente percibe valor. Esto tiene un impacto directo en la tasa de fidelizaci\u00f3n y la reputaci\u00f3n de la empresa.<\/span><\/p><hr class=\"\" data-start=\"3396\" data-end=\"3399\" \/><h4 class=\"\" data-start=\"3401\" data-end=\"3453\"><span>\ud83d\udd39\u00a0<\/span><strong data-start=\"3409\" data-end=\"3453\"><span>Escalabilidad y crecimiento sostenible<\/span><\/strong><\/h4><p class=\"\" data-start=\"3454\" data-end=\"3566\"><span>Con procesos m\u00e1s organizados y datos confiables, la empresa gana la estructura para crecer sin perder el control.<\/span><\/p><hr class=\"\" data-start=\"3568\" data-end=\"3571\" \/><h3 class=\"\" data-start=\"3573\" data-end=\"3603\"><span>CRM y Protecci\u00f3n de Datos<\/span><\/h3><p class=\"\" data-start=\"3605\" data-end=\"3730\"><span>Adem\u00e1s de todo esto, un buen CRM contribuye directamente al\u00a0<\/span><strong data-start=\"3664\" data-end=\"3717\"><span>cumplimiento de legislaciones como LGPD y GDPR<\/span><\/strong><span>\u00a0, ofreciendo:<\/span><\/p><ul data-start=\"3731\" data-end=\"3871\"><li class=\"\" data-start=\"3731\" data-end=\"3759\"><p class=\"\" data-start=\"3733\" data-end=\"3759\"><span>Registro de consentimiento<\/span><\/p><\/li><li class=\"\" data-start=\"3760\" data-end=\"3787\"><p class=\"\" data-start=\"3762\" data-end=\"3787\"><span>Gesti\u00f3n de datos sensibles<\/span><\/p><\/li><li class=\"\" data-start=\"3788\" data-end=\"3831\"><p class=\"\" data-start=\"3790\" data-end=\"3831\"><span>Control de acceso por nivel de permiso<\/span><\/p><\/li><li class=\"\" data-start=\"3832\" data-end=\"3871\"><p class=\"\" data-start=\"3834\" data-end=\"3871\"><span>Informes de actividad y auditor\u00edas<\/span><\/p><\/li><\/ul><p class=\"\" data-start=\"3873\" data-end=\"3950\"><span>Esto garantiza\u00a0<\/span><strong data-start=\"3886\" data-end=\"3908\"><span>la seguridad jur\u00eddica<\/span><\/strong><span>\u00a0y una mayor confianza del consumidor.<\/span><\/p><hr class=\"\" data-start=\"3952\" data-end=\"3955\" \/><h3 class=\"\" data-start=\"3957\" data-end=\"3973\"><span>\ud83c\udfc1 Conclusi\u00f3n<\/span><\/h3><p class=\"\" data-start=\"3975\" data-end=\"4262\"><span>Un buen CRM es mucho m\u00e1s que un sistema de registro. Es una\u00a0<\/span><strong data-start=\"4040\" data-end=\"4086\"><span>herramienta estrat\u00e9gica de alto rendimiento<\/span><\/strong><span>\u00a0que impacta\u00a0<\/span><strong data-start=\"4100\" data-end=\"4158\"><span>la productividad, las ventas, el servicio, el marketing y la gesti\u00f3n<\/span><\/strong><span>\u00a0. Es el puente entre los datos y las decisiones, entre el cliente y la empresa, entre el presente y el futuro de su negocio.<\/span><\/p><p class=\"\" data-start=\"4264\" data-end=\"4468\"><span>Si a\u00fan no utiliza un CRM o siente que el que tiene actualmente no ofrece lo que promete, tal vez sea momento de considerar una soluci\u00f3n que realmente comprenda sus problemas y se mantenga al d\u00eda con su crecimiento.<\/span><\/p>\t\t\t\t\t\t\t\t<\/div>\n\t\t\t\t<\/div>\n\t\t\t\t\t<\/div>\n\t\t\t\t<\/div>\n\t\t\t\t<section class=\"elementor-section elementor-top-section elementor-element elementor-element-c3b12e9 elementor-section-boxed elementor-section-height-default elementor-section-height-default\" data-id=\"c3b12e9\" data-element_type=\"section\" data-e-type=\"section\" data-settings=\"{&quot;background_background&quot;:&quot;classic&quot;}\">\n\t\t\t\t\t\t\t<div class=\"elementor-background-overlay\"><\/div>\n\t\t\t\t\t\t\t<div class=\"elementor-container elementor-column-gap-default\">\n\t\t\t\t\t<div class=\"elementor-column elementor-col-100 elementor-top-column elementor-element elementor-element-50aabb5 elementor-invisible\" data-id=\"50aabb5\" data-element_type=\"column\" data-e-type=\"column\" data-settings=\"{&quot;animation&quot;:&quot;zoomIn&quot;}\">\n\t\t\t<div class=\"elementor-widget-wrap elementor-element-populated\">\n\t\t\t\t\t\t<div class=\"elementor-element elementor-element-4f149db elementor-widget elementor-widget-heading\" data-id=\"4f149db\" data-element_type=\"widget\" data-e-type=\"widget\" data-widget_type=\"heading.default\">\n\t\t\t\t<div class=\"elementor-widget-container\">\n\t\t\t\t\t<h2 class=\"elementor-heading-title elementor-size-default\">Pruebe System360 CRM gratis: \u00a1sin riesgos y sin necesidad de tarjeta!<\/h2>\t\t\t\t<\/div>\n\t\t\t\t<\/div>\n\t\t\t\t<div class=\"elementor-element elementor-element-d5af159 elementor-widget elementor-widget-text-editor\" data-id=\"d5af159\" data-element_type=\"widget\" data-e-type=\"widget\" data-widget_type=\"text-editor.default\">\n\t\t\t\t<div class=\"elementor-widget-container\">\n\t\t\t\t\t\t\t\t\t<p><span>Descubre todo el potencial de nuestro CRM con una prueba 100% gratuita.<\/span><br data-start=\"218\" data-end=\"221\" \/><span>No requiere tarjeta de cr\u00e9dito, sin compromiso: t\u00f3mese su tiempo para probarlo, explorar todas las funciones y ver c\u00f3mo System360 puede transformar la gesti\u00f3n de su empresa antes de tomar cualquier decisi\u00f3n.<\/span><\/p>\t\t\t\t\t\t\t\t<\/div>\n\t\t\t\t<\/div>\n\t\t\t\t<div class=\"elementor-element elementor-element-58af0b8 elementor-align-center elementor-widget elementor-widget-button\" data-id=\"58af0b8\" data-element_type=\"widget\" data-e-type=\"widget\" data-widget_type=\"button.default\">\n\t\t\t\t<div class=\"elementor-widget-container\">\n\t\t\t\t\t\t\t\t\t<div class=\"elementor-button-wrapper\">\n\t\t\t\t\t<a class=\"elementor-button elementor-button-link elementor-size-md\" href=\"https:\/\/bot360.com.br\/es\/servicos\">\n\t\t\t\t\t\t<span class=\"elementor-button-content-wrapper\">\n\t\t\t\t\t\t\t\t\t<span class=\"elementor-button-text\">testar por 14 dias<\/span>\n\t\t\t\t\t<\/span>\n\t\t\t\t\t<\/a>\n\t\t\t\t<\/div>\n\t\t\t\t\t\t\t\t<\/div>\n\t\t\t\t<\/div>\n\t\t\t\t\t<\/div>\n\t\t<\/div>\n\t\t\t\t\t<\/div>\n\t\t<\/section>\n\t\t\t\t<\/div>\n\t\t","protected":false},"excerpt":{"rendered":"<p>Qu\u00e9 hace un buen CRM y c\u00f3mo mejora el rendimiento de su empresa En el entorno corporativo actual, altamente competitivo y basado en datos, tener un\u00a0sistema CRM (Customer Relationship Management)\u00a0eficiente es m\u00e1s que una opci\u00f3n: es una necesidad estrat\u00e9gica. Pero, despu\u00e9s de todo, \u00bfqu\u00e9 hace realmente un buen CRM? \u00bfY c\u00f3mo contribuye a mejorar\u00a0el rendimiento\u00a0de [&hellip;]<\/p>\n","protected":false},"author":1,"featured_media":0,"parent":0,"menu_order":0,"comment_status":"closed","ping_status":"closed","template":"","meta":{"footnotes":""},"class_list":["post-605","page","type-page","status-publish","hentry"],"_links":{"self":[{"href":"https:\/\/bot360.com.br\/es\/wp-json\/wp\/v2\/pages\/605","targetHints":{"allow":["GET"]}}],"collection":[{"href":"https:\/\/bot360.com.br\/es\/wp-json\/wp\/v2\/pages"}],"about":[{"href":"https:\/\/bot360.com.br\/es\/wp-json\/wp\/v2\/types\/page"}],"author":[{"embeddable":true,"href":"https:\/\/bot360.com.br\/es\/wp-json\/wp\/v2\/users\/1"}],"replies":[{"embeddable":true,"href":"https:\/\/bot360.com.br\/es\/wp-json\/wp\/v2\/comments?post=605"}],"version-history":[{"count":3,"href":"https:\/\/bot360.com.br\/es\/wp-json\/wp\/v2\/pages\/605\/revisions"}],"predecessor-version":[{"id":871,"href":"https:\/\/bot360.com.br\/es\/wp-json\/wp\/v2\/pages\/605\/revisions\/871"}],"wp:attachment":[{"href":"https:\/\/bot360.com.br\/es\/wp-json\/wp\/v2\/media?parent=605"}],"curies":[{"name":"wp","href":"https:\/\/api.w.org\/{rel}","templated":true}]}}