{"id":601,"date":"2025-04-12T20:04:35","date_gmt":"2025-04-12T23:04:35","guid":{"rendered":"https:\/\/bot360.com.br\/la-importancia-de-la-gestion-de-leads-y-el-embudo-de-ventas-para-el-crecimiento-empresarial\/"},"modified":"2025-05-11T09:27:40","modified_gmt":"2025-05-11T12:27:40","slug":"la-importancia-de-la-gestion-de-leads-y-el-embudo-de-ventas-para-el-crecimiento-empresarial","status":"publish","type":"page","link":"https:\/\/bot360.com.br\/es\/la-importancia-de-la-gestion-de-leads-y-el-embudo-de-ventas-para-el-crecimiento-empresarial\/","title":{"rendered":"La importancia de la gesti\u00f3n de leads y el embudo de ventas para el crecimiento empresarial"},"content":{"rendered":"\t\t<div data-elementor-type=\"wp-page\" data-elementor-id=\"601\" class=\"elementor elementor-601\" data-elementor-post-type=\"page\">\n\t\t\t\t<div class=\"elementor-element elementor-element-36d8421 e-flex e-con-boxed e-con e-parent\" data-id=\"36d8421\" data-element_type=\"container\" data-e-type=\"container\">\n\t\t\t\t\t<div class=\"e-con-inner\">\n\t\t\t\t<div class=\"elementor-element elementor-element-e03e478 elementor-widget elementor-widget-heading\" data-id=\"e03e478\" data-element_type=\"widget\" data-e-type=\"widget\" data-widget_type=\"heading.default\">\n\t\t\t\t<div class=\"elementor-widget-container\">\n\t\t\t\t\t<h2 class=\"elementor-heading-title elementor-size-default\">La importancia de la gesti\u00f3n de clientes potenciales y el embudo de ventas para el crecimiento empresarial<\/h2>\t\t\t\t<\/div>\n\t\t\t\t<\/div>\n\t\t\t\t<div class=\"elementor-element elementor-element-8b9fd93 elementor-widget elementor-widget-text-editor\" data-id=\"8b9fd93\" data-element_type=\"widget\" data-e-type=\"widget\" data-widget_type=\"text-editor.default\">\n\t\t\t\t<div class=\"elementor-widget-container\">\n\t\t\t\t\t\t\t\t\t<p class=\"\" data-start=\"318\" data-end=\"712\"><span>En un mercado cada vez m\u00e1s impulsado por los datos e hiperconectado, la\u00a0<\/span><strong data-start=\"386\" data-end=\"448\"><span>forma en que las empresas atraen, nutren y convierten a los clientes<\/span><\/strong><span>\u00a0debe ser estrat\u00e9gica, automatizada y basada en procesos bien definidos. En este contexto,\u00a0<\/span><strong data-start=\"543\" data-end=\"600\"><span>la gesti\u00f3n de leads combinada con un embudo de ventas eficiente<\/span><\/strong><span>\u00a0se convierte en uno de los pilares m\u00e1s importantes para las empresas que quieren crecer de forma predecible y sostenible.<\/span><\/p><p class=\"\" data-start=\"714\" data-end=\"887\"><span>Pero, despu\u00e9s de todo, \u00bfqu\u00e9 significa gestionar correctamente los leads? \u00bfCu\u00e1l es el papel del embudo de ventas? \u00bfY c\u00f3mo estos dos elementos impactan directamente en los resultados de tu empresa?<\/span><\/p><hr class=\"\" data-start=\"889\" data-end=\"892\" \/><h3 class=\"\" data-start=\"894\" data-end=\"927\"><span>\ud83d\udd0d\u00bfQu\u00e9 es la Gesti\u00f3n de Leads?<\/span><\/h3><p class=\"\" data-start=\"929\" data-end=\"1286\"><strong data-start=\"931\" data-end=\"950\"><span>La gesti\u00f3n de leads<\/span><\/strong><span>\u00a0es\u00a0el conjunto de pr\u00e1cticas orientadas a\u00a0<\/span><strong data-start=\"990\" data-end=\"1061\"><span>captar, cualificar, nutrir y monitorizar clientes potenciales (leads)<\/span><\/strong><span>\u00a0a lo largo del recorrido de compra. Este proceso implica el uso de herramientas, como CRMs, landing pages, automatizaci\u00f3n de marketing y an\u00e1lisis de datos, con el objetivo de transformar el inter\u00e9s en oportunidad y la oportunidad en venta.<\/span><\/p><blockquote data-start=\"1288\" data-end=\"1384\"><p class=\"\" data-start=\"1290\" data-end=\"1384\"><span>Un lead bien gestionado es un cliente potencial con altas posibilidades de conversi\u00f3n y fidelizaci\u00f3n.<\/span><\/p><\/blockquote><hr class=\"\" data-start=\"1386\" data-end=\"1389\" \/><h3 class=\"\" data-start=\"1391\" data-end=\"1425\"><span>\ud83e\udded \u00bfQu\u00e9 es un embudo de ventas?<\/span><\/h3><p class=\"\" data-start=\"1427\" data-end=\"1611\"><span>El\u00a0<\/span><strong data-start=\"1429\" data-end=\"1448\"><span>embudo de ventas<\/span><\/strong><span>\u00a0es la representaci\u00f3n visual de los pasos por los que pasa un lead desde el primer contacto con la empresa hasta que se cierra la venta (y m\u00e1s all\u00e1). Normalmente se divide en:<\/span><\/p><ul data-start=\"1613\" data-end=\"1790\"><li class=\"\" data-start=\"1613\" data-end=\"1669\"><p class=\"\" data-start=\"1615\" data-end=\"1669\"><strong data-start=\"1615\" data-end=\"1639\"><span>Parte superior del embudo (ToFu)<\/span><\/strong><span>\u00a0: atracci\u00f3n y generaci\u00f3n de clientes potenciales<\/span><\/p><\/li><li class=\"\" data-start=\"1670\" data-end=\"1736\"><p class=\"\" data-start=\"1672\" data-end=\"1736\"><strong data-start=\"1672\" data-end=\"1696\"><span>Mitad del Embudo (MoFu)<\/span><\/strong><span>\u00a0: Nutrir, Calificar y Comprometer<\/span><\/p><\/li><li class=\"\" data-start=\"1737\" data-end=\"1790\"><p class=\"\" data-start=\"1739\" data-end=\"1790\"><strong data-start=\"1739\" data-end=\"1764\"><span>Parte inferior del embudo (BoFu)<\/span><\/strong><span>\u00a0: Conversi\u00f3n y cierre<\/span><\/p><\/li><\/ul><p class=\"\" data-start=\"1792\" data-end=\"1980\"><span>Gestionar este embudo es fundamental para entender\u00a0<\/span><strong data-start=\"1839\" data-end=\"1870\"><span>d\u00f3nde est\u00e1n las oportunidades<\/span><\/strong><span>\u00a0,\u00a0<\/span><strong data-start=\"1872\" data-end=\"1914\"><span>qu\u00e9 leads est\u00e1n listos para comprar<\/span><\/strong><span>\u00a0y\u00a0<\/span><strong data-start=\"1917\" data-end=\"1979\"><span>cu\u00e1les a\u00fan necesitan m\u00e1s informaci\u00f3n o relaci\u00f3n<\/span><\/strong><span>\u00a0.<\/span><\/p><hr class=\"\" data-start=\"1982\" data-end=\"1985\" \/><h3 class=\"\" data-start=\"1987\" data-end=\"2055\"><span>\ud83d\ude80 \u00bfPor qu\u00e9 son esenciales la gesti\u00f3n de leads y el embudo de ventas?<\/span><\/h3><h4 class=\"\" data-start=\"2057\" data-end=\"2100\"><span>1.\u00a0<\/span><strong data-start=\"2065\" data-end=\"2100\"><span>Aumentar la eficiencia comercial<\/span><\/strong><\/h4><p class=\"\" data-start=\"2101\" data-end=\"2300\"><span>Cuando comprende en qu\u00e9 etapa se encuentra un cliente potencial, su equipo no perder\u00e1 tiempo en contactos fr\u00edos o mal preparados. La comunicaci\u00f3n se vuelve personalizada, directa y con muchas mayores posibilidades de \u00e9xito.<\/span><\/p><h4 class=\"\" data-start=\"2302\" data-end=\"2352\"><span>2.\u00a0<\/span><strong data-start=\"2310\" data-end=\"2352\"><span>Permite la previsibilidad de los resultados<\/span><\/strong><\/h4><p class=\"\" data-start=\"2353\" data-end=\"2566\"><span>Con un embudo bien estructurado, es posible analizar m\u00e9tricas como\u00a0<\/span><strong data-start=\"2417\" data-end=\"2448\"><span>la tasa de conversi\u00f3n por etapa<\/span><\/strong><span>\u00a0,\u00a0<\/span><strong data-start=\"2450\" data-end=\"2479\"><span>el tiempo promedio de cierre<\/span><\/strong><span>\u00a0y\u00a0<\/span><strong data-start=\"2482\" data-end=\"2500\"><span>el costo por lead<\/span><\/strong><span>\u00a0, ayudando a\u00a0<\/span><strong data-start=\"2513\" data-end=\"2535\"><span>predecir ingresos<\/span><\/strong><span>\u00a0y tomar decisiones estrat\u00e9gicas.<\/span><\/p><h4 class=\"\" data-start=\"2568\" data-end=\"2619\"><span>3.\u00a0<\/span><strong data-start=\"2576\" data-end=\"2619\"><span>Mejorar las relaciones con los clientes<\/span><\/strong><\/h4><p class=\"\" data-start=\"2620\" data-end=\"2799\"><span>Los leads que son nutridos con contenido relevante a lo largo del embudo tienden a confiar m\u00e1s en la empresa,\u00a0<\/span><strong data-start=\"2718\" data-end=\"2740\"><span>reduciendo las objeciones<\/span><\/strong><span>\u00a0al momento de la compra y aumentando las posibilidades de fidelizaci\u00f3n.<\/span><\/p><h4 class=\"\" data-start=\"2801\" data-end=\"2842\"><span>4.\u00a0<\/span><strong data-start=\"2809\" data-end=\"2842\"><span>Ayuda a identificar cuellos de botella<\/span><\/strong><\/h4><p class=\"\" data-start=\"2843\" data-end=\"3016\"><span>Si muchos clientes potenciales quedan estancados en el medio del embudo, por ejemplo, esto podr\u00eda indicar que su gesti\u00f3n de contenido est\u00e1 fallando o que su propuesta de valor necesita ajustarse.<\/span><\/p><h4 class=\"\" data-start=\"3018\" data-end=\"3080\"><span>5.\u00a0<\/span><strong data-start=\"3026\" data-end=\"3080\"><span>Aumentar el retorno de la inversi\u00f3n (ROI)<\/span><\/strong><\/h4><p class=\"\" data-start=\"3081\" data-end=\"3290\"><span>Invertir en tr\u00e1fico pago, marketing entrante o prospecci\u00f3n activa sin un proceso de gesti\u00f3n de leads y un embudo es como tirar dinero a la basura. Una gesti\u00f3n organizada garantiza\u00a0<\/span><strong data-start=\"3244\" data-end=\"3289\"><span>un mejor aprovechamiento de cada lead generado<\/span><\/strong><span>\u00a0.<\/span><\/p><hr class=\"\" data-start=\"3292\" data-end=\"3295\" \/><h3 class=\"\" data-start=\"3297\" data-end=\"3346\"><span>Integraci\u00f3n de CRM: el secreto para escalar<\/span><\/h3><p class=\"\" data-start=\"3348\" data-end=\"3640\"><span>Un CRM completo permite\u00a0<\/span><strong data-start=\"3372\" data-end=\"3410\"><span>centralizar todo el recorrido del lead<\/span><\/strong><span>\u00a0, desde el primer clic hasta el cierre de la venta. Adem\u00e1s, facilita la automatizaci\u00f3n de tareas, el env\u00edo de mensajes en momentos estrat\u00e9gicos y el seguimiento de resultados con dashboards visuales actualizados en tiempo real.<\/span><\/p><p class=\"\" data-start=\"3642\" data-end=\"3790\"><span>Con CRM, la empresa transforma el embudo de ventas en un\u00a0<\/span><strong data-start=\"3698\" data-end=\"3733\"><span>motor de crecimiento predecible<\/span><\/strong><span>\u00a0, ajustando sus estrategias en funci\u00f3n de datos concretos.<\/span><\/p><hr class=\"\" data-start=\"3792\" data-end=\"3795\" \/><h3 class=\"\" data-start=\"3797\" data-end=\"3845\"><span>Gesti\u00f3n de clientes potenciales y cumplimiento de la LGPD<\/span><\/h3><p class=\"\" data-start=\"3847\" data-end=\"4037\"><span>Otro punto crucial es la\u00a0<\/span><strong data-start=\"3871\" data-end=\"3915\"><span>gesti\u00f3n \u00e9tica y legal de los datos de clientes potenciales<\/span><\/strong><span>\u00a0. Con la LGPD vigente, es imprescindible almacenar, tratar y utilizar los datos con el\u00a0<\/span><strong data-start=\"3996\" data-end=\"4024\"><span>consentimiento del titular<\/span><\/strong><span>\u00a0, garantizando:<\/span><\/p><ul data-start=\"4038\" data-end=\"4136\"><li class=\"\" data-start=\"4038\" data-end=\"4067\"><p class=\"\" data-start=\"4040\" data-end=\"4067\"><span>Transparencia en los procesos<\/span><\/p><\/li><li class=\"\" data-start=\"4068\" data-end=\"4093\"><p class=\"\" data-start=\"4070\" data-end=\"4093\"><span>Seguridad de la informaci\u00f3n<\/span><\/p><\/li><li class=\"\" data-start=\"4094\" data-end=\"4136\"><p class=\"\" data-start=\"4096\" data-end=\"4136\"><span>Reputaci\u00f3n positiva de la empresa en el mercado<\/span><\/p><\/li><\/ul><p class=\"\" data-start=\"4138\" data-end=\"4311\"><span>Un buen CRM o sistema de automatizaci\u00f3n le ayuda\u00a0<\/span><strong data-start=\"4181\" data-end=\"4209\"><span>a gestionar los consentimientos<\/span><\/strong><span>\u00a0, aplicar pol\u00edticas de privacidad y cumplir con las solicitudes de eliminaci\u00f3n o portabilidad con facilidad.<\/span><\/p><hr class=\"\" data-start=\"4313\" data-end=\"4316\" \/><h3 class=\"\" data-start=\"4318\" data-end=\"4334\"><span>\ud83c\udfc1 Conclusi\u00f3n<\/span><\/h3><p class=\"\" data-start=\"4336\" data-end=\"4680\"><span>Las empresas que invierten en\u00a0<\/span><strong data-start=\"4361\" data-end=\"4440\"><span>la gesti\u00f3n estrat\u00e9gica de leads y en la gesti\u00f3n eficiente del embudo de ventas<\/span><\/strong><span>\u00a0tienen una clara ventaja competitiva. Venden m\u00e1s, con menos esfuerzo, mayor previsibilidad y menores costes de adquisici\u00f3n. Adem\u00e1s, construyen\u00a0<\/span><strong data-start=\"4586\" data-end=\"4635\"><span>relaciones m\u00e1s s\u00f3lidas con sus clientes<\/span><\/strong><span>\u00a0, basadas en la confianza, el valor y la experiencia.<\/span><\/p><p class=\"\" data-start=\"4682\" data-end=\"4926\"><span>Si su empresa a\u00fan no cuenta con este proceso estructurado, ahora es el momento adecuado para empezar. Con las herramientas y pr\u00e1cticas adecuadas, puede convertir\u00a0<\/span><strong data-start=\"4841\" data-end=\"4873\"><span>clientes potenciales en oportunidades reales<\/span><\/strong><span>\u00a0y oportunidades en\u00a0<\/span><strong data-start=\"4895\" data-end=\"4925\"><span>resultados extraordinarios<\/span><\/strong><span>\u00a0.<\/span><\/p>\t\t\t\t\t\t\t\t<\/div>\n\t\t\t\t<\/div>\n\t\t\t\t\t<\/div>\n\t\t\t\t<\/div>\n\t\t\t\t<section class=\"elementor-section elementor-top-section elementor-element elementor-element-6da663f elementor-section-boxed elementor-section-height-default elementor-section-height-default\" data-id=\"6da663f\" data-element_type=\"section\" data-e-type=\"section\" data-settings=\"{&quot;background_background&quot;:&quot;classic&quot;}\">\n\t\t\t\t\t\t\t<div class=\"elementor-background-overlay\"><\/div>\n\t\t\t\t\t\t\t<div class=\"elementor-container elementor-column-gap-default\">\n\t\t\t\t\t<div class=\"elementor-column elementor-col-100 elementor-top-column elementor-element elementor-element-7f90ae8 elementor-invisible\" data-id=\"7f90ae8\" data-element_type=\"column\" data-e-type=\"column\" data-settings=\"{&quot;animation&quot;:&quot;zoomIn&quot;}\">\n\t\t\t<div class=\"elementor-widget-wrap elementor-element-populated\">\n\t\t\t\t\t\t<div class=\"elementor-element elementor-element-de6fed9 elementor-widget elementor-widget-heading\" data-id=\"de6fed9\" data-element_type=\"widget\" data-e-type=\"widget\" data-widget_type=\"heading.default\">\n\t\t\t\t<div class=\"elementor-widget-container\">\n\t\t\t\t\t<h2 class=\"elementor-heading-title elementor-size-default\">Pruebe System360 CRM gratis: \u00a1sin riesgos y sin necesidad de tarjeta!<\/h2>\t\t\t\t<\/div>\n\t\t\t\t<\/div>\n\t\t\t\t<div class=\"elementor-element elementor-element-e417a08 elementor-widget elementor-widget-text-editor\" data-id=\"e417a08\" data-element_type=\"widget\" data-e-type=\"widget\" data-widget_type=\"text-editor.default\">\n\t\t\t\t<div class=\"elementor-widget-container\">\n\t\t\t\t\t\t\t\t\t<p><span>Descubre todo el potencial de nuestro CRM con una prueba 100% gratuita.<\/span><br data-start=\"218\" data-end=\"221\" \/><span>No requiere tarjeta de cr\u00e9dito, sin compromiso: t\u00f3mese su tiempo para probarlo, explorar todas las funciones y ver c\u00f3mo System360 puede transformar la gesti\u00f3n de su empresa antes de tomar cualquier decisi\u00f3n.<\/span><\/p>\t\t\t\t\t\t\t\t<\/div>\n\t\t\t\t<\/div>\n\t\t\t\t<div class=\"elementor-element elementor-element-aefbbb2 elementor-align-center elementor-widget elementor-widget-button\" data-id=\"aefbbb2\" data-element_type=\"widget\" data-e-type=\"widget\" data-widget_type=\"button.default\">\n\t\t\t\t<div class=\"elementor-widget-container\">\n\t\t\t\t\t\t\t\t\t<div class=\"elementor-button-wrapper\">\n\t\t\t\t\t<a class=\"elementor-button elementor-button-link elementor-size-md\" href=\"https:\/\/bot360.com.br\/es\/servicos\">\n\t\t\t\t\t\t<span class=\"elementor-button-content-wrapper\">\n\t\t\t\t\t\t\t\t\t<span class=\"elementor-button-text\">testar por 14 dias<\/span>\n\t\t\t\t\t<\/span>\n\t\t\t\t\t<\/a>\n\t\t\t\t<\/div>\n\t\t\t\t\t\t\t\t<\/div>\n\t\t\t\t<\/div>\n\t\t\t\t\t<\/div>\n\t\t<\/div>\n\t\t\t\t\t<\/div>\n\t\t<\/section>\n\t\t\t\t<\/div>\n\t\t","protected":false},"excerpt":{"rendered":"<p>La importancia de la gesti\u00f3n de clientes potenciales y el embudo de ventas para el crecimiento empresarial En un mercado cada vez m\u00e1s impulsado por los datos e hiperconectado, la\u00a0forma en que las empresas atraen, nutren y convierten a los clientes\u00a0debe ser estrat\u00e9gica, automatizada y basada en procesos bien definidos. En este contexto,\u00a0la gesti\u00f3n de [&hellip;]<\/p>\n","protected":false},"author":1,"featured_media":0,"parent":0,"menu_order":0,"comment_status":"closed","ping_status":"closed","template":"","meta":{"footnotes":""},"class_list":["post-601","page","type-page","status-publish","hentry"],"_links":{"self":[{"href":"https:\/\/bot360.com.br\/es\/wp-json\/wp\/v2\/pages\/601","targetHints":{"allow":["GET"]}}],"collection":[{"href":"https:\/\/bot360.com.br\/es\/wp-json\/wp\/v2\/pages"}],"about":[{"href":"https:\/\/bot360.com.br\/es\/wp-json\/wp\/v2\/types\/page"}],"author":[{"embeddable":true,"href":"https:\/\/bot360.com.br\/es\/wp-json\/wp\/v2\/users\/1"}],"replies":[{"embeddable":true,"href":"https:\/\/bot360.com.br\/es\/wp-json\/wp\/v2\/comments?post=601"}],"version-history":[{"count":6,"href":"https:\/\/bot360.com.br\/es\/wp-json\/wp\/v2\/pages\/601\/revisions"}],"predecessor-version":[{"id":1016,"href":"https:\/\/bot360.com.br\/es\/wp-json\/wp\/v2\/pages\/601\/revisions\/1016"}],"wp:attachment":[{"href":"https:\/\/bot360.com.br\/es\/wp-json\/wp\/v2\/media?parent=601"}],"curies":[{"name":"wp","href":"https:\/\/api.w.org\/{rel}","templated":true}]}}