{"id":599,"date":"2025-04-12T20:04:34","date_gmt":"2025-04-12T23:04:34","guid":{"rendered":"https:\/\/bot360.com.br\/la-importancia-de-un-crm-en-la-gestion-empresarial-rendimiento-cumplimiento-y-productividad\/"},"modified":"2025-04-17T22:14:43","modified_gmt":"2025-04-18T01:14:43","slug":"la-importancia-de-un-crm-en-la-gestion-empresarial-rendimiento-cumplimiento-y-productividad","status":"publish","type":"page","link":"https:\/\/bot360.com.br\/es\/la-importancia-de-un-crm-en-la-gestion-empresarial-rendimiento-cumplimiento-y-productividad\/","title":{"rendered":"La importancia de un CRM en la gesti\u00f3n empresarial: rendimiento, cumplimiento y productividad"},"content":{"rendered":"\t\t<div data-elementor-type=\"wp-page\" data-elementor-id=\"599\" class=\"elementor elementor-599\" data-elementor-post-type=\"page\">\n\t\t\t\t<div class=\"elementor-element elementor-element-9176ef4 e-flex e-con-boxed e-con e-parent\" data-id=\"9176ef4\" data-element_type=\"container\" data-e-type=\"container\">\n\t\t\t\t\t<div class=\"e-con-inner\">\n\t\t\t\t<div class=\"elementor-element elementor-element-0cbe6cf elementor-widget elementor-widget-heading\" data-id=\"0cbe6cf\" data-element_type=\"widget\" data-e-type=\"widget\" data-widget_type=\"heading.default\">\n\t\t\t\t<div class=\"elementor-widget-container\">\n\t\t\t\t\t<h2 class=\"elementor-heading-title elementor-size-default\">La importancia del CRM en la gesti\u00f3n empresarial: rendimiento, cumplimiento y productividad<\/h2>\t\t\t\t<\/div>\n\t\t\t\t<\/div>\n\t\t\t\t<div class=\"elementor-element elementor-element-4e83660 elementor-widget elementor-widget-text-editor\" data-id=\"4e83660\" data-element_type=\"widget\" data-e-type=\"widget\" data-widget_type=\"text-editor.default\">\n\t\t\t\t<div class=\"elementor-widget-container\">\n\t\t\t\t\t\t\t\t\t<p class=\"\" data-start=\"321\" data-end=\"902\"><span>En un escenario empresarial cada vez m\u00e1s competitivo y digitalizado, contar con herramientas estrat\u00e9gicas ya no es un diferenciador sino una\u00a0<\/span><strong data-start=\"473\" data-end=\"497\"><span>necesidad absoluta<\/span><\/strong><span>\u00a0. En este contexto,\u00a0<\/span><strong data-start=\"517\" data-end=\"559\"><span>CRM (Customer Relationship Management)<\/span><\/strong><span>\u00a0destaca como una de las soluciones m\u00e1s importantes para las empresas que quieren escalar operaciones, mejorar las relaciones con sus clientes y asegurar el cumplimiento legal, especialmente con la legislaci\u00f3n de protecci\u00f3n de datos como\u00a0<\/span><strong data-start=\"788\" data-end=\"829\"><span>LGPD (Ley General de Protecci\u00f3n de Datos)<\/span><\/strong><span>\u00a0y\u00a0<\/span><strong data-start=\"834\" data-end=\"901\"><span>GDPR (Reglamento General de Protecci\u00f3n de Datos de la Uni\u00f3n Europea)<\/span><\/strong><span>\u00a0.<\/span><\/p><hr class=\"\" data-start=\"904\" data-end=\"907\" \/><h3 class=\"\" data-start=\"909\" data-end=\"948\"><span>\ud83e\udde0 \u00bfQu\u00e9 es un CRM y para qu\u00e9 sirve?<\/span><\/h3><p class=\"\" data-start=\"950\" data-end=\"1232\"><span>CRM es un sistema que centraliza, organiza y automatiza todas las interacciones entre la empresa y sus clientes, desde el primer contacto hasta la posventa. Esto incluye historial de servicios, registros de ventas, actividades de marketing, emisi\u00f3n de propuestas, contratos, entre otros.<\/span><\/p><hr class=\"\" data-start=\"1234\" data-end=\"1237\" \/><h3 class=\"\" data-start=\"1239\" data-end=\"1298\"><span>\ud83d\ude80 Impactos positivos del CRM en el rendimiento empresarial<\/span><\/h3><ol data-start=\"1300\" data-end=\"2110\"><li class=\"\" data-start=\"1300\" data-end=\"1519\"><p class=\"\" data-start=\"1303\" data-end=\"1519\"><strong data-start=\"1303\" data-end=\"1342\"><span>Centralizaci\u00f3n de datos estrat\u00e9gicos<\/span><\/strong><br data-start=\"1342\" data-end=\"1345\" \/><span>Un CRM almacena toda la informaci\u00f3n relevante en un solo lugar, lo que permite un acceso r\u00e1pido, seguro e inteligente a los datos de los clientes, optimizando el proceso de toma de decisiones.<\/span><\/p><\/li><li class=\"\" data-start=\"1521\" data-end=\"1716\"><p class=\"\" data-start=\"1524\" data-end=\"1716\"><strong data-start=\"1524\" data-end=\"1560\"><span>Mejorar el embudo de ventas<\/span><\/strong><br data-start=\"1560\" data-end=\"1563\" \/><span>Con un CRM, puede rastrear cada etapa del recorrido del cliente con precisi\u00f3n, identificando cuellos de botella, oportunidades de venta adicional y \u00e1reas de mejora.<\/span><\/p><\/li><li class=\"\" data-start=\"1718\" data-end=\"1919\"><p class=\"\" data-start=\"1721\" data-end=\"1919\"><strong data-start=\"1721\" data-end=\"1754\"><span>Reducci\u00f3n de errores operativos<\/span><\/strong><br data-start=\"1754\" data-end=\"1757\" \/><span>Automatizar tareas rutinarias, como seguimientos, env\u00edo de propuestas y generaci\u00f3n de reportes, reduce los errores humanos y aumenta la confiabilidad de la informaci\u00f3n.<\/span><\/p><\/li><li class=\"\" data-start=\"1921\" data-end=\"2110\"><p class=\"\" data-start=\"1924\" data-end=\"2110\"><strong data-start=\"1924\" data-end=\"1967\"><span>Mejora la relaci\u00f3n con el cliente<\/span><\/strong><br data-start=\"1967\" data-end=\"1970\" \/><span>Con un historial completo y actualizado, los servicios se vuelven m\u00e1s personalizados y eficientes, aumentando la satisfacci\u00f3n y la fidelizaci\u00f3n.<\/span><\/p><\/li><\/ol><hr class=\"\" data-start=\"2112\" data-end=\"2115\" \/><h3 class=\"\" data-start=\"2117\" data-end=\"2180\"><span>\ud83d\udd10 Cumplimiento de la legislaci\u00f3n sobre CRM y protecci\u00f3n de datos<\/span><\/h3><p class=\"\" data-start=\"2182\" data-end=\"2423\"><span>Desde la entrada en vigor de la\u00a0<\/span><strong data-start=\"2210\" data-end=\"2228\"><span>LGPD en Brasil<\/span><\/strong><span>\u00a0y del\u00a0<\/span><strong data-start=\"2234\" data-end=\"2252\"><span>GDPR en Europa<\/span><\/strong><span>\u00a0, las empresas tienen responsabilidades m\u00e1s estrictas con respecto al uso y almacenamiento de datos personales. Un buen CRM contribuye directamente a este proceso, ofreciendo:<\/span><\/p><ul data-start=\"2425\" data-end=\"2943\"><li class=\"\" data-start=\"2425\" data-end=\"2578\"><p class=\"\" data-start=\"2427\" data-end=\"2578\"><strong data-start=\"2427\" data-end=\"2472\"><span>Control de consentimientos y bases legales<\/span><\/strong><br data-start=\"2472\" data-end=\"2475\" \/><span>Permite registrar y rastrear el consentimiento del usuario, lo cual es esencial para el tratamiento legal de los datos.<\/span><\/p><\/li><li class=\"\" data-start=\"2580\" data-end=\"2751\"><p class=\"\" data-start=\"2582\" data-end=\"2751\"><strong data-start=\"2582\" data-end=\"2636\"><span>Gesti\u00f3n de solicitudes de eliminaci\u00f3n y portabilidad<\/span><\/strong><br data-start=\"2636\" data-end=\"2639\" \/><span>Facilita el cumplimiento de los derechos de los interesados, como la eliminaci\u00f3n de datos o la exportaci\u00f3n de informaci\u00f3n personal.<\/span><\/p><\/li><li class=\"\" data-start=\"2753\" data-end=\"2943\"><p class=\"\" data-start=\"2755\" data-end=\"2943\"><strong data-start=\"2755\" data-end=\"2782\"><span>Seguridad de la informaci\u00f3n<\/span><\/strong><br data-start=\"2782\" data-end=\"2785\" \/><span>Los sistemas CRM modernos ofrecen encriptaci\u00f3n, control de acceso y auditor\u00eda de acciones, esenciales para prevenir fugas y mantener la integridad de los datos.<\/span><\/p><\/li><\/ul><p class=\"\" data-start=\"2945\" data-end=\"3114\"><span>Utilizar un CRM alineado con la legislaci\u00f3n es una forma de reducir riesgos legales, proteger la reputaci\u00f3n de la empresa y demostrar compromiso con la privacidad del cliente.<\/span><\/p><hr class=\"\" data-start=\"3116\" data-end=\"3119\" \/><h3 class=\"\" data-start=\"3121\" data-end=\"3171\"><span>\ud83d\udee0\ufe0f CRM y aumento de la productividad operativa<\/span><\/h3><p class=\"\" data-start=\"3173\" data-end=\"3304\"><span>Al automatizar procesos repetitivos y centralizar la informaci\u00f3n, CRM impacta directamente en\u00a0<\/span><strong data-start=\"3266\" data-end=\"3292\"><span>la eficiencia del equipo<\/span><\/strong><span>\u00a0. Aqu\u00ed te explicamos c\u00f3mo:<\/span><\/p><ul data-start=\"3306\" data-end=\"3640\"><li class=\"\" data-start=\"3306\" data-end=\"3430\"><p class=\"\" data-start=\"3308\" data-end=\"3430\"><strong data-start=\"3308\" data-end=\"3344\"><span>Automatizaci\u00f3n de marketing y ventas:<\/span><\/strong><span>\u00a0campa\u00f1as dirigidas, clientes potenciales nutridos autom\u00e1ticamente y notificaciones de oportunidades.<\/span><\/p><\/li><li class=\"\" data-start=\"3431\" data-end=\"3540\"><p class=\"\" data-start=\"3433\" data-end=\"3540\"><strong data-start=\"3433\" data-end=\"3464\"><span>Gesti\u00f3n de tareas y plazos:<\/span><\/strong><span>\u00a0equipos m\u00e1s organizados, con una visi\u00f3n clara de responsabilidades y prioridades.<\/span><\/p><\/li><li class=\"\" data-start=\"3541\" data-end=\"3640\"><p class=\"\" data-start=\"3543\" data-end=\"3640\"><strong data-start=\"3543\" data-end=\"3585\"><span>Informes y paneles de control en tiempo real:<\/span><\/strong><span>\u00a0toma de decisiones basada en datos, no en conjeturas.<\/span><\/p><\/li><\/ul><p class=\"\" data-start=\"3642\" data-end=\"3751\"><span>Esta ganancia de productividad se traduce en\u00a0<\/span><strong data-start=\"3683\" data-end=\"3750\"><span>reducci\u00f3n de costos, aumento de ingresos y crecimiento sostenible<\/span><\/strong><span>\u00a0.<\/span><\/p><hr class=\"\" data-start=\"3753\" data-end=\"3756\" \/><h3 class=\"\" data-start=\"3758\" data-end=\"3774\"><span>\ud83d\udcca Conclusi\u00f3n<\/span><\/h3><p class=\"\" data-start=\"3776\" data-end=\"4067\"><span>Adoptar un sistema CRM no es s\u00f3lo una soluci\u00f3n tecnol\u00f3gica: es una\u00a0<\/span><strong data-start=\"3848\" data-end=\"3901\"><span>estrategia de crecimiento empresarial sostenible<\/span><\/strong><span>\u00a0. Fortalece las relaciones con los clientes, mejora el rendimiento del equipo, garantiza el cumplimiento de la legislaci\u00f3n de protecci\u00f3n de datos y potencia los resultados.<\/span><\/p><p class=\"\" data-start=\"4069\" data-end=\"4256\"><span>En tiempos donde la confianza del consumidor es un activo valioso, invertir en un CRM es, sin duda, un paso decisivo para las empresas que quieren seguir siendo competitivas, organizadas y productivas.<\/span><\/p>\t\t\t\t\t\t\t\t<\/div>\n\t\t\t\t<\/div>\n\t\t\t\t\t<\/div>\n\t\t\t\t<\/div>\n\t\t\t\t<section class=\"elementor-section elementor-top-section elementor-element elementor-element-7cc51af elementor-section-boxed elementor-section-height-default elementor-section-height-default\" data-id=\"7cc51af\" data-element_type=\"section\" data-e-type=\"section\" data-settings=\"{&quot;background_background&quot;:&quot;classic&quot;}\">\n\t\t\t\t\t\t\t<div class=\"elementor-background-overlay\"><\/div>\n\t\t\t\t\t\t\t<div class=\"elementor-container elementor-column-gap-default\">\n\t\t\t\t\t<div class=\"elementor-column elementor-col-100 elementor-top-column elementor-element elementor-element-8e43f1e elementor-invisible\" data-id=\"8e43f1e\" data-element_type=\"column\" data-e-type=\"column\" data-settings=\"{&quot;animation&quot;:&quot;zoomIn&quot;}\">\n\t\t\t<div class=\"elementor-widget-wrap elementor-element-populated\">\n\t\t\t\t\t\t<div class=\"elementor-element elementor-element-e047022 elementor-widget elementor-widget-heading\" data-id=\"e047022\" data-element_type=\"widget\" data-e-type=\"widget\" data-widget_type=\"heading.default\">\n\t\t\t\t<div class=\"elementor-widget-container\">\n\t\t\t\t\t<h2 class=\"elementor-heading-title elementor-size-default\">Pruebe System360 CRM gratis: \u00a1sin riesgos y sin necesidad de tarjeta!<\/h2>\t\t\t\t<\/div>\n\t\t\t\t<\/div>\n\t\t\t\t<div class=\"elementor-element elementor-element-ee2f210 elementor-widget elementor-widget-text-editor\" data-id=\"ee2f210\" data-element_type=\"widget\" data-e-type=\"widget\" data-widget_type=\"text-editor.default\">\n\t\t\t\t<div class=\"elementor-widget-container\">\n\t\t\t\t\t\t\t\t\t<p><span>Descubre todo el potencial de nuestro CRM con una prueba 100% gratuita.<\/span><br data-start=\"218\" data-end=\"221\" \/><span>No requiere tarjeta de cr\u00e9dito, sin compromiso: t\u00f3mese su tiempo para probarlo, explorar todas las funciones y ver c\u00f3mo System360 puede transformar la gesti\u00f3n de su empresa antes de tomar cualquier decisi\u00f3n.<\/span><\/p>\t\t\t\t\t\t\t\t<\/div>\n\t\t\t\t<\/div>\n\t\t\t\t<div class=\"elementor-element elementor-element-91717f3 elementor-align-center elementor-widget elementor-widget-button\" data-id=\"91717f3\" data-element_type=\"widget\" data-e-type=\"widget\" data-widget_type=\"button.default\">\n\t\t\t\t<div class=\"elementor-widget-container\">\n\t\t\t\t\t\t\t\t\t<div class=\"elementor-button-wrapper\">\n\t\t\t\t\t<a class=\"elementor-button elementor-button-link elementor-size-md\" href=\"https:\/\/bot360.com.br\/es\/servicos\">\n\t\t\t\t\t\t<span class=\"elementor-button-content-wrapper\">\n\t\t\t\t\t\t\t\t\t<span class=\"elementor-button-text\">testar por 14 dias<\/span>\n\t\t\t\t\t<\/span>\n\t\t\t\t\t<\/a>\n\t\t\t\t<\/div>\n\t\t\t\t\t\t\t\t<\/div>\n\t\t\t\t<\/div>\n\t\t\t\t\t<\/div>\n\t\t<\/div>\n\t\t\t\t\t<\/div>\n\t\t<\/section>\n\t\t\t\t<\/div>\n\t\t","protected":false},"excerpt":{"rendered":"<p>La importancia del CRM en la gesti\u00f3n empresarial: rendimiento, cumplimiento y productividad En un escenario empresarial cada vez m\u00e1s competitivo y digitalizado, contar con herramientas estrat\u00e9gicas ya no es un diferenciador sino una\u00a0necesidad absoluta\u00a0. En este contexto,\u00a0CRM (Customer Relationship Management)\u00a0destaca como una de las soluciones m\u00e1s importantes para las empresas que quieren escalar operaciones, mejorar [&hellip;]<\/p>\n","protected":false},"author":1,"featured_media":0,"parent":0,"menu_order":0,"comment_status":"closed","ping_status":"closed","template":"","meta":{"footnotes":""},"class_list":["post-599","page","type-page","status-publish","hentry"],"_links":{"self":[{"href":"https:\/\/bot360.com.br\/es\/wp-json\/wp\/v2\/pages\/599","targetHints":{"allow":["GET"]}}],"collection":[{"href":"https:\/\/bot360.com.br\/es\/wp-json\/wp\/v2\/pages"}],"about":[{"href":"https:\/\/bot360.com.br\/es\/wp-json\/wp\/v2\/types\/page"}],"author":[{"embeddable":true,"href":"https:\/\/bot360.com.br\/es\/wp-json\/wp\/v2\/users\/1"}],"replies":[{"embeddable":true,"href":"https:\/\/bot360.com.br\/es\/wp-json\/wp\/v2\/comments?post=599"}],"version-history":[{"count":3,"href":"https:\/\/bot360.com.br\/es\/wp-json\/wp\/v2\/pages\/599\/revisions"}],"predecessor-version":[{"id":865,"href":"https:\/\/bot360.com.br\/es\/wp-json\/wp\/v2\/pages\/599\/revisions\/865"}],"wp:attachment":[{"href":"https:\/\/bot360.com.br\/es\/wp-json\/wp\/v2\/media?parent=599"}],"curies":[{"name":"wp","href":"https:\/\/api.w.org\/{rel}","templated":true}]}}