{"id":597,"date":"2025-04-12T20:04:34","date_gmt":"2025-04-12T23:04:34","guid":{"rendered":"https:\/\/bot360.com.br\/experiencia-en-gestion-por-mas-de-25-anos\/"},"modified":"2025-04-17T22:55:39","modified_gmt":"2025-04-18T01:55:39","slug":"experiencia-en-gestion-por-mas-de-25-anos","status":"publish","type":"page","link":"https:\/\/bot360.com.br\/es\/experiencia-en-gestion-por-mas-de-25-anos\/","title":{"rendered":"Experiencia en Gesti\u00f3n por m\u00e1s de 25 a\u00f1os"},"content":{"rendered":"\t\t<div data-elementor-type=\"wp-page\" data-elementor-id=\"597\" class=\"elementor elementor-597\" data-elementor-post-type=\"page\">\n\t\t\t\t<div class=\"elementor-element elementor-element-36d8421 e-flex e-con-boxed e-con e-parent\" data-id=\"36d8421\" data-element_type=\"container\" data-e-type=\"container\">\n\t\t\t\t\t<div class=\"e-con-inner\">\n\t\t\t\t<div class=\"elementor-element elementor-element-e03e478 elementor-widget elementor-widget-heading\" data-id=\"e03e478\" data-element_type=\"widget\" data-e-type=\"widget\" data-widget_type=\"heading.default\">\n\t\t\t\t<div class=\"elementor-widget-container\">\n\t\t\t\t\t<h2 class=\"elementor-heading-title elementor-size-default\">+25 a\u00f1os de gesti\u00f3n empresarial: La experiencia detr\u00e1s de CRM System360<\/h2>\t\t\t\t<\/div>\n\t\t\t\t<\/div>\n\t\t\t\t<div class=\"elementor-element elementor-element-8b9fd93 elementor-widget elementor-widget-text-editor\" data-id=\"8b9fd93\" data-element_type=\"widget\" data-e-type=\"widget\" data-widget_type=\"text-editor.default\">\n\t\t\t\t<div class=\"elementor-widget-container\">\n\t\t\t\t\t\t\t\t\t<p class=\"\" data-start=\"351\" data-end=\"855\"><span>En un mercado donde la tecnolog\u00eda avanza r\u00e1pidamente y la competitividad exige innovaci\u00f3n constante, contar con soluciones desarrolladas por quienes\u00a0<\/span><strong data-start=\"492\" data-end=\"536\"><span>han vivido la realidad de los negocios en la pr\u00e1ctica<\/span><\/strong><span>\u00a0hace toda la diferencia. CRM\u00a0<\/span><strong data-start=\"561\" data-end=\"578\"><span>System360<\/span><\/strong><span>\u00a0es m\u00e1s que una herramienta tecnol\u00f3gica: es el reflejo de\u00a0<\/span><strong data-start=\"636\" data-end=\"692\"><span>m\u00e1s de 25 a\u00f1os de experiencia en gesti\u00f3n empresarial<\/span><\/strong><span>\u00a0de su CEO, quien ha canalizado d\u00e9cadas de experiencia en procesos, liderazgo y desempe\u00f1o para entregar un sistema que realmente entiende las necesidades de una empresa.<\/span><\/p><hr class=\"\" data-start=\"857\" data-end=\"860\" \/><h3 class=\"\" data-start=\"862\" data-end=\"925\"><span>\ud83c\udfaf Una visi\u00f3n estrat\u00e9gica basada en la realidad del emprendedor<\/span><\/h3><p class=\"\" data-start=\"927\" data-end=\"1045\"><span><span class=\"\">A lo largo de su carrera como directivo, el CEO de CRM System360 ha afrontado de cerca los retos de la vida corporativa cotidiana:<\/span><\/span><\/p><ul data-start=\"1046\" data-end=\"1314\"><li class=\"\" data-start=\"1046\" data-end=\"1083\"><p class=\"\" data-start=\"1048\" data-end=\"1083\"><span>Falta de integraci\u00f3n entre sectores<\/span><\/p><\/li><li class=\"\" data-start=\"1084\" data-end=\"1136\"><p class=\"\" data-start=\"1086\" data-end=\"1136\"><span>Dificultad para monitorear el embudo de ventas<\/span><\/p><\/li><li class=\"\" data-start=\"1137\" data-end=\"1182\"><p class=\"\" data-start=\"1139\" data-end=\"1182\"><span>Ineficiencias en la comunicaci\u00f3n con el cliente<\/span><\/p><\/li><li class=\"\" data-start=\"1183\" data-end=\"1242\"><p class=\"\" data-start=\"1185\" data-end=\"1242\"><span>Procesos manuales que comprometen el tiempo y la productividad<\/span><\/p><\/li><li class=\"\" data-start=\"1243\" data-end=\"1314\"><p class=\"\" data-start=\"1245\" data-end=\"1314\"><span>Dificultad para generar informes de gesti\u00f3n fiables en tiempo real<\/span><\/p><\/li><\/ul><p class=\"\" data-start=\"1316\" data-end=\"1556\"><span>Estas experiencias no s\u00f3lo moldearon su desempe\u00f1o como gerente, sino que fueron fundamentales para\u00a0<\/span><strong data-start=\"1402\" data-end=\"1453\"><span>dise\u00f1ar un CRM que soluciona problemas reales<\/span><\/strong><span>\u00a0, con funcionalidades creadas para hacer la rutina m\u00e1s sencilla, automatizada y orientada a resultados.<\/span><\/p><hr class=\"\" data-start=\"1558\" data-end=\"1561\" \/><h3 class=\"\" data-start=\"1563\" data-end=\"1628\"><span>\ud83d\ude80 Impactos directos de la experiencia en la mejora del rendimiento<\/span><\/h3><p class=\"\" data-start=\"1630\" data-end=\"1796\"><span>La experiencia de quienes conocen a fondo la din\u00e1mica empresarial es visible en cada m\u00f3dulo de CRM System360. Vea algunas diferencias impulsadas por esta experiencia:<\/span><\/p><h4 class=\"\" data-start=\"1798\" data-end=\"1844\"><span>1.\u00a0<\/span><strong data-start=\"1806\" data-end=\"1844\"><span>Centrarse en la productividad y la eficiencia<\/span><\/strong><\/h4><p class=\"\" data-start=\"1845\" data-end=\"2093\"><span>Basado en su experiencia en diversos entornos corporativos, el CEO prioriz\u00f3 funcionalidades que\u00a0<\/span><strong data-start=\"1942\" data-end=\"1965\"><span>eliminan retrabajos<\/span><\/strong><span>\u00a0,\u00a0<\/span><strong data-start=\"1967\" data-end=\"1990\"><span>automatizan rutinas<\/span><\/strong><span>\u00a0y\u00a0<\/span><strong data-start=\"1993\" data-end=\"2024\"><span>reducen el tiempo de respuesta<\/span><\/strong><span>\u00a0, aumentando el desempe\u00f1o de los equipos de ventas, servicio y gesti\u00f3n.<\/span><\/p><h4 class=\"\" data-start=\"2095\" data-end=\"2141\"><span>2.\u00a0<\/span><strong data-start=\"2103\" data-end=\"2141\"><span>Integraci\u00f3n estrat\u00e9gica entre \u00e1reas<\/span><\/strong><\/h4><p class=\"\" data-start=\"2142\" data-end=\"2366\"><span>Uno de los mayores cuellos de botella en las empresas es la falta de conexi\u00f3n entre sectores. CRM System360 fue dise\u00f1ado para ser el\u00a0<\/span><strong data-start=\"2260\" data-end=\"2291\"><span>cerebro central de la operaci\u00f3n<\/span><\/strong><span>\u00a0, conectando marketing, ventas, finanzas y posventa en un solo sistema.<\/span><\/p><h4 class=\"\" data-start=\"2368\" data-end=\"2414\"><span>3.\u00a0<\/span><strong data-start=\"2376\" data-end=\"2414\"><span>Indicadores que realmente importan<\/span><\/strong><\/h4><p class=\"\" data-start=\"2415\" data-end=\"2663\"><span>M\u00e1s que simples paneles de control bonitos, CRM ofrece\u00a0<\/span><strong data-start=\"2461\" data-end=\"2490\"><span>KPI pr\u00e1cticos y objetivos<\/span><\/strong><span>\u00a0que facilitan el an\u00e1lisis del rendimiento y la toma de decisiones. Todo esto gracias a la sensibilidad de quienes pasaron a\u00f1os lidiando con informes sin profundidad ni contexto.<\/span><\/p><h4 class=\"\" data-start=\"2665\" data-end=\"2704\"><span>4.\u00a0<\/span><strong data-start=\"2673\" data-end=\"2704\"><span>Adopci\u00f3n r\u00e1pida y usabilidad<\/span><\/strong><\/h4><p class=\"\" data-start=\"2705\" data-end=\"2973\"><span>Sabiendo que la resistencia a la tecnolog\u00eda es uno de los principales obst\u00e1culos en la implementaci\u00f3n de CRM, System360 fue dise\u00f1ado para ser\u00a0<\/span><strong data-start=\"2830\" data-end=\"2854\"><span>intuitivo y f\u00e1cil de usar<\/span><\/strong><span>\u00a0desde el primer acceso, una caracter\u00edstica pensada por quienes han liderado equipos con diferentes niveles de dominio digital.<\/span><\/p><hr class=\"\" data-start=\"2975\" data-end=\"2978\" \/><h3 class=\"\" data-start=\"2980\" data-end=\"3031\"><span>\ud83d\udd10 Compromiso con la seguridad y el cumplimiento<\/span><\/h3><p class=\"\" data-start=\"3033\" data-end=\"3267\"><span>Adem\u00e1s de su experiencia en gesti\u00f3n, el CEO tambi\u00e9n promueve una\u00a0<\/span><strong data-start=\"3089\" data-end=\"3130\"><span>cultura de responsabilidad sobre datos<\/span><\/strong><span>\u00a0, algo esencial en el contexto actual de la\u00a0<\/span><strong data-start=\"3165\" data-end=\"3206\"><span>LGPD (Ley General de Protecci\u00f3n de Datos)<\/span><\/strong><span>\u00a0. CRM System360 incorpora rutinas y controles que garantizan:<\/span><\/p><ul data-start=\"3268\" data-end=\"3476\"><li class=\"\" data-start=\"3268\" data-end=\"3325\"><p class=\"\" data-start=\"3270\" data-end=\"3325\"><span>Almacenamiento seguro y cifrado de datos confidenciales<\/span><\/p><\/li><li class=\"\" data-start=\"3326\" data-end=\"3384\"><p class=\"\" data-start=\"3328\" data-end=\"3384\"><span>Gesti\u00f3n del consentimiento y trazabilidad de la informaci\u00f3n<\/span><\/p><\/li><li class=\"\" data-start=\"3385\" data-end=\"3476\"><p class=\"\" data-start=\"3387\" data-end=\"3476\"><span>Funcionalidades de eliminaci\u00f3n, anonimizaci\u00f3n y portabilidad de datos seg\u00fan lo exija la ley<\/span><\/p><\/li><\/ul><hr class=\"\" data-start=\"3478\" data-end=\"3481\" \/><h3 class=\"\" data-start=\"3483\" data-end=\"3531\"><span>\ud83d\udca1Un CRM creado por un gerente para gerentes<\/span><\/h3><p class=\"\" data-start=\"3533\" data-end=\"3837\"><span>La principal diferencia de System360 est\u00e1 en su origen:\u00a0<\/span><strong data-start=\"3588\" data-end=\"3728\"><span>no fue creado por desarrolladores alejados de la realidad, sino por un gestor experimentado que conoce cada punto de dolor del entorno corporativo<\/span><\/strong><span>\u00a0. Esta diferencia humana, combinada con la tecnolog\u00eda, se traduce en una herramienta pr\u00e1ctica, eficiente y estrat\u00e9gica.<\/span><\/p><hr class=\"\" data-start=\"3839\" data-end=\"3842\" \/><h3 class=\"\" data-start=\"3844\" data-end=\"3860\"><span>\ud83c\udfc1 Conclusi\u00f3n<\/span><\/h3><p class=\"\" data-start=\"3862\" data-end=\"4154\"><span>La experiencia de m\u00e1s de 25 a\u00f1os del CEO de CRM System360 se refleja directamente en los resultados entregados por la plataforma. Con una mirada puesta en el rendimiento, la productividad y la gesti\u00f3n inteligente, el sistema fue dise\u00f1ado para ser m\u00e1s que un CRM:\u00a0<\/span><strong data-start=\"4111\" data-end=\"4153\"><span>un socio en la evoluci\u00f3n de su empresa<\/span><\/strong><span>\u00a0.<\/span><\/p><p class=\"\" data-start=\"4156\" data-end=\"4306\"><span>Si su organizaci\u00f3n busca eficiencia real, enfoque en resultados y una soluci\u00f3n creada por quienes realmente entienden la gesti\u00f3n, System360 es el camino correcto.<\/span><\/p>\t\t\t\t\t\t\t\t<\/div>\n\t\t\t\t<\/div>\n\t\t\t\t\t<\/div>\n\t\t\t\t<\/div>\n\t\t\t\t<section class=\"elementor-section elementor-top-section elementor-element elementor-element-4dd39b2 elementor-section-boxed elementor-section-height-default elementor-section-height-default\" data-id=\"4dd39b2\" data-element_type=\"section\" data-e-type=\"section\" data-settings=\"{&quot;background_background&quot;:&quot;classic&quot;}\">\n\t\t\t\t\t\t\t<div class=\"elementor-background-overlay\"><\/div>\n\t\t\t\t\t\t\t<div class=\"elementor-container elementor-column-gap-default\">\n\t\t\t\t\t<div class=\"elementor-column elementor-col-100 elementor-top-column elementor-element elementor-element-bfa1d2d elementor-invisible\" data-id=\"bfa1d2d\" data-element_type=\"column\" data-e-type=\"column\" data-settings=\"{&quot;animation&quot;:&quot;zoomIn&quot;}\">\n\t\t\t<div class=\"elementor-widget-wrap elementor-element-populated\">\n\t\t\t\t\t\t<div class=\"elementor-element elementor-element-1a92076 elementor-widget elementor-widget-heading\" data-id=\"1a92076\" data-element_type=\"widget\" data-e-type=\"widget\" data-widget_type=\"heading.default\">\n\t\t\t\t<div class=\"elementor-widget-container\">\n\t\t\t\t\t<h2 class=\"elementor-heading-title elementor-size-default\">Experimente o System360 CRM Gratuitamente \u2013 Sem Riscos, Sem Cart\u00e3o!<\/h2>\t\t\t\t<\/div>\n\t\t\t\t<\/div>\n\t\t\t\t<div class=\"elementor-element elementor-element-6a2144c elementor-widget elementor-widget-text-editor\" data-id=\"6a2144c\" data-element_type=\"widget\" data-e-type=\"widget\" data-widget_type=\"text-editor.default\">\n\t\t\t\t<div class=\"elementor-widget-container\">\n\t\t\t\t\t\t\t\t\t<p>Descubra todo o potencial do nosso CRM com um teste 100% gratuito.<br data-start=\"218\" data-end=\"221\" \/>Sem necessidade de cart\u00e3o de cr\u00e9dito, sem compromisso \u2013 teste com calma, explore todos os recursos e veja como o System360 pode transformar a gest\u00e3o da sua empresa antes de tomar qualquer decis\u00e3o.<\/p>\t\t\t\t\t\t\t\t<\/div>\n\t\t\t\t<\/div>\n\t\t\t\t<div class=\"elementor-element elementor-element-8a626df elementor-align-center elementor-widget elementor-widget-button\" data-id=\"8a626df\" data-element_type=\"widget\" data-e-type=\"widget\" data-widget_type=\"button.default\">\n\t\t\t\t<div class=\"elementor-widget-container\">\n\t\t\t\t\t\t\t\t\t<div class=\"elementor-button-wrapper\">\n\t\t\t\t\t<a class=\"elementor-button elementor-button-link elementor-size-md\" href=\"https:\/\/bot360.com.br\/servicos\">\n\t\t\t\t\t\t<span class=\"elementor-button-content-wrapper\">\n\t\t\t\t\t\t\t\t\t<span class=\"elementor-button-text\">testar por 14 dias<\/span>\n\t\t\t\t\t<\/span>\n\t\t\t\t\t<\/a>\n\t\t\t\t<\/div>\n\t\t\t\t\t\t\t\t<\/div>\n\t\t\t\t<\/div>\n\t\t\t\t\t<\/div>\n\t\t<\/div>\n\t\t\t\t\t<\/div>\n\t\t<\/section>\n\t\t\t\t<\/div>\n\t\t","protected":false},"excerpt":{"rendered":"<p>+25 a\u00f1os de gesti\u00f3n empresarial: La experiencia detr\u00e1s de CRM System360 En un mercado donde la tecnolog\u00eda avanza r\u00e1pidamente y la competitividad exige innovaci\u00f3n constante, contar con soluciones desarrolladas por quienes\u00a0han vivido la realidad de los negocios en la pr\u00e1ctica\u00a0hace toda la diferencia. CRM\u00a0System360\u00a0es m\u00e1s que una herramienta tecnol\u00f3gica: es el reflejo de\u00a0m\u00e1s de 25 [&hellip;]<\/p>\n","protected":false},"author":1,"featured_media":0,"parent":0,"menu_order":0,"comment_status":"closed","ping_status":"closed","template":"","meta":{"footnotes":""},"class_list":["post-597","page","type-page","status-publish","hentry"],"_links":{"self":[{"href":"https:\/\/bot360.com.br\/es\/wp-json\/wp\/v2\/pages\/597","targetHints":{"allow":["GET"]}}],"collection":[{"href":"https:\/\/bot360.com.br\/es\/wp-json\/wp\/v2\/pages"}],"about":[{"href":"https:\/\/bot360.com.br\/es\/wp-json\/wp\/v2\/types\/page"}],"author":[{"embeddable":true,"href":"https:\/\/bot360.com.br\/es\/wp-json\/wp\/v2\/users\/1"}],"replies":[{"embeddable":true,"href":"https:\/\/bot360.com.br\/es\/wp-json\/wp\/v2\/comments?post=597"}],"version-history":[{"count":6,"href":"https:\/\/bot360.com.br\/es\/wp-json\/wp\/v2\/pages\/597\/revisions"}],"predecessor-version":[{"id":919,"href":"https:\/\/bot360.com.br\/es\/wp-json\/wp\/v2\/pages\/597\/revisions\/919"}],"wp:attachment":[{"href":"https:\/\/bot360.com.br\/es\/wp-json\/wp\/v2\/media?parent=597"}],"curies":[{"name":"wp","href":"https:\/\/api.w.org\/{rel}","templated":true}]}}